{"id":16807,"date":"2022-07-27T16:26:09","date_gmt":"2022-07-27T14:26:09","guid":{"rendered":"http:\/\/amcon-eu.com\/solution-de-deshydratation-des-boues\/notre-engagement-en-faveur-de-la-qualite\/"},"modified":"2024-12-05T15:53:41","modified_gmt":"2024-12-05T14:53:41","slug":"notre-engagement-en-faveur-de-la-qualite","status":"publish","type":"page","link":"https:\/\/www.amcon-eu.com\/fr\/solutions-pour-la-deshydratation-des-boues\/notre-engagement-en-faveur-de-la-qualite\/","title":{"rendered":"Notre engagement en faveur de la qualit\u00e9"},"content":{"rendered":"<section class=\"wpb-content-wrapper\"><p>[vc_section el_class=\u00a0\u00bbborder-bottom\u00a0\u00bb][vc_row el_class=\u00a0\u00bbuk-container uk-padding-top uk-padding-bottom\u00a0\u00bb][vc_column][vc_custom_heading text=\u00a0\u00bbNotre engagement en faveur de la qualit\u00e9\u00a0\u00bb font_container=\u00a0\u00bbtag:h1|text_align:left\u00a0\u00bb use_theme_fonts=\u00a0\u00bbyes\u00a0\u00bb el_class=\u00a0\u00bbttl-h1&Prime;][vc_custom_heading text=\u00a0\u00bbNotre engagement en faveur de la qualit\u00e9 n&rsquo;a jamais chang\u00e9.<br \/>\nNotre objectif est de cr\u00e9er des produits v\u00e9ritablement orient\u00e9s vers le client.\u00a0\u00bb use_theme_fonts=\u00a0\u00bbyes\u00a0\u00bb el_class=\u00a0\u00bbttl-h2 c-green\u00a0\u00bb][vc_column_text]<strong>Nous avons d\u00e9velopp\u00e9 avec succ\u00e8s la presse de d\u00e9shydratation VOLUTE\u2122<\/strong>, ce qui n&rsquo;avait jamais \u00e9t\u00e9 fait auparavant. Notre force r\u00e9side dans le fait que nous avons <strong>d\u00e9velopp\u00e9 des presses de d\u00e9shydratation des boues<\/strong> et des <strong>\u00e9paississeurs<\/strong> et que nous les utilisons \u00e9galement. Ceci nous permet de nous rapprocher de nos clients qui traitent quotidiennement des <strong>boues<\/strong> sur site, et leur fournir ainsi des <strong>produits adapt\u00e9s \u00e0 leurs besoins.<\/strong><\/p>\n<p><strong>Nous continuerons \u00e0 nous concentrer sur la qualit\u00e9 de nos produits<\/strong> et \u00e0 nous engager dans la \u00ab monozukuri \u00bb (fabrication) pour livrer des produits qui <strong>d\u00e9passe syst\u00e9matiquement les attentes de nos clients.<\/strong>[\/vc_column_text][\/vc_column][\/vc_row][\/vc_section][vc_section el_class=\u00a0\u00bbuk-padding-large-bottom uk-padding-large-top border-bottom\u00a0\u00bb][vc_row][vc_column][vc_custom_heading text=\u00a0\u00bbGestion stricte du contr\u00f4le de la qualit\u00e9\u00a0\u00bb font_container=\u00a0\u00bbtag:h2|text_align:center\u00a0\u00bb use_theme_fonts=\u00a0\u00bbyes\u00a0\u00bb el_class=\u00a0\u00bbttl-h2-center\u00a0\u00bb][\/vc_column][\/vc_row][vc_row el_class=\u00a0\u00bbuk-container uk-margin-medium\u00a0\u00bb][vc_column][vc_column_text]<strong>Nous contr\u00f4lons strictement la qualit\u00e9<\/strong> en \u00e9tablissant un syst\u00e8me selon les r\u00e8gles de la <strong>certification ISO9001<\/strong> obtenue en 2001.<br \/>\nPar exemple, les <strong>pi\u00e8ces en forme d&rsquo;anneau<\/strong> utilis\u00e9es en grande quantit\u00e9 dans toutes nos <strong>presses de d\u00e9shydratation des boues<\/strong> peuvent sembler simples \u00e0 fabriquer. Cependant, en raison du risque de <strong>bavures<\/strong> et de <strong>d\u00e9formations<\/strong> que les machines seules ne peuvent pas \u00e9liminer compl\u00e8tement, chaque pi\u00e8ce est soumise \u00e0 une <strong>inspection minutieuse<\/strong> et est <strong>finie \u00e0 la main.<\/strong> Cela refl\u00e8te notre souci du d\u00e9tail dans la <strong>fabrication.<\/strong><\/p>\n<p><strong>Au cours du processus d&rsquo;assemblage des machines, nous effectuons au total plus de 300 inspections<\/strong>, y compris des inspections \u00e0 la r\u00e9ception des pi\u00e8ces achet\u00e9es, des inspections interm\u00e9diaires dans des processus tels que <strong>l&rsquo;assemblage<\/strong>, la <strong>tuyauterie<\/strong> et le <strong>c\u00e2blage<\/strong>, et des <strong>inspections compl\u00e8tes<\/strong> apr\u00e8s l&rsquo;assemblage. <strong>Seuls les produits qui passent tous ces contr\u00f4les sont approuv\u00e9s pour l\u2019exp\u00e9dition.<\/strong><\/p>\n<p><strong>Pour am\u00e9liorer encore la fiabilit\u00e9 de nos inspections<\/strong>, nous r\u00e9visons p\u00e9riodiquement nos m\u00e9thodes et proc\u00e9dures, tout en d\u00e9veloppant des <strong>outils et des dispositifs sp\u00e9cialis\u00e9s.<\/strong> Cela nous permet de maintenir un <strong>syst\u00e8me d&rsquo;inspection d\u00e9taill\u00e9 et fiable, sans faille.<\/strong>[\/vc_column_text][\/vc_column][\/vc_row][vc_row css=\u00a0\u00bb.vc_custom_1702469310751{background-color: #00a89d !important;}\u00a0\u00bb][vc_column css=\u00a0\u00bb.vc_custom_1702469421672{padding-top: 0px !important;}\u00a0\u00bb][vc_single_image image=\u00a0\u00bb14527&Prime; img_size=\u00a0\u00bbfull\u00a0\u00bb alignment=\u00a0\u00bbcenter\u00a0\u00bb css=\u00a0\u00bb.vc_custom_1702469467512{margin-bottom: 0px !important;padding-top: 0px !important;}\u00a0\u00bb][\/vc_column][\/vc_row][\/vc_section][vc_section el_class=\u00a0\u00bbuk-padding-large-top border-bottom\u00a0\u00bb][vc_row][vc_column][vc_custom_heading text=\u00a0\u00bbLe service apr\u00e8s-vente, partie int\u00e9grante de la qualit\u00e9 des produits\u00a0\u00bb font_container=\u00a0\u00bbtag:h2|text_align:center\u00a0\u00bb use_theme_fonts=\u00a0\u00bbyes\u00a0\u00bb el_class=\u00a0\u00bbttl-h2-center\u00a0\u00bb][\/vc_column][\/vc_row][vc_row el_class=\u00a0\u00bbuk-container uk-margin-medium\u00a0\u00bb][vc_column][vc_column_text]<strong>Bien que nos machines soient con\u00e7ues<\/strong> en mettant l&rsquo;accent sur la <strong>s\u00e9curit\u00e9<\/strong>, les <strong>performances<\/strong> et la <strong>facilit\u00e9 d&rsquo;entretien<\/strong> afin que les clients puissent les utiliser le plus longtemps possible, il ne s&rsquo;agit pas de syst\u00e8mes sans entretien. Un <strong>entretien r\u00e9gulier<\/strong> et le <strong>remplacement des pi\u00e8ces<\/strong> sont indispensables.<\/p>\n<p>En outre, comme ces machines d\u00e9shydratent des <strong>eaux us\u00e9es<\/strong> ou des <strong>boues<\/strong>, aucune <strong>conception universelle<\/strong> ne peut traiter toutes les substances. La machine n\u00e9cessite des <strong>r\u00e9glages op\u00e9rationnels adapt\u00e9s<\/strong> aux conditions du site \u00e0 ce moment-l\u00e0 et, dans certains cas, il peut \u00eatre n\u00e9cessaire de <strong>personnaliser la machine<\/strong> apr\u00e8s sa livraison. <strong>Notre service ne s&rsquo;arr\u00eate pas \u00e0 la vente du produit.<\/strong> Nos <strong>ing\u00e9nieurs de service experts<\/strong> effectuent des travaux de <strong>maintenance<\/strong>, voient et entendent ce qui se passe sur le site, r\u00e9fl\u00e9chissent \u00e0 la <strong>meilleure solution<\/strong> pour le client et font des propositions.<\/p>\n<p><strong>Avec des d\u00e9cennies d\u2019exp\u00e9rience dans la d\u00e9shydratation des boues<\/strong> et la <strong>maintenance pratique<\/strong> aux c\u00f4t\u00e9s de nos clients, nous sommes particuli\u00e8rement bien plac\u00e9s pour offrir un <strong><a href=\"\/fr\/garantie-et-services-apres-vente\/\">support apr\u00e8s-vente complet<\/a>.<\/strong>[\/vc_column_text][\/vc_column][\/vc_row][vc_row css=\u00a0\u00bb.vc_custom_1702469310751{background-color: #00a89d !important;}\u00a0\u00bb][vc_column css=\u00a0\u00bb.vc_custom_1702469421672{padding-top: 0px !important;}\u00a0\u00bb][vc_single_image image=\u00a0\u00bb19080&Prime; img_size=\u00a0\u00bbfull\u00a0\u00bb alignment=\u00a0\u00bbcenter\u00a0\u00bb css=\u00a0\u00bb.vc_custom_1733410264661{margin-bottom: 0px !important;padding-top: 0px !important;}\u00a0\u00bb][\/vc_column][\/vc_row][\/vc_section]<\/p>\n<\/section>","protected":false},"excerpt":{"rendered":"<p>[vc_section el_class=\u00a0\u00bbborder-bottom\u00a0\u00bb][vc_row el_class=\u00a0\u00bbuk-container uk-padding-top uk-padding-bottom\u00a0\u00bb][vc_column][vc_custom_heading text=\u00a0\u00bbNotre engagement en faveur de la qualit\u00e9\u00a0\u00bb font_container=\u00a0\u00bbtag:h1|text_align:left\u00a0\u00bb use_theme_fonts=\u00a0\u00bbyes\u00a0\u00bb el_class=\u00a0\u00bbttl-h1&Prime;][vc_custom_heading text=\u00a0\u00bbNotre engagement en faveur de la qualit\u00e9 n&rsquo;a jamais chang\u00e9. Notre objectif est de cr\u00e9er des produits v\u00e9ritablement orient\u00e9s vers le client.\u00a0\u00bb use_theme_fonts=\u00a0\u00bbyes\u00a0\u00bb el_class=\u00a0\u00bbttl-h2 c-green\u00a0\u00bb][vc_column_text]Nous avons d\u00e9velopp\u00e9 avec succ\u00e8s la presse de d\u00e9shydratation VOLUTE\u2122, ce qui n&rsquo;avait jamais \u00e9t\u00e9 fait auparavant. Notre force r\u00e9side dans le fait que nous avons d\u00e9velopp\u00e9 des presses de d\u00e9shydratation des boues et des \u00e9paississeurs et que nous les utilisons \u00e9galement. Ceci nous permet de nous rapprocher de nos clients qui traitent quotidiennement des boues sur site, et leur fournir ainsi des produits adapt\u00e9s \u00e0 leurs besoins. Nous continuerons \u00e0 <a href=\"https:\/\/www.amcon-eu.com\/fr\/solutions-pour-la-deshydratation-des-boues\/notre-engagement-en-faveur-de-la-qualite\/\" class=\"more-link\">&#8230;<span class=\"screen-reader-text\">  Notre engagement en faveur de la qualit\u00e9<\/span><\/a><\/p>\n","protected":false},"author":1,"featured_media":0,"parent":21852,"menu_order":12,"comment_status":"closed","ping_status":"closed","template":"","meta":{"_acf_changed":false,"inline_featured_image":false,"footnotes":""},"class_list":["post-16807","page","type-page","status-publish","hentry"],"acf":[],"yoast_head":"<!-- This site is optimized with the Yoast SEO plugin v26.5 - https:\/\/yoast.com\/wordpress\/plugins\/seo\/ -->\n<title>Notre engagement en faveur de la qualit\u00e9 | AMCON Europe<\/title>\n<meta name=\"description\" content=\"Notre objectif est de cr\u00e9er des produits v\u00e9ritablement orient\u00e9s vers le client. Nous continuerons \u00e0 nous concentrer sur la qualit\u00e9 pour ne jamais d\u00e9cevoir nos clients.\" \/>\n<meta name=\"robots\" content=\"index, follow, max-snippet:-1, max-image-preview:large, max-video-preview:-1\" \/>\n<link rel=\"canonical\" href=\"https:\/\/www.amcon-eu.com\/fr\/solutions-pour-la-deshydratation-des-boues\/notre-engagement-en-faveur-de-la-qualite\/\" \/>\n<meta property=\"og:locale\" content=\"fr_FR\" \/>\n<meta property=\"og:type\" content=\"article\" \/>\n<meta property=\"og:title\" content=\"Notre engagement en faveur de la qualit\u00e9 | AMCON Europe\" \/>\n<meta property=\"og:description\" content=\"Notre objectif est de cr\u00e9er des produits v\u00e9ritablement orient\u00e9s vers le client. Nous continuerons \u00e0 nous concentrer sur la qualit\u00e9 pour ne jamais d\u00e9cevoir nos clients.\" \/>\n<meta property=\"og:url\" content=\"https:\/\/www.amcon-eu.com\/fr\/solutions-pour-la-deshydratation-des-boues\/notre-engagement-en-faveur-de-la-qualite\/\" \/>\n<meta property=\"og:site_name\" content=\"AMCON Europe\" \/>\n<meta property=\"article:publisher\" content=\"https:\/\/www.facebook.com\/AMCON.Europe.sro\" \/>\n<meta property=\"article:modified_time\" content=\"2024-12-05T14:53:41+00:00\" \/>\n<meta property=\"og:image\" content=\"https:\/\/www.amcon-eu.com\/wp-content\/uploads\/2025\/06\/AMCON-Europe_site-image.png\" \/>\n\t<meta property=\"og:image:width\" content=\"1200\" \/>\n\t<meta property=\"og:image:height\" content=\"675\" \/>\n\t<meta property=\"og:image:type\" content=\"image\/png\" \/>\n<meta name=\"twitter:card\" content=\"summary_large_image\" \/>\n<meta name=\"twitter:label1\" content=\"Dur\u00e9e de lecture estim\u00e9e\" \/>\n\t<meta name=\"twitter:data1\" content=\"3 minutes\" \/>\n<script type=\"application\/ld+json\" class=\"yoast-schema-graph\">{\"@context\":\"https:\/\/schema.org\",\"@graph\":[{\"@type\":\"WebPage\",\"@id\":\"https:\/\/www.amcon-eu.com\/fr\/solutions-pour-la-deshydratation-des-boues\/notre-engagement-en-faveur-de-la-qualite\/\",\"url\":\"https:\/\/www.amcon-eu.com\/fr\/solutions-pour-la-deshydratation-des-boues\/notre-engagement-en-faveur-de-la-qualite\/\",\"name\":\"Notre engagement en faveur de la qualit\u00e9 | AMCON Europe\",\"isPartOf\":{\"@id\":\"https:\/\/www.amcon-eu.com\/fr\/#website\"},\"datePublished\":\"2022-07-27T14:26:09+00:00\",\"dateModified\":\"2024-12-05T14:53:41+00:00\",\"description\":\"Notre objectif est de cr\u00e9er des produits v\u00e9ritablement orient\u00e9s vers le client. Nous continuerons \u00e0 nous concentrer sur la qualit\u00e9 pour ne jamais d\u00e9cevoir nos clients.\",\"breadcrumb\":{\"@id\":\"https:\/\/www.amcon-eu.com\/fr\/solutions-pour-la-deshydratation-des-boues\/notre-engagement-en-faveur-de-la-qualite\/#breadcrumb\"},\"inLanguage\":\"fr-FR\",\"potentialAction\":[{\"@type\":\"ReadAction\",\"target\":[\"https:\/\/www.amcon-eu.com\/fr\/solutions-pour-la-deshydratation-des-boues\/notre-engagement-en-faveur-de-la-qualite\/\"]}]},{\"@type\":\"BreadcrumbList\",\"@id\":\"https:\/\/www.amcon-eu.com\/fr\/solutions-pour-la-deshydratation-des-boues\/notre-engagement-en-faveur-de-la-qualite\/#breadcrumb\",\"itemListElement\":[{\"@type\":\"ListItem\",\"position\":1,\"name\":\"\u30db\u30fc\u30e0\",\"item\":\"https:\/\/www.amcon-eu.com\/fr\/\"},{\"@type\":\"ListItem\",\"position\":2,\"name\":\"Solutions pour la d\u00e9shydratation des boues\",\"item\":\"https:\/\/www.amcon-eu.com\/fr\/sludge-dewatering-solutions\/\"},{\"@type\":\"ListItem\",\"position\":3,\"name\":\"Notre engagement en faveur de la qualit\u00e9\"}]},{\"@type\":\"WebSite\",\"@id\":\"https:\/\/www.amcon-eu.com\/fr\/#website\",\"url\":\"https:\/\/www.amcon-eu.com\/fr\/\",\"name\":\"AMCON Europe\",\"description\":\"D\u00e9shydratation simple et efficace des boues\",\"potentialAction\":[{\"@type\":\"SearchAction\",\"target\":{\"@type\":\"EntryPoint\",\"urlTemplate\":\"https:\/\/www.amcon-eu.com\/fr\/?s={search_term_string}\"},\"query-input\":{\"@type\":\"PropertyValueSpecification\",\"valueRequired\":true,\"valueName\":\"search_term_string\"}}],\"inLanguage\":\"fr-FR\"}]}<\/script>\n<!-- \/ Yoast SEO plugin. -->","yoast_head_json":{"title":"Notre engagement en faveur de la qualit\u00e9 | AMCON Europe","description":"Notre objectif est de cr\u00e9er des produits v\u00e9ritablement orient\u00e9s vers le client. Nous continuerons \u00e0 nous concentrer sur la qualit\u00e9 pour ne jamais d\u00e9cevoir nos clients.","robots":{"index":"index","follow":"follow","max-snippet":"max-snippet:-1","max-image-preview":"max-image-preview:large","max-video-preview":"max-video-preview:-1"},"canonical":"https:\/\/www.amcon-eu.com\/fr\/solutions-pour-la-deshydratation-des-boues\/notre-engagement-en-faveur-de-la-qualite\/","og_locale":"fr_FR","og_type":"article","og_title":"Notre engagement en faveur de la qualit\u00e9 | AMCON Europe","og_description":"Notre objectif est de cr\u00e9er des produits v\u00e9ritablement orient\u00e9s vers le client. Nous continuerons \u00e0 nous concentrer sur la qualit\u00e9 pour ne jamais d\u00e9cevoir nos clients.","og_url":"https:\/\/www.amcon-eu.com\/fr\/solutions-pour-la-deshydratation-des-boues\/notre-engagement-en-faveur-de-la-qualite\/","og_site_name":"AMCON Europe","article_publisher":"https:\/\/www.facebook.com\/AMCON.Europe.sro","article_modified_time":"2024-12-05T14:53:41+00:00","og_image":[{"width":1200,"height":675,"url":"https:\/\/www.amcon-eu.com\/wp-content\/uploads\/2025\/06\/AMCON-Europe_site-image.png","type":"image\/png"}],"twitter_card":"summary_large_image","twitter_misc":{"Dur\u00e9e de lecture estim\u00e9e":"3 minutes"},"schema":{"@context":"https:\/\/schema.org","@graph":[{"@type":"WebPage","@id":"https:\/\/www.amcon-eu.com\/fr\/solutions-pour-la-deshydratation-des-boues\/notre-engagement-en-faveur-de-la-qualite\/","url":"https:\/\/www.amcon-eu.com\/fr\/solutions-pour-la-deshydratation-des-boues\/notre-engagement-en-faveur-de-la-qualite\/","name":"Notre engagement en faveur de la qualit\u00e9 | AMCON Europe","isPartOf":{"@id":"https:\/\/www.amcon-eu.com\/fr\/#website"},"datePublished":"2022-07-27T14:26:09+00:00","dateModified":"2024-12-05T14:53:41+00:00","description":"Notre objectif est de cr\u00e9er des produits v\u00e9ritablement orient\u00e9s vers le client. Nous continuerons \u00e0 nous concentrer sur la qualit\u00e9 pour ne jamais d\u00e9cevoir nos clients.","breadcrumb":{"@id":"https:\/\/www.amcon-eu.com\/fr\/solutions-pour-la-deshydratation-des-boues\/notre-engagement-en-faveur-de-la-qualite\/#breadcrumb"},"inLanguage":"fr-FR","potentialAction":[{"@type":"ReadAction","target":["https:\/\/www.amcon-eu.com\/fr\/solutions-pour-la-deshydratation-des-boues\/notre-engagement-en-faveur-de-la-qualite\/"]}]},{"@type":"BreadcrumbList","@id":"https:\/\/www.amcon-eu.com\/fr\/solutions-pour-la-deshydratation-des-boues\/notre-engagement-en-faveur-de-la-qualite\/#breadcrumb","itemListElement":[{"@type":"ListItem","position":1,"name":"\u30db\u30fc\u30e0","item":"https:\/\/www.amcon-eu.com\/fr\/"},{"@type":"ListItem","position":2,"name":"Solutions pour la d\u00e9shydratation des boues","item":"https:\/\/www.amcon-eu.com\/fr\/sludge-dewatering-solutions\/"},{"@type":"ListItem","position":3,"name":"Notre engagement en faveur de la qualit\u00e9"}]},{"@type":"WebSite","@id":"https:\/\/www.amcon-eu.com\/fr\/#website","url":"https:\/\/www.amcon-eu.com\/fr\/","name":"AMCON Europe","description":"D\u00e9shydratation simple et efficace des boues","potentialAction":[{"@type":"SearchAction","target":{"@type":"EntryPoint","urlTemplate":"https:\/\/www.amcon-eu.com\/fr\/?s={search_term_string}"},"query-input":{"@type":"PropertyValueSpecification","valueRequired":true,"valueName":"search_term_string"}}],"inLanguage":"fr-FR"}]}},"_links":{"self":[{"href":"https:\/\/www.amcon-eu.com\/fr\/wp-json\/wp\/v2\/pages\/16807","targetHints":{"allow":["GET"]}}],"collection":[{"href":"https:\/\/www.amcon-eu.com\/fr\/wp-json\/wp\/v2\/pages"}],"about":[{"href":"https:\/\/www.amcon-eu.com\/fr\/wp-json\/wp\/v2\/types\/page"}],"author":[{"embeddable":true,"href":"https:\/\/www.amcon-eu.com\/fr\/wp-json\/wp\/v2\/users\/1"}],"replies":[{"embeddable":true,"href":"https:\/\/www.amcon-eu.com\/fr\/wp-json\/wp\/v2\/comments?post=16807"}],"version-history":[{"count":10,"href":"https:\/\/www.amcon-eu.com\/fr\/wp-json\/wp\/v2\/pages\/16807\/revisions"}],"predecessor-version":[{"id":19086,"href":"https:\/\/www.amcon-eu.com\/fr\/wp-json\/wp\/v2\/pages\/16807\/revisions\/19086"}],"up":[{"embeddable":true,"href":"https:\/\/www.amcon-eu.com\/fr\/wp-json\/wp\/v2\/pages\/21852"}],"wp:attachment":[{"href":"https:\/\/www.amcon-eu.com\/fr\/wp-json\/wp\/v2\/media?parent=16807"}],"curies":[{"name":"wp","href":"https:\/\/api.w.org\/{rel}","templated":true}]}}