{"id":13221,"date":"2023-09-15T15:22:37","date_gmt":"2023-09-15T13:22:37","guid":{"rendered":"http:\/\/amcon-eu.com\/telecharger-la-brochure\/"},"modified":"2025-11-06T14:33:00","modified_gmt":"2025-11-06T13:33:00","slug":"telecharger-la-brochure","status":"publish","type":"page","link":"https:\/\/www.amcon-eu.com\/fr\/telecharger-la-brochure\/","title":{"rendered":"T\u00e9l\u00e9charger la brochure"},"content":{"rendered":"<section class=\"wpb-content-wrapper\"><p>[vc_row][vc_column][vc_column_text]S\u00e9lectionnez la brochure que vous souhaitez t\u00e9l\u00e9charger, compl\u00e9tez vos informations dans le champ de saisie en bas de la page et cliquez sur le bouton \u00ab DEMANDER \u00c0 T\u00c9L\u00c9CHARGER LA BROCHURE \u00bb.[\/vc_column_text]\n<div class=\"wpcf7 no-js\" id=\"wpcf7-f13225-o1\" lang=\"fr-FR\" dir=\"ltr\" data-wpcf7-id=\"13225\">\n<div class=\"screen-reader-response\"><p role=\"status\" aria-live=\"polite\" aria-atomic=\"true\"><\/p> <ul><\/ul><\/div>\n<form action=\"\/fr\/wp-json\/wp\/v2\/pages\/13221#wpcf7-f13225-o1\" method=\"post\" class=\"wpcf7-form init\" aria-label=\"Formulaire de contact\" novalidate=\"novalidate\" data-status=\"init\">\n<div style=\"display: none;\">\n<input type=\"hidden\" name=\"_wpcf7\" value=\"13225\" \/>\n<input type=\"hidden\" name=\"_wpcf7_version\" value=\"6.0.1\" \/>\n<input type=\"hidden\" name=\"_wpcf7_locale\" value=\"fr_FR\" \/>\n<input type=\"hidden\" name=\"_wpcf7_unit_tag\" value=\"wpcf7-f13225-o1\" \/>\n<input type=\"hidden\" name=\"_wpcf7_container_post\" value=\"0\" \/>\n<input type=\"hidden\" name=\"_wpcf7_posted_data_hash\" value=\"\" \/>\n<input type=\"hidden\" name=\"_wpcf7cf_hidden_group_fields\" value=\"[]\" \/>\n<input type=\"hidden\" name=\"_wpcf7cf_hidden_groups\" value=\"[]\" \/>\n<input type=\"hidden\" name=\"_wpcf7cf_visible_groups\" value=\"[]\" \/>\n<input type=\"hidden\" name=\"_wpcf7cf_repeaters\" value=\"[]\" \/>\n<input type=\"hidden\" name=\"_wpcf7cf_steps\" value=\"{}\" \/>\n<input type=\"hidden\" name=\"_wpcf7cf_options\" value=\"{&quot;form_id&quot;:13225,&quot;conditions&quot;:[{&quot;then_field&quot;:&quot;file-download-group-1&quot;,&quot;and_rules&quot;:[{&quot;if_field&quot;:&quot;brochure-checkbox&quot;,&quot;operator&quot;:&quot;not empty&quot;,&quot;if_value&quot;:&quot;&quot;}]},{&quot;then_field&quot;:&quot;file-download-group-2&quot;,&quot;and_rules&quot;:[{&quot;if_field&quot;:&quot;-1&quot;,&quot;operator&quot;:&quot;not empty&quot;,&quot;if_value&quot;:&quot;&quot;}]},{&quot;then_field&quot;:&quot;file-download-group-3&quot;,&quot;and_rules&quot;:[{&quot;if_field&quot;:&quot;-1&quot;,&quot;operator&quot;:&quot;not empty&quot;,&quot;if_value&quot;:&quot;&quot;}]}],&quot;settings&quot;:{&quot;animation&quot;:&quot;yes&quot;,&quot;animation_intime&quot;:200,&quot;animation_outtime&quot;:200,&quot;conditions_ui&quot;:&quot;normal&quot;,&quot;notice_dismissed&quot;:false}}\" \/>\n<input type=\"hidden\" name=\"_wpcf7_recaptcha_response\" value=\"\" \/>\n<\/div>\n<div class=\"vc_row wpb_row vc_row-fluid\">\n\t<div class=\"wpb_column vc_column_container vc_col-sm-12\">\n\t\t<div class=\"vc_column-inner \">\n\t\t\t<div class=\"wpb_wrapper\">\n\t\t\t\t<div name=\"catalog_checkbox\" class=\"catalog_checkbox\" id=\"catalog_checkbox001\">\n\t\t\t\t\t<p><span class=\"wpcf7-form-control-wrap\" data-name=\"brochure-checkbox\"><span class=\"wpcf7-form-control wpcf7-checkbox\" id=\"brochure-checkbox\"><span class=\"wpcf7-list-item first last\"><label><input type=\"checkbox\" name=\"brochure-checkbox[]\" value=\"T\u00e9l\u00e9charger cette brochure\" checked=\"checked\" \/><span class=\"wpcf7-list-item-label\">T\u00e9l\u00e9charger cette brochure<\/span><\/label><\/span><\/span><\/span>\n\t\t\t\t\t<\/p>\n\t\t\t\t\t<div class=\"flex\">\n\t\t\t\t\t\t<p><img decoding=\"async\" class=\"img_catalog001\" src=\"\/wp-content\/uploads\/2025\/03\/catalog001b.jpg\" alt=\"\" \/>\n\t\t\t\t\t\t<\/p>\n\t\t\t\t\t\t<div class=\"textbox\">\n\t\t\t\t\t\t\t<h3>Solutions de d\u00e9shydratation des boues \u2013 Catalogue produits\n\t\t\t\t\t\t\t<\/h3>\n\t\t\t\t\t\t\t<h4>Contents\n\t\t\t\t\t\t\t<\/h4>\n\t\t\t\t\t\t\t<p>Philosophie d'AMCON, \u00e9volution de la VOLUTE\u2122, principales caract\u00e9ristiques et avantages<br \/>\nVOLUTE\u2122 et VOLUTE DUO\u2122, gamme de mod\u00e8les, flux de processus, solutions de d\u00e9shydratation et d'\u00e9paississement<br \/>\nSyst\u00e8mes de pr\u00e9paration de polym\u00e8res, produits chimiques YESfloc\u00ae, m\u00e9langeurs dynamiques et statiques en ligne, capteurs de concentration, convoyeurs, solutions de location, r\u00e9f\u00e9rences\n\t\t\t\t\t\t\t<\/p>\n\t\t\t\t\t\t<\/div>\n\t\t\t\t\t<\/div>\n\t\t\t\t<\/div><!--brochure checkbox-->\n\t\t\t<\/div>\n\t\t<\/div>\n\t<\/div>\n<\/div>\n<div class=\"vc_row wpb_row vc_row-fluid\">\n\t<div class=\"wpb_column vc_column_container vc_col-sm-6\">\n\t\t<div class=\"vc_column-inner \">\n\t\t\t<div class=\"wpb_wrapper\">\n\t\t\t\t<p><label> Nom * <span class=\"wpcf7-form-control-wrap\" data-name=\"your-name\"><input size=\"40\" maxlength=\"400\" class=\"wpcf7-form-control wpcf7-text wpcf7-validates-as-required\" aria-required=\"true\" aria-invalid=\"false\" value=\"\" type=\"text\" name=\"your-name\" \/><\/span> <\/label><br \/>\n<label> E-mail * <span class=\"wpcf7-form-control-wrap\" data-name=\"your-email\"><input size=\"40\" maxlength=\"400\" class=\"wpcf7-form-control wpcf7-email wpcf7-validates-as-required wpcf7-text wpcf7-validates-as-email\" aria-required=\"true\" aria-invalid=\"false\" value=\"\" type=\"email\" name=\"your-email\" \/><\/span> <\/label><br \/>\n<label> T\u00e9l\u00e9phone * <span class=\"wpcf7-form-control-wrap\" data-name=\"phone\"><input size=\"40\" maxlength=\"400\" class=\"wpcf7-form-control wpcf7-tel wpcf7-validates-as-required wpcf7-text wpcf7-validates-as-tel\" aria-required=\"true\" aria-invalid=\"false\" value=\"\" type=\"tel\" name=\"phone\" \/><\/span> <\/label>\n\t\t\t\t<\/p>\n\t\t\t\t<div data-id=\"file-download-group-1\" data-orig_data_id=\"file-download-group-1\"  data-class=\"wpcf7cf_group\">\n\t\t\t\t<input class=\"wpcf7-form-control wpcf7-hidden\" value=\"Solutions de d\u00e9shydratation des boues \u2013 Catalogue produits\" type=\"hidden\" name=\"brochure-id-1\" \/>\n\t\t\t\t<\/div>\n\t\t\t\t<div data-id=\"file-download-group-2\" data-orig_data_id=\"file-download-group-2\"  data-class=\"wpcf7cf_group\">\n\t\t\t\t<input class=\"wpcf7-form-control wpcf7-hidden\" value=\"brochure 2\" type=\"hidden\" name=\"brochure-id-2\" \/>\n\t\t\t\t<\/div>\n\t\t\t\t<div data-id=\"file-download-group-3\" data-orig_data_id=\"file-download-group-3\"  data-class=\"wpcf7cf_group\">\n\t\t\t\t<input class=\"wpcf7-form-control wpcf7-hidden\" value=\"brochure 3\" type=\"hidden\" name=\"brochure-id-3\" \/>\n\t\t\t\t<\/div>\n\t\t\t<\/div>\n\t\t<\/div>\n\t<\/div>\n\t<div class=\"wpb_column vc_column_container vc_col-sm-6\">\n\t\t<div class=\"vc_column-inner \">\n\t\t\t<div class=\"wpb_wrapper\">\n\t\t\t\t<p><label> Nom de l'entreprise * <span class=\"wpcf7-form-control-wrap\" data-name=\"company\"><input size=\"40\" maxlength=\"400\" class=\"wpcf7-form-control wpcf7-text wpcf7-validates-as-required\" aria-required=\"true\" aria-invalid=\"false\" value=\"\" type=\"text\" name=\"company\" \/><\/span> <\/label><br \/>\n<label> Pays * <span class=\"wpcf7-form-control-wrap\" data-name=\"menu-813\"><select class=\"wpcf7-form-control wpcf7-select wpcf7-validates-as-required\" aria-required=\"true\" aria-invalid=\"false\" name=\"menu-813\"><option value=\"\">&#8212;Veuillez choisir une option&#8212;<\/option><option value=\"France\">France<\/option><option value=\"Belgique\">Belgique<\/option><option value=\"Luxembourg\">Luxembourg<\/option><option value=\"Suisse\">Suisse<\/option><option value=\"-----\">-----<\/option><option value=\"Afrique du Sud\">Afrique du Sud<\/option><option value=\"Albanie\">Albanie<\/option><option value=\"Allemagne\">Allemagne<\/option><option value=\"Alg\u00e9rie\">Alg\u00e9rie<\/option><option value=\"Autriche\">Autriche<\/option><option value=\"Azerba\u00efdjan\">Azerba\u00efdjan<\/option><option value=\"Bi\u00e9lorussie\">Bi\u00e9lorussie<\/option><option value=\"Bosnie-Herz\u00e9govine\">Bosnie-Herz\u00e9govine<\/option><option value=\"Bulgarie\">Bulgarie<\/option><option value=\"Croatie\">Croatie<\/option><option value=\"Danemark\">Danemark<\/option><option value=\"\u00c9gypte\">\u00c9gypte<\/option><option value=\"Estonie\">Estonie<\/option><option value=\"Espagne\">Espagne<\/option><option value=\"Finlande\">Finlande<\/option><option value=\"G\u00e9orgie\">G\u00e9orgie<\/option><option value=\"Gr\u00e8ce\">Gr\u00e8ce<\/option><option value=\"Hongrie\">Hongrie<\/option><option value=\"Irlande\">Irlande<\/option><option value=\"Isra\u00ebl\">Isra\u00ebl<\/option><option value=\"Italie\">Italie<\/option><option value=\"Kazakhstan\">Kazakhstan<\/option><option value=\"Lettonie\">Lettonie<\/option><option value=\"Lituanie\">Lituanie<\/option><option value=\"Libye\">Libye<\/option><option value=\"Mac\u00e9doine du Nord\">Mac\u00e9doine du Nord<\/option><option value=\"Maroc\">Maroc<\/option><option value=\"Moldavie\">Moldavie<\/option><option value=\"Mont\u00e9n\u00e9gro\">Mont\u00e9n\u00e9gro<\/option><option value=\"Norv\u00e8ge\">Norv\u00e8ge<\/option><option value=\"Pays-Bas\">Pays-Bas<\/option><option value=\"Pologne\">Pologne<\/option><option value=\"Portugal\">Portugal<\/option><option value=\"R\u00e9publique tch\u00e8que\">R\u00e9publique tch\u00e8que<\/option><option value=\"Roumanie\">Roumanie<\/option><option value=\"Royaume-Uni\">Royaume-Uni<\/option><option value=\"Serbie\">Serbie<\/option><option value=\"Slovaquie\">Slovaquie<\/option><option value=\"Slov\u00e9nie\">Slov\u00e9nie<\/option><option value=\"Su\u00e8de\">Su\u00e8de<\/option><option value=\"Tunisie\">Tunisie<\/option><option value=\"Turquie\">Turquie<\/option><option value=\"Ukraine\">Ukraine<\/option><option value=\"Ouzb\u00e9kistan\">Ouzb\u00e9kistan<\/option><\/select><\/span><\/label>\n\t\t\t\t<\/p>\n\t\t\t<\/div>\n\t\t<\/div>\n\t<\/div>\n<\/div>\n<div class=\"vc_row wpb_row vc_row-fluid\">\n\t<div class=\"wpb_column vc_column_container vc_col-sm-12\">\n\t\t<div class=\"vc_column-inner \">\n\t\t\t<div class=\"wpb_wrapper\">\n\t\t\t\t<p><span class=\"wpcf7-form-control-wrap\" data-name=\"user-agreement-checkbox\"><span class=\"wpcf7-form-control wpcf7-checkbox wpcf7-validates-as-required user-agreement\"><span class=\"wpcf7-list-item first last\"><label><input type=\"checkbox\" name=\"user-agreement-checkbox[]\" value=\"J&#039;accepte de recevoir la (les) brochure(s) s\u00e9lectionn\u00e9e(s) par courrier \u00e9lectronique et j&#039;accepte la politique de confidentialit\u00e9. *\" \/><span class=\"wpcf7-list-item-label\">J&#039;accepte de recevoir la (les) brochure(s) s\u00e9lectionn\u00e9e(s) par courrier \u00e9lectronique et j&#039;accepte la politique de confidentialit\u00e9. *<\/span><\/label><\/span><\/span><\/span>\n\t\t\t\t<\/p>\n\t\t\t\t<p class=\"note\">* Lire notre <a href=\"\/cs\/zasady-ochrany-osobnich-udaju\/\" target=\"_blank\">politique de confidentialit\u00e9<\/a>.\n\t\t\t\t<\/p>\n\t\t\t\t<p><input class=\"wpcf7-form-control wpcf7-submit has-spinner\" type=\"submit\" value=\"DEMANDER \u00c0 T\u00c9L\u00c9CHARGER LA BROCHURE\" \/>\n\t\t\t\t<\/p>\n\t\t\t<\/div>\n\t\t<\/div>\n\t<\/div>\n<\/div><div class=\"wpcf7-response-output\" aria-hidden=\"true\"><\/div>\n<\/form>\n<\/div>\n[\/vc_column][\/vc_row]<\/p>\n<\/section>","protected":false},"excerpt":{"rendered":"<p>[vc_row][vc_column][vc_column_text]S\u00e9lectionnez la brochure que vous souhaitez t\u00e9l\u00e9charger, compl\u00e9tez vos informations dans le champ de saisie en bas de la page et cliquez sur le bouton \u00ab DEMANDER \u00c0 T\u00c9L\u00c9CHARGER LA BROCHURE \u00bb.[\/vc_column_text][\/vc_column][\/vc_row]<\/p>\n","protected":false},"author":9,"featured_media":0,"parent":0,"menu_order":0,"comment_status":"closed","ping_status":"closed","template":"page-boxed-layout.php","meta":{"_acf_changed":false,"inline_featured_image":false,"footnotes":""},"class_list":["post-13221","page","type-page","status-publish","hentry"],"acf":[],"yoast_head":"<!-- This site is optimized with the Yoast SEO plugin v26.5 - https:\/\/yoast.com\/wordpress\/plugins\/seo\/ -->\n<title>T\u00e9l\u00e9charger la brochure | AMCON Europe<\/title>\n<meta name=\"description\" content=\"T\u00e9l\u00e9chargez les brochures pour la presse de d\u00e9shydratation VOLUTE DUO\u2122, la presse de d\u00e9shydratation VOLUTE\u2122 et les m\u00e9langeurs dynamiques et statiques en ligne. S\u00e9lectionnez la brochure souhait\u00e9e, remplissez vos coordonn\u00e9es et confirmez pour acc\u00e9der aux derni\u00e8res informations sur les technologies avanc\u00e9es de d\u00e9shydratation des boues, les gammes de diff\u00e9rents produits et les processus des flux.\" \/>\n<meta name=\"robots\" content=\"index, follow, max-snippet:-1, max-image-preview:large, max-video-preview:-1\" \/>\n<link rel=\"canonical\" href=\"https:\/\/www.amcon-eu.com\/fr\/telecharger-la-brochure\/\" \/>\n<meta property=\"og:locale\" content=\"fr_FR\" \/>\n<meta property=\"og:type\" content=\"article\" \/>\n<meta property=\"og:title\" content=\"T\u00e9l\u00e9charger la brochure | AMCON Europe\" \/>\n<meta property=\"og:description\" content=\"T\u00e9l\u00e9chargez les brochures pour la presse de d\u00e9shydratation VOLUTE DUO\u2122, la presse de d\u00e9shydratation VOLUTE\u2122 et les m\u00e9langeurs dynamiques et statiques en ligne. S\u00e9lectionnez la brochure souhait\u00e9e, remplissez vos coordonn\u00e9es et confirmez pour acc\u00e9der aux derni\u00e8res informations sur les technologies avanc\u00e9es de d\u00e9shydratation des boues, les gammes de diff\u00e9rents produits et les processus des flux.\" \/>\n<meta property=\"og:url\" content=\"https:\/\/www.amcon-eu.com\/fr\/telecharger-la-brochure\/\" \/>\n<meta property=\"og:site_name\" content=\"AMCON Europe\" \/>\n<meta property=\"article:publisher\" content=\"https:\/\/www.facebook.com\/AMCON.Europe.sro\" \/>\n<meta property=\"article:modified_time\" content=\"2025-11-06T13:33:00+00:00\" \/>\n<meta property=\"og:image\" content=\"https:\/\/www.amcon-eu.com\/wp-content\/uploads\/2025\/06\/AMCON-Europe_site-image.png\" \/>\n\t<meta property=\"og:image:width\" content=\"1200\" \/>\n\t<meta property=\"og:image:height\" content=\"675\" \/>\n\t<meta property=\"og:image:type\" content=\"image\/png\" \/>\n<meta name=\"twitter:card\" content=\"summary_large_image\" \/>\n<meta name=\"twitter:label1\" content=\"Dur\u00e9e de lecture estim\u00e9e\" \/>\n\t<meta name=\"twitter:data1\" content=\"1 minute\" \/>\n<script type=\"application\/ld+json\" class=\"yoast-schema-graph\">{\"@context\":\"https:\/\/schema.org\",\"@graph\":[{\"@type\":\"WebPage\",\"@id\":\"https:\/\/www.amcon-eu.com\/fr\/telecharger-la-brochure\/\",\"url\":\"https:\/\/www.amcon-eu.com\/fr\/telecharger-la-brochure\/\",\"name\":\"T\u00e9l\u00e9charger la brochure | AMCON Europe\",\"isPartOf\":{\"@id\":\"https:\/\/www.amcon-eu.com\/fr\/#website\"},\"datePublished\":\"2023-09-15T13:22:37+00:00\",\"dateModified\":\"2025-11-06T13:33:00+00:00\",\"description\":\"T\u00e9l\u00e9chargez les brochures pour la presse de d\u00e9shydratation VOLUTE DUO\u2122, la presse de d\u00e9shydratation VOLUTE\u2122 et les m\u00e9langeurs dynamiques et statiques en ligne. S\u00e9lectionnez la brochure souhait\u00e9e, remplissez vos coordonn\u00e9es et confirmez pour acc\u00e9der aux derni\u00e8res informations sur les technologies avanc\u00e9es de d\u00e9shydratation des boues, les gammes de diff\u00e9rents produits et les processus des flux.\",\"breadcrumb\":{\"@id\":\"https:\/\/www.amcon-eu.com\/fr\/telecharger-la-brochure\/#breadcrumb\"},\"inLanguage\":\"fr-FR\",\"potentialAction\":[{\"@type\":\"ReadAction\",\"target\":[\"https:\/\/www.amcon-eu.com\/fr\/telecharger-la-brochure\/\"]}]},{\"@type\":\"BreadcrumbList\",\"@id\":\"https:\/\/www.amcon-eu.com\/fr\/telecharger-la-brochure\/#breadcrumb\",\"itemListElement\":[{\"@type\":\"ListItem\",\"position\":1,\"name\":\"\u30db\u30fc\u30e0\",\"item\":\"https:\/\/www.amcon-eu.com\/fr\/\"},{\"@type\":\"ListItem\",\"position\":2,\"name\":\"T\u00e9l\u00e9charger la brochure\"}]},{\"@type\":\"WebSite\",\"@id\":\"https:\/\/www.amcon-eu.com\/fr\/#website\",\"url\":\"https:\/\/www.amcon-eu.com\/fr\/\",\"name\":\"AMCON Europe\",\"description\":\"D\u00e9shydratation simple et efficace des boues\",\"potentialAction\":[{\"@type\":\"SearchAction\",\"target\":{\"@type\":\"EntryPoint\",\"urlTemplate\":\"https:\/\/www.amcon-eu.com\/fr\/?s={search_term_string}\"},\"query-input\":{\"@type\":\"PropertyValueSpecification\",\"valueRequired\":true,\"valueName\":\"search_term_string\"}}],\"inLanguage\":\"fr-FR\"}]}<\/script>\n<!-- \/ Yoast SEO plugin. -->","yoast_head_json":{"title":"T\u00e9l\u00e9charger la brochure | AMCON Europe","description":"T\u00e9l\u00e9chargez les brochures pour la presse de d\u00e9shydratation VOLUTE DUO\u2122, la presse de d\u00e9shydratation VOLUTE\u2122 et les m\u00e9langeurs dynamiques et statiques en ligne. S\u00e9lectionnez la brochure souhait\u00e9e, remplissez vos coordonn\u00e9es et confirmez pour acc\u00e9der aux derni\u00e8res informations sur les technologies avanc\u00e9es de d\u00e9shydratation des boues, les gammes de diff\u00e9rents produits et les processus des flux.","robots":{"index":"index","follow":"follow","max-snippet":"max-snippet:-1","max-image-preview":"max-image-preview:large","max-video-preview":"max-video-preview:-1"},"canonical":"https:\/\/www.amcon-eu.com\/fr\/telecharger-la-brochure\/","og_locale":"fr_FR","og_type":"article","og_title":"T\u00e9l\u00e9charger la brochure | AMCON Europe","og_description":"T\u00e9l\u00e9chargez les brochures pour la presse de d\u00e9shydratation VOLUTE DUO\u2122, la presse de d\u00e9shydratation VOLUTE\u2122 et les m\u00e9langeurs dynamiques et statiques en ligne. S\u00e9lectionnez la brochure souhait\u00e9e, remplissez vos coordonn\u00e9es et confirmez pour acc\u00e9der aux derni\u00e8res informations sur les technologies avanc\u00e9es de d\u00e9shydratation des boues, les gammes de diff\u00e9rents produits et les processus des flux.","og_url":"https:\/\/www.amcon-eu.com\/fr\/telecharger-la-brochure\/","og_site_name":"AMCON Europe","article_publisher":"https:\/\/www.facebook.com\/AMCON.Europe.sro","article_modified_time":"2025-11-06T13:33:00+00:00","og_image":[{"width":1200,"height":675,"url":"https:\/\/www.amcon-eu.com\/wp-content\/uploads\/2025\/06\/AMCON-Europe_site-image.png","type":"image\/png"}],"twitter_card":"summary_large_image","twitter_misc":{"Dur\u00e9e de lecture estim\u00e9e":"1 minute"},"schema":{"@context":"https:\/\/schema.org","@graph":[{"@type":"WebPage","@id":"https:\/\/www.amcon-eu.com\/fr\/telecharger-la-brochure\/","url":"https:\/\/www.amcon-eu.com\/fr\/telecharger-la-brochure\/","name":"T\u00e9l\u00e9charger la brochure | AMCON Europe","isPartOf":{"@id":"https:\/\/www.amcon-eu.com\/fr\/#website"},"datePublished":"2023-09-15T13:22:37+00:00","dateModified":"2025-11-06T13:33:00+00:00","description":"T\u00e9l\u00e9chargez les brochures pour la presse de d\u00e9shydratation VOLUTE DUO\u2122, la presse de d\u00e9shydratation VOLUTE\u2122 et les m\u00e9langeurs dynamiques et statiques en ligne. S\u00e9lectionnez la brochure souhait\u00e9e, remplissez vos coordonn\u00e9es et confirmez pour acc\u00e9der aux derni\u00e8res informations sur les technologies avanc\u00e9es de d\u00e9shydratation des boues, les gammes de diff\u00e9rents produits et les processus des flux.","breadcrumb":{"@id":"https:\/\/www.amcon-eu.com\/fr\/telecharger-la-brochure\/#breadcrumb"},"inLanguage":"fr-FR","potentialAction":[{"@type":"ReadAction","target":["https:\/\/www.amcon-eu.com\/fr\/telecharger-la-brochure\/"]}]},{"@type":"BreadcrumbList","@id":"https:\/\/www.amcon-eu.com\/fr\/telecharger-la-brochure\/#breadcrumb","itemListElement":[{"@type":"ListItem","position":1,"name":"\u30db\u30fc\u30e0","item":"https:\/\/www.amcon-eu.com\/fr\/"},{"@type":"ListItem","position":2,"name":"T\u00e9l\u00e9charger la brochure"}]},{"@type":"WebSite","@id":"https:\/\/www.amcon-eu.com\/fr\/#website","url":"https:\/\/www.amcon-eu.com\/fr\/","name":"AMCON Europe","description":"D\u00e9shydratation simple et efficace des boues","potentialAction":[{"@type":"SearchAction","target":{"@type":"EntryPoint","urlTemplate":"https:\/\/www.amcon-eu.com\/fr\/?s={search_term_string}"},"query-input":{"@type":"PropertyValueSpecification","valueRequired":true,"valueName":"search_term_string"}}],"inLanguage":"fr-FR"}]}},"_links":{"self":[{"href":"https:\/\/www.amcon-eu.com\/fr\/wp-json\/wp\/v2\/pages\/13221","targetHints":{"allow":["GET"]}}],"collection":[{"href":"https:\/\/www.amcon-eu.com\/fr\/wp-json\/wp\/v2\/pages"}],"about":[{"href":"https:\/\/www.amcon-eu.com\/fr\/wp-json\/wp\/v2\/types\/page"}],"author":[{"embeddable":true,"href":"https:\/\/www.amcon-eu.com\/fr\/wp-json\/wp\/v2\/users\/9"}],"replies":[{"embeddable":true,"href":"https:\/\/www.amcon-eu.com\/fr\/wp-json\/wp\/v2\/comments?post=13221"}],"version-history":[{"count":5,"href":"https:\/\/www.amcon-eu.com\/fr\/wp-json\/wp\/v2\/pages\/13221\/revisions"}],"predecessor-version":[{"id":26189,"href":"https:\/\/www.amcon-eu.com\/fr\/wp-json\/wp\/v2\/pages\/13221\/revisions\/26189"}],"wp:attachment":[{"href":"https:\/\/www.amcon-eu.com\/fr\/wp-json\/wp\/v2\/media?parent=13221"}],"curies":[{"name":"wp","href":"https:\/\/api.w.org\/{rel}","templated":true}]}}