{"id":11563,"date":"2022-06-27T19:18:52","date_gmt":"2022-06-27T17:18:52","guid":{"rendered":"http:\/\/amcon-eu.com\/a-propos-de-lamcon\/profil-de-lentreprise\/"},"modified":"2025-02-04T01:04:22","modified_gmt":"2025-02-04T00:04:22","slug":"qui-sommes-nous","status":"publish","type":"page","link":"https:\/\/www.amcon-eu.com\/fr\/le-groupe-amcon\/qui-sommes-nous\/","title":{"rendered":"Qui sommes-nous?"},"content":{"rendered":"<section class=\"wpb-content-wrapper\"><p>[vc_section el_class=\u00a0\u00bbborder-bottom\u00a0\u00bb][vc_row el_class=\u00a0\u00bbuk-container uk-padding-top\u00a0\u00bb][vc_column][vc_custom_heading text=\u00a0\u00bbAMCON Europe &#8211; Qui sommes-nous?\u00a0\u00bb font_container=\u00a0\u00bbtag:h1|text_align:left\u00a0\u00bb use_theme_fonts=\u00a0\u00bbyes\u00a0\u00bb el_class=\u00a0\u00bbttl-h1&Prime;][vc_column_text el_class=\u00a0\u00bbborder-bottom uk-padding-bottom uk-margin-medium-bottom\u00a0\u00bb]<\/p>\n<p class=\"\">AMCON Europe s.r.o. est une filiale de la soci\u00e9t\u00e9 m\u00e8re japonaise <strong>AMCON Inc.<\/strong> qui, dans les ann\u00e9es 1990, a mis au point une technologie de d\u00e9shydratation enti\u00e8rement nouvelle et r\u00e9volutionnaire, la <strong>VOLUTE<\/strong>. La <strong>presse \u00e0 vis de d\u00e9shydratation multidisques<\/strong> \u00e0 vu le jour. Nous ne nous contentons pas de fournir \u00e0 nos clients des <strong>technologies d&rsquo;\u00e9paississement et de d\u00e9shydratation des boues<\/strong>, mais nous leur proposons \u00e9galement des <strong>services<\/strong> pour les aider \u00e0 atteindre leurs <strong>objectifs \u00e9conomiques et environnementaux<\/strong>.<\/p>\n<p>[\/vc_column_text][vc_column_text]<\/p>\n<ul class=\"uk-flex uk-margin-large-bottom uk-grid\">\n<li class=\"uk-first-column\"><a class=\"textlink-hover\" href=\"#about01\">Pr\u00e9sentation de l&rsquo;entreprise<i class=\"fa-solid fa-chevron-down uk-margin-small-left\"><\/i><\/a><\/li>\n<li><a class=\"textlink-hover\" href=\"#about02\">Adresse<i class=\"fa-solid fa-chevron-down uk-margin-small-left\"><\/i><\/a><\/li>\n<li><a class=\"textlink-hover\" href=\"#about03\">Philosophie d&rsquo;entreprise<i class=\"fa-solid fa-chevron-down uk-margin-small-left\"><\/i><\/a><\/li>\n<\/ul>\n<p>[\/vc_column_text][\/vc_column][\/vc_row][\/vc_section][vc_section el_id=\u00a0\u00bbabout01&Prime; el_class=\u00a0\u00bbborder-bottom uk-padding-large-top\u00a0\u00bb][vc_row el_class=\u00a0\u00bbuk-container uk-container-medium uk-margin-large\u00a0\u00bb][vc_column][vc_custom_heading text=\u00a0\u00bbPr\u00e9sentation de l&rsquo;entreprise\u00a0\u00bb font_container=\u00a0\u00bbtag:h2|text_align:center\u00a0\u00bb el_class=\u00a0\u00bbttl-h2-center uk-margin-large\u00a0\u00bb][vc_single_image image=\u00a0\u00bb16924&Prime; img_size=\u00a0\u00bbfull\u00a0\u00bb el_class=\u00a0\u00bbuk-margin uk-text-center\u00a0\u00bb][vc_column_text el_class=\u00a0\u00bbuk-margin-medium\u00a0\u00bb]<\/p>\n<table class=\"uk-table uk-table-striped\">\n<colgroup>\n<col width=\"16%\" \/>\n<col width=\"84%\" \/> <\/colgroup>\n<tbody>\n<tr>\n<th>Nom de l&rsquo;entreprise:<\/th>\n<td>AMCON Europe s.r.o.<\/td>\n<\/tr>\n<tr>\n<th>Fond\u00e9e le:<\/th>\n<td>14 avril 2011<\/td>\n<\/tr>\n<tr>\n<th>Adresse de la soci\u00e9t\u00e9:<\/th>\n<td>Za Trati 207, 252 19 Chrastany, R\u00e9publique tch\u00e8que<\/td>\n<\/tr>\n<tr>\n<th>En charge du:<\/th>\n<td>march\u00e9 Europ\u00e9en, Moyen Orient et Africain<\/td>\n<\/tr>\n<tr>\n<th>Sp\u00e9cialit\u00e9s:<\/th>\n<td>D\u00e9veloppement, fabrication et vente de presses de d\u00e9shydratation des boues et d&rsquo;\u00e9paississeurs VOLUTE, vente de produits chimiques et de services li\u00e9s \u00e0 la d\u00e9shydratation des boues.<\/td>\n<\/tr>\n<tr>\n<th>Licences:<\/th>\n<td>\n<div class=\"uk-flex uk-flex-bottom uk-flex-wrap\">\n<div class=\"uk-margin-right uk-margin-bottom\">Certification ISO 14001<br \/>\nCertification ISO 9001<\/div>\n<\/div>\n<\/td>\n<\/tr>\n<\/tbody>\n<\/table>\n<p>[\/vc_column_text][\/vc_column][\/vc_row][\/vc_section][vc_section el_id=\u00a0\u00bbabout02&Prime; el_class=\u00a0\u00bbborder-bottom uk-padding-large-top\u00a0\u00bb][vc_row el_class=\u00a0\u00bbuk-container uk-container-medium uk-margin-large\u00a0\u00bb][vc_column][vc_custom_heading text=\u00a0\u00bbAdresse\u00a0\u00bb font_container=\u00a0\u00bbtag:h2|text_align:center\u00a0\u00bb el_class=\u00a0\u00bbttl-h2-center uk-margin-large\u00a0\u00bb][vc_column_text el_class=\u00a0\u00bbuk-margin-large\u00a0\u00bb]<\/p>\n<h3 class=\"ttl-h3\">AMCON Europe s.r.o.<\/h3>\n<div><iframe loading=\"lazy\" style=\"border: 0;\" src=\"https:\/\/www.google.com\/maps\/embed?pb=!1m18!1m12!1m3!1d68991.56235678913!2d14.296828873858383!3d50.01296193483736!2m3!1f0!2f0!3f0!3m2!1i1024!2i768!4f13.1!3m3!1m2!1s0x470bbc3196e62219%3A0x6cba3659a3b73d24!2sAMCON+Europe+s.r.o.!5e0!3m2!1scs!2scz!4v1535540015806\" width=\"100%\" height=\"450\" allowfullscreen=\"allowfullscreen\"><\/iframe><\/div>\n<table class=\"uk-table uk-table-striped\" style=\"border-top: 1px solid #333;\">\n<tbody>\n<tr>\n<th>Comment nous trouver<\/th>\n<td><i class=\"fas fa-bus\"><\/i> <strong>Train, bus:<\/strong> 6 minutes \u00e0 pied de la station Rudn\u00e1 U Nadrazi<br \/>\n<i class=\"fas fa-car\"><\/i> <strong>En voiture:<\/strong> 8 minutes de la sortie 5 de l&rsquo;\u00e9changeur Rudn\u00e1 Praha<br \/>\n<i class=\"fas fa-plane\"><\/i> <strong>A\u00e9roport V\u00e1clav Havel de Prague:<\/strong> Bus num\u00e9ro 100 jusqu&rsquo;\u00e0 l&rsquo;arr\u00eat de m\u00e9tro Zli\u010d\u00edn, puis bus jusqu&rsquo;\u00e0 la station Rudn\u00e1 U Nadrazi.<\/td>\n<\/tr>\n<\/tbody>\n<\/table>\n<p>[\/vc_column_text][\/vc_column][\/vc_row][\/vc_section][vc_section el_id=\u00a0\u00bbabout03&Prime; el_class=\u00a0\u00bbborder-bottom uk-padding-large-top\u00a0\u00bb][vc_row el_class=\u00a0\u00bbuk-container uk-container-medium uk-margin-large\u00a0\u00bb][vc_column][vc_row_inner][vc_column_inner][vc_custom_heading text=\u00a0\u00bbPhilosophie d&rsquo;entreprise\u00a0\u00bb font_container=\u00a0\u00bbtag:h2|text_align:center\u00a0\u00bb use_theme_fonts=\u00a0\u00bbyes\u00a0\u00bb el_class=\u00a0\u00bbttl-h2-center uk-margin-large\u00a0\u00bb][\/vc_column_inner][\/vc_row_inner][vc_single_image image=\u00a0\u00bb14753&Prime; img_size=\u00a0\u00bbfull\u00a0\u00bb el_class=\u00a0\u00bbuk-margin uk-text-center\u00a0\u00bb][vc_row_inner el_class=\u00a0\u00bbuk-margin-medium uk-flex uk-flex-wrap uk-grid\u00a0\u00bb][vc_column_inner width=\u00a0\u00bb5\/12&Prime;][vc_custom_heading text=\u00a0\u00bbNotre philosophie\u00a0\u00bb font_container=\u00a0\u00bbtag:h3|text_align:left\u00a0\u00bb use_theme_fonts=\u00a0\u00bbyes\u00a0\u00bb el_class=\u00a0\u00bbc-green uk-text-bold\u00a0\u00bb][vc_column_text el_class=\u00a0\u00bbuk-heading-small\u00a0\u00bb]Fournir un AM\u00e9nagement et un CONfort au-del\u00e0 de toute attente.[\/vc_column_text][\/vc_column_inner][vc_column_inner width=\u00a0\u00bb7\/12&Prime;][vc_custom_heading text=\u00a0\u00bbNotre mission\u00a0\u00bb font_container=\u00a0\u00bbtag:h4|text_align:left\u00a0\u00bb use_theme_fonts=\u00a0\u00bbyes\u00a0\u00bb el_class=\u00a0\u00bbttl-h4&Prime;][vc_column_text el_class=\u00a0\u00bbuk-margin uk-text-large\u00a0\u00bb]Surmonter les d\u00e9fis et trouver de nouvelles voies.[\/vc_column_text][vc_custom_heading text=\u00a0\u00bbNos engagements\u00a0\u00bb font_container=\u00a0\u00bbtag:h4|text_align:left\u00a0\u00bb use_theme_fonts=\u00a0\u00bbyes\u00a0\u00bb el_class=\u00a0\u00bbttl-h4&Prime;][vc_column_text el_class=\u00a0\u00bbuk-margin\u00a0\u00bb]\u00c0 AMCON, nous sommes un groupe de professionnels qui vise \u00e0 \u00eatre la meilleure entreprise fournissant le meilleur service avec la meilleure technologie. Nous nous effor\u00e7ons de contribuer \u00e0 une soci\u00e9t\u00e9 meilleure en cr\u00e9ant des produits et des services v\u00e9ritablement orient\u00e9s vers le client.<\/p>\n<ul class=\"uk-list uk-list-disc disc-green c-green\">\n<li><span class=\"c-black\">Nous relevons des d\u00e9fis pour r\u00e9soudre les probl\u00e8mes de nos clients gr\u00e2ce \u00e0 des produits et des services de qualit\u00e9.<\/span><\/li>\n<li><span class=\"c-black\">Nous cherchons \u00e0 \u00eatre une entreprise o\u00f9 chaque employ\u00e9 peut se d\u00e9velopper gr\u00e2ce \u00e0 l&rsquo;\u00e9ducation et partager l&rsquo;enthousiasme au travail avec tout le monde.<\/span><\/li>\n<li><span class=\"c-black\">Nous visons la prosp\u00e9rit\u00e9 mutuelle et des relations solides et fiables avec nos partenaires, sur la base d&rsquo;une croissance durable.<\/span><\/li>\n<\/ul>\n<p>[\/vc_column_text][\/vc_column_inner][\/vc_row_inner][\/vc_column][\/vc_row][\/vc_section]<\/p>\n<\/section>","protected":false},"excerpt":{"rendered":"<p>[vc_section el_class=\u00a0\u00bbborder-bottom\u00a0\u00bb][vc_row el_class=\u00a0\u00bbuk-container uk-padding-top\u00a0\u00bb][vc_column][vc_custom_heading text=\u00a0\u00bbAMCON Europe &#8211; Qui sommes-nous?\u00a0\u00bb font_container=\u00a0\u00bbtag:h1|text_align:left\u00a0\u00bb use_theme_fonts=\u00a0\u00bbyes\u00a0\u00bb el_class=\u00a0\u00bbttl-h1&Prime;][vc_column_text el_class=\u00a0\u00bbborder-bottom uk-padding-bottom uk-margin-medium-bottom\u00a0\u00bb] AMCON Europe s.r.o. est une filiale de la soci\u00e9t\u00e9 m\u00e8re japonaise AMCON Inc. qui, dans les ann\u00e9es 1990, a mis au point une technologie de d\u00e9shydratation enti\u00e8rement nouvelle et r\u00e9volutionnaire, la VOLUTE. La presse \u00e0 vis de d\u00e9shydratation multidisques \u00e0 vu le jour. Nous ne nous contentons pas de fournir \u00e0 nos clients des technologies d&rsquo;\u00e9paississement et de d\u00e9shydratation des boues, mais nous leur proposons \u00e9galement des services pour les aider \u00e0 atteindre leurs objectifs \u00e9conomiques et environnementaux. [\/vc_column_text][vc_column_text] Pr\u00e9sentation de l&rsquo;entreprise Adresse Philosophie d&rsquo;entreprise [\/vc_column_text][\/vc_column][\/vc_row][\/vc_section][vc_section el_id=\u00a0\u00bbabout01&Prime; el_class=\u00a0\u00bbborder-bottom uk-padding-large-top\u00a0\u00bb][vc_row el_class=\u00a0\u00bbuk-container uk-container-medium uk-margin-large\u00a0\u00bb][vc_column][vc_custom_heading text=\u00a0\u00bbPr\u00e9sentation de l&rsquo;entreprise\u00a0\u00bb <a href=\"https:\/\/www.amcon-eu.com\/fr\/le-groupe-amcon\/qui-sommes-nous\/\" class=\"more-link\">&#8230;<span class=\"screen-reader-text\">  Qui sommes-nous?<\/span><\/a><\/p>\n","protected":false},"author":1,"featured_media":0,"parent":11542,"menu_order":24,"comment_status":"closed","ping_status":"closed","template":"page-c.php","meta":{"_acf_changed":false,"inline_featured_image":false,"footnotes":""},"class_list":["post-11563","page","type-page","status-publish","hentry"],"acf":[],"yoast_head":"<!-- This site is optimized with the Yoast SEO plugin v26.5 - https:\/\/yoast.com\/wordpress\/plugins\/seo\/ -->\n<title>Qui sommes-nous? | AMCON Europe<\/title>\n<meta name=\"description\" content=\"Nous sommes des sp\u00e9cialistes de la d\u00e9shydratation des boues. Nous concevons et fournissons \u00e0 nos clients des solutions qui doivent r\u00e9pondre \u00e0 plusieurs conditions fondamentales.- obtenir de bons r\u00e9sultats- \u00eatre faciles \u00e0 utiliser- avoir une faible consommation d&#039;\u00e9nergie- avoir de faibles co\u00fbts d&#039;exploitation globaux- avoir une longue dur\u00e9e de vie\" \/>\n<meta name=\"robots\" content=\"index, follow, max-snippet:-1, max-image-preview:large, max-video-preview:-1\" \/>\n<link rel=\"canonical\" href=\"https:\/\/www.amcon-eu.com\/fr\/le-groupe-amcon\/qui-sommes-nous\/\" \/>\n<meta property=\"og:locale\" content=\"fr_FR\" \/>\n<meta property=\"og:type\" content=\"article\" \/>\n<meta property=\"og:title\" content=\"Qui sommes-nous? | AMCON Europe\" \/>\n<meta property=\"og:description\" content=\"Nous sommes des sp\u00e9cialistes de la d\u00e9shydratation des boues. Nous concevons et fournissons \u00e0 nos clients des solutions qui doivent r\u00e9pondre \u00e0 plusieurs conditions fondamentales.- obtenir de bons r\u00e9sultats- \u00eatre faciles \u00e0 utiliser- avoir une faible consommation d&#039;\u00e9nergie- avoir de faibles co\u00fbts d&#039;exploitation globaux- avoir une longue dur\u00e9e de vie\" \/>\n<meta property=\"og:url\" content=\"https:\/\/www.amcon-eu.com\/fr\/le-groupe-amcon\/qui-sommes-nous\/\" \/>\n<meta property=\"og:site_name\" content=\"AMCON Europe\" \/>\n<meta property=\"article:publisher\" content=\"https:\/\/www.facebook.com\/AMCON.Europe.sro\" \/>\n<meta property=\"article:modified_time\" content=\"2025-02-04T00:04:22+00:00\" \/>\n<meta property=\"og:image\" content=\"https:\/\/www.amcon-eu.com\/wp-content\/uploads\/2025\/06\/AMCON-Europe_site-image.png\" \/>\n\t<meta property=\"og:image:width\" content=\"1200\" \/>\n\t<meta property=\"og:image:height\" content=\"675\" \/>\n\t<meta property=\"og:image:type\" content=\"image\/png\" \/>\n<meta name=\"twitter:card\" content=\"summary_large_image\" \/>\n<meta name=\"twitter:label1\" content=\"Dur\u00e9e de lecture estim\u00e9e\" \/>\n\t<meta name=\"twitter:data1\" content=\"3 minutes\" \/>\n<script type=\"application\/ld+json\" class=\"yoast-schema-graph\">{\"@context\":\"https:\/\/schema.org\",\"@graph\":[{\"@type\":\"WebPage\",\"@id\":\"https:\/\/www.amcon-eu.com\/fr\/le-groupe-amcon\/qui-sommes-nous\/\",\"url\":\"https:\/\/www.amcon-eu.com\/fr\/le-groupe-amcon\/qui-sommes-nous\/\",\"name\":\"Qui sommes-nous? | AMCON Europe\",\"isPartOf\":{\"@id\":\"https:\/\/www.amcon-eu.com\/fr\/#website\"},\"datePublished\":\"2022-06-27T17:18:52+00:00\",\"dateModified\":\"2025-02-04T00:04:22+00:00\",\"description\":\"Nous sommes des sp\u00e9cialistes de la d\u00e9shydratation des boues. Nous concevons et fournissons \u00e0 nos clients des solutions qui doivent r\u00e9pondre \u00e0 plusieurs conditions fondamentales.- obtenir de bons r\u00e9sultats- \u00eatre faciles \u00e0 utiliser- avoir une faible consommation d'\u00e9nergie- avoir de faibles co\u00fbts d'exploitation globaux- avoir une longue dur\u00e9e de vie\",\"breadcrumb\":{\"@id\":\"https:\/\/www.amcon-eu.com\/fr\/le-groupe-amcon\/qui-sommes-nous\/#breadcrumb\"},\"inLanguage\":\"fr-FR\",\"potentialAction\":[{\"@type\":\"ReadAction\",\"target\":[\"https:\/\/www.amcon-eu.com\/fr\/le-groupe-amcon\/qui-sommes-nous\/\"]}]},{\"@type\":\"BreadcrumbList\",\"@id\":\"https:\/\/www.amcon-eu.com\/fr\/le-groupe-amcon\/qui-sommes-nous\/#breadcrumb\",\"itemListElement\":[{\"@type\":\"ListItem\",\"position\":1,\"name\":\"\u30db\u30fc\u30e0\",\"item\":\"https:\/\/www.amcon-eu.com\/fr\/\"},{\"@type\":\"ListItem\",\"position\":2,\"name\":\"Le groupe AMCON\",\"item\":\"https:\/\/www.amcon-eu.com\/fr\/amcon-group\/\"},{\"@type\":\"ListItem\",\"position\":3,\"name\":\"Qui sommes-nous?\"}]},{\"@type\":\"WebSite\",\"@id\":\"https:\/\/www.amcon-eu.com\/fr\/#website\",\"url\":\"https:\/\/www.amcon-eu.com\/fr\/\",\"name\":\"AMCON Europe\",\"description\":\"D\u00e9shydratation simple et efficace des boues\",\"potentialAction\":[{\"@type\":\"SearchAction\",\"target\":{\"@type\":\"EntryPoint\",\"urlTemplate\":\"https:\/\/www.amcon-eu.com\/fr\/?s={search_term_string}\"},\"query-input\":{\"@type\":\"PropertyValueSpecification\",\"valueRequired\":true,\"valueName\":\"search_term_string\"}}],\"inLanguage\":\"fr-FR\"}]}<\/script>\n<!-- \/ Yoast SEO plugin. -->","yoast_head_json":{"title":"Qui sommes-nous? | AMCON Europe","description":"Nous sommes des sp\u00e9cialistes de la d\u00e9shydratation des boues. Nous concevons et fournissons \u00e0 nos clients des solutions qui doivent r\u00e9pondre \u00e0 plusieurs conditions fondamentales.- obtenir de bons r\u00e9sultats- \u00eatre faciles \u00e0 utiliser- avoir une faible consommation d'\u00e9nergie- avoir de faibles co\u00fbts d'exploitation globaux- avoir une longue dur\u00e9e de vie","robots":{"index":"index","follow":"follow","max-snippet":"max-snippet:-1","max-image-preview":"max-image-preview:large","max-video-preview":"max-video-preview:-1"},"canonical":"https:\/\/www.amcon-eu.com\/fr\/le-groupe-amcon\/qui-sommes-nous\/","og_locale":"fr_FR","og_type":"article","og_title":"Qui sommes-nous? | AMCON Europe","og_description":"Nous sommes des sp\u00e9cialistes de la d\u00e9shydratation des boues. Nous concevons et fournissons \u00e0 nos clients des solutions qui doivent r\u00e9pondre \u00e0 plusieurs conditions fondamentales.- obtenir de bons r\u00e9sultats- \u00eatre faciles \u00e0 utiliser- avoir une faible consommation d'\u00e9nergie- avoir de faibles co\u00fbts d'exploitation globaux- avoir une longue dur\u00e9e de vie","og_url":"https:\/\/www.amcon-eu.com\/fr\/le-groupe-amcon\/qui-sommes-nous\/","og_site_name":"AMCON Europe","article_publisher":"https:\/\/www.facebook.com\/AMCON.Europe.sro","article_modified_time":"2025-02-04T00:04:22+00:00","og_image":[{"width":1200,"height":675,"url":"https:\/\/www.amcon-eu.com\/wp-content\/uploads\/2025\/06\/AMCON-Europe_site-image.png","type":"image\/png"}],"twitter_card":"summary_large_image","twitter_misc":{"Dur\u00e9e de lecture estim\u00e9e":"3 minutes"},"schema":{"@context":"https:\/\/schema.org","@graph":[{"@type":"WebPage","@id":"https:\/\/www.amcon-eu.com\/fr\/le-groupe-amcon\/qui-sommes-nous\/","url":"https:\/\/www.amcon-eu.com\/fr\/le-groupe-amcon\/qui-sommes-nous\/","name":"Qui sommes-nous? | AMCON Europe","isPartOf":{"@id":"https:\/\/www.amcon-eu.com\/fr\/#website"},"datePublished":"2022-06-27T17:18:52+00:00","dateModified":"2025-02-04T00:04:22+00:00","description":"Nous sommes des sp\u00e9cialistes de la d\u00e9shydratation des boues. Nous concevons et fournissons \u00e0 nos clients des solutions qui doivent r\u00e9pondre \u00e0 plusieurs conditions fondamentales.- obtenir de bons r\u00e9sultats- \u00eatre faciles \u00e0 utiliser- avoir une faible consommation d'\u00e9nergie- avoir de faibles co\u00fbts d'exploitation globaux- avoir une longue dur\u00e9e de vie","breadcrumb":{"@id":"https:\/\/www.amcon-eu.com\/fr\/le-groupe-amcon\/qui-sommes-nous\/#breadcrumb"},"inLanguage":"fr-FR","potentialAction":[{"@type":"ReadAction","target":["https:\/\/www.amcon-eu.com\/fr\/le-groupe-amcon\/qui-sommes-nous\/"]}]},{"@type":"BreadcrumbList","@id":"https:\/\/www.amcon-eu.com\/fr\/le-groupe-amcon\/qui-sommes-nous\/#breadcrumb","itemListElement":[{"@type":"ListItem","position":1,"name":"\u30db\u30fc\u30e0","item":"https:\/\/www.amcon-eu.com\/fr\/"},{"@type":"ListItem","position":2,"name":"Le groupe AMCON","item":"https:\/\/www.amcon-eu.com\/fr\/amcon-group\/"},{"@type":"ListItem","position":3,"name":"Qui sommes-nous?"}]},{"@type":"WebSite","@id":"https:\/\/www.amcon-eu.com\/fr\/#website","url":"https:\/\/www.amcon-eu.com\/fr\/","name":"AMCON Europe","description":"D\u00e9shydratation simple et efficace des boues","potentialAction":[{"@type":"SearchAction","target":{"@type":"EntryPoint","urlTemplate":"https:\/\/www.amcon-eu.com\/fr\/?s={search_term_string}"},"query-input":{"@type":"PropertyValueSpecification","valueRequired":true,"valueName":"search_term_string"}}],"inLanguage":"fr-FR"}]}},"_links":{"self":[{"href":"https:\/\/www.amcon-eu.com\/fr\/wp-json\/wp\/v2\/pages\/11563","targetHints":{"allow":["GET"]}}],"collection":[{"href":"https:\/\/www.amcon-eu.com\/fr\/wp-json\/wp\/v2\/pages"}],"about":[{"href":"https:\/\/www.amcon-eu.com\/fr\/wp-json\/wp\/v2\/types\/page"}],"author":[{"embeddable":true,"href":"https:\/\/www.amcon-eu.com\/fr\/wp-json\/wp\/v2\/users\/1"}],"replies":[{"embeddable":true,"href":"https:\/\/www.amcon-eu.com\/fr\/wp-json\/wp\/v2\/comments?post=11563"}],"version-history":[{"count":3,"href":"https:\/\/www.amcon-eu.com\/fr\/wp-json\/wp\/v2\/pages\/11563\/revisions"}],"predecessor-version":[{"id":20689,"href":"https:\/\/www.amcon-eu.com\/fr\/wp-json\/wp\/v2\/pages\/11563\/revisions\/20689"}],"up":[{"embeddable":true,"href":"https:\/\/www.amcon-eu.com\/fr\/wp-json\/wp\/v2\/pages\/11542"}],"wp:attachment":[{"href":"https:\/\/www.amcon-eu.com\/fr\/wp-json\/wp\/v2\/media?parent=11563"}],"curies":[{"name":"wp","href":"https:\/\/api.w.org\/{rel}","templated":true}]}}