{"id":16782,"date":"2022-08-01T17:38:50","date_gmt":"2022-08-01T15:38:50","guid":{"rendered":"http:\/\/amcon-eu.com\/kostenlose-analyse-von-schlammproben\/"},"modified":"2025-02-03T15:33:14","modified_gmt":"2025-02-03T14:33:14","slug":"kostenlose-schlamm-probenanalyse","status":"publish","type":"page","link":"https:\/\/www.amcon-eu.com\/de\/kostenlose-schlamm-probenanalyse\/","title":{"rendered":"Kostenlose Schlamm-Probenanalyse"},"content":{"rendered":"<section class=\"wpb-content-wrapper\"><p>[vc_section el_class=&#8220;border-bottom&#8220;][vc_row el_class=&#8220;uk-container uk-padding-top uk-padding-bottom&#8220;][vc_column][vc_custom_heading text=&#8220;Kostenlose Schlamm-Probenanalyse&#8220; font_container=&#8220;tag:h1|text_align:left&#8220; use_theme_fonts=&#8220;yes&#8220; el_class=&#8220;ttl-h1&#8243;][vc_custom_heading text=&#8220;M\u00f6chten Sie die Entw\u00e4sserbarkeit Ihres Schlamms mit der VOLUTE\u2122-Entw\u00e4sserungspresse erfahren?<br \/>\nM\u00f6chten Sie Hilfe bei der Auswahl des am besten geeigneten Polymers?&#8220; use_theme_fonts=&#8220;yes&#8220; el_class=&#8220;ttl-h2 c-green&#8220;][vc_column_text]Wenn Sie dies lesen, sind Sie wahrscheinlich auf der Suche nach der richtigen Schlammentw\u00e4sserungs-Technologie \u2013 einer, die <strong>zuverl\u00e4ssig, leistungsstark, einfach zu bedienen und kosteng\u00fcnstig<\/strong> ist. Wir glauben, dass die <strong>Entw\u00e4sserungspresse VOLUTE\u2122<\/strong> die richtige Wahl ist. W\u00e4hrend einige Anbieter Ergebnisse versprechen, ohne Ihren Schlamm gesehen zu haben, verfolgen wir bei <strong>AMCON<\/strong> einen anderen Ansatz.<\/p>\n<p>Deshalb verf\u00fcgen wir \u00fcber ein eigenes Labor und eine Reihe von <strong>YESfloc\u00ae-Flockungsmitteln<\/strong>, um Ihnen eine qualifizierte Einsch\u00e4tzung der zu erwartenden Ergebnisse zu bieten, einschlie\u00dflich <strong>Schlammkuchentrockenheit<\/strong>, <strong>Filtratqualit\u00e4t<\/strong> (Abscheidegrad der suspendierten Feststoffe) und <strong>Flockungsmittelverbrauch<\/strong>.<\/p>\n<div id=\"highlighter--hover-tools\" style=\"display: none;\">\n<div id=\"highlighter--hover-tools--container\">\n<div class=\"highlighter--icon highlighter--icon-copy\" title=\"Copy\"><\/div>\n<div class=\"highlighter--icon highlighter--icon-change-color\" title=\"Change Color\"><\/div>\n<div class=\"highlighter--icon highlighter--icon-delete\" title=\"Delete\"><\/div>\n<\/div>\n<\/div>\n<div id=\"highlighter--hover-tools\" style=\"display: none;\">\n<div id=\"highlighter--hover-tools--container\">\n<div class=\"highlighter--icon highlighter--icon-copy\" title=\"Copy\"><\/div>\n<div class=\"highlighter--icon highlighter--icon-change-color\" title=\"Change Color\"><\/div>\n<div class=\"highlighter--icon highlighter--icon-delete\" title=\"Delete\"><\/div>\n<\/div>\n<\/div>\n<p>[\/vc_column_text][\/vc_column][\/vc_row][\/vc_section][vc_section css_animation=&#8220;fadeIn&#8220; el_class=&#8220;uk-padding-large-bottom uk-padding-large-top border-bottom&#8220; el_id=&#8220;freeSampleTest&#8220;][vc_row][vc_column css_animation=&#8220;fadeIn&#8220;][vc_custom_heading text=&#8220;Wie Sie eine kostenlose Schlammprobenanalyse erhalten&#8220; font_container=&#8220;tag:h2|text_align:center&#8220; use_theme_fonts=&#8220;yes&#8220; el_class=&#8220;ttl-h2-center&#8220;][\/vc_column][\/vc_row][vc_row el_class=&#8220;uk-container uk-container-medium uk-margin-medium step-box&#8220;][vc_column css_animation=&#8220;none&#8220; width=&#8220;3\/5&#8243;][vc_custom_heading text=&#8220;1. Beratung und Antrag&#8220; font_container=&#8220;tag:h3|text_align:left&#8220; use_theme_fonts=&#8220;yes&#8220; el_class=&#8220;c-green&#8220;][vc_column_text]Wir ben\u00f6tigen Details \u00fcber Ihre Kl\u00e4ranlage, Ihren Schlamm und Ihre <strong>Bed\u00fcrfnisse und Erwartungen.<\/strong> Verwenden Sie bitte <strong>dieses Formular<\/strong>, um uns zu kontaktieren, und wir werden Ihnen erkl\u00e4ren, wie Sie Ihre Schlammproben einsenden k\u00f6nnen.[\/vc_column_text][vc_column_text]<a class=\"uk-button uk-button-large uk-text-left uk-button-primary\" href=\"\/de\/kontaktieren-sie-uns\/\">Formular f\u00fcr Beratung und Angebot<i class=\"fa-solid fa-angle-right\"><\/i><\/a>[\/vc_column_text][\/vc_column][vc_column width=&#8220;2\/5&#8243;][vc_single_image image=&#8220;14498&#8243; img_size=&#8220;full&#8220;][\/vc_column][\/vc_row][vc_row][vc_column][vc_column_text css_animation=&#8220;none&#8220;]<\/p>\n<div class=\"step-arrow\"><\/div>\n<p>[\/vc_column_text][\/vc_column][\/vc_row][vc_row el_class=&#8220;uk-container uk-container-medium uk-margin-medium step-box&#8220;][vc_column width=&#8220;3\/5&#8243;][vc_custom_heading text=&#8220;2. Versand von Schlammproben&#8220; font_container=&#8220;tag:h3|text_align:left&#8220; use_theme_fonts=&#8220;yes&#8220; el_class=&#8220;c-green&#8220;][vc_column_text]Bitte senden Sie uns <strong>2 bis 5 Liter Schlamm.<\/strong> Achten Sie darauf, dass die Kanister <strong>gut verschlossen<\/strong> sind, um Auslaufen oder Besch\u00e4digungen zu vermeiden. <strong>Beschriften Sie die Kanister sorgf\u00e4ltig<\/strong>, insbesondere wenn Sie <strong>mehrere Proben<\/strong> senden.<\/p>\n<div id=\"highlighter--hover-tools\" style=\"display: none;\">\n<div id=\"highlighter--hover-tools--container\">\n<div class=\"highlighter--icon highlighter--icon-copy\" title=\"Copy\"><\/div>\n<div class=\"highlighter--icon highlighter--icon-change-color\" title=\"Change Color\"><\/div>\n<div class=\"highlighter--icon highlighter--icon-delete\" title=\"Delete\"><\/div>\n<\/div>\n<\/div>\n<p>[\/vc_column_text][vc_column_text]<\/p>\n<div class=\"bg-gray uk-padding-small\">\n<h4 class=\"uk-h4 c-green uk-margin-small-bottom\">Adresse f\u00fcr Schlammproben<\/h4>\n<p><strong>AMCON Europe s.r.o. &#8211; Laboratory<\/strong><br \/>\nZa Trati 207, 252 19 Chrastany, Praha-z\u00e1pad, Tschechische Republik<br \/>\nTEL : +420 211 150 120<\/div>\n<div id=\"highlighter--hover-tools\" style=\"display: none;\">\n<div id=\"highlighter--hover-tools--container\">\n<div class=\"highlighter--icon highlighter--icon-copy\" title=\"Copy\"><\/div>\n<div class=\"highlighter--icon highlighter--icon-change-color\" title=\"Change Color\"><\/div>\n<div class=\"highlighter--icon highlighter--icon-delete\" title=\"Delete\"><\/div>\n<\/div>\n<\/div>\n<div id=\"gtx-trans\" style=\"position: absolute; left: 364px; top: 40.5312px;\">\n<div class=\"gtx-trans-icon\"><\/div>\n<\/div>\n<p>[\/vc_column_text][\/vc_column][vc_column width=&#8220;2\/5&#8243;][vc_single_image image=&#8220;14502&#8243; img_size=&#8220;full&#8220;][\/vc_column][\/vc_row][vc_row][vc_column][vc_column_text]<\/p>\n<div class=\"step-arrow\"><\/div>\n<p>[\/vc_column_text][\/vc_column][\/vc_row][vc_row el_class=&#8220;uk-container uk-container-medium uk-margin-medium step-box&#8220;][vc_column width=&#8220;3\/5&#8243;][vc_custom_heading text=&#8220;3. Schlammanalyse, Messwerterfassung&#8220; font_container=&#8220;tag:h3|text_align:left&#8220; use_theme_fonts=&#8220;yes&#8220; el_class=&#8220;c-green&#8220;][vc_column_text]Wir f\u00fchren <strong>Untersuchungen der von Ihnen eingesandten Schlammproben<\/strong> durch. Dieser Vorgang dauert einige <strong>Tage.<\/strong><\/p>\n<div id=\"highlighter--hover-tools\" style=\"display: none;\">\n<div id=\"highlighter--hover-tools--container\">\n<div class=\"highlighter--icon highlighter--icon-copy\" title=\"Copy\"><\/div>\n<div class=\"highlighter--icon highlighter--icon-change-color\" title=\"Change Color\"><\/div>\n<div class=\"highlighter--icon highlighter--icon-delete\" title=\"Delete\"><\/div>\n<\/div>\n<\/div>\n<p>[\/vc_column_text][\/vc_column][vc_column width=&#8220;2\/5&#8243;][vc_single_image image=&#8220;14506&#8243; img_size=&#8220;full&#8220;][\/vc_column][\/vc_row][vc_row][vc_column][vc_column_text]<\/p>\n<div class=\"step-arrow\"><\/div>\n<p>[\/vc_column_text][\/vc_column][\/vc_row][vc_row el_class=&#8220;uk-container uk-container-medium uk-margin-medium step-box&#8220;][vc_column width=&#8220;3\/5&#8243;][vc_custom_heading text=&#8220;4. Versand des Labortest-Berichts&#8220; font_container=&#8220;tag:h3|text_align:left&#8220; use_theme_fonts=&#8220;yes&#8220; el_class=&#8220;c-green&#8220;][vc_column_text]Nach der Analyse senden wir Ihnen einen <strong>detaillierten Bericht.<\/strong> Der Bericht enth\u00e4lt klare Informationen dar\u00fcber, was die Schlammentw\u00e4sserung mit unserer Technologie leisten kann. Wir k\u00f6nnen auch die <strong>Kapitalrendite<\/strong> der VOLUTE\u2122-Entw\u00e4sserungspresse berechnen und mit Ihrer aktuellen Technologie vergleichen.<\/p>\n<p>Sie werden \u00fcber ausreichend <strong>genaue Informationen<\/strong> verf\u00fcgen, um eine <strong>fundierte Entscheidung<\/strong> zu treffen.<\/p>\n<div id=\"highlighter--hover-tools\" style=\"display: none;\">\n<div id=\"highlighter--hover-tools--container\">\n<div class=\"highlighter--icon highlighter--icon-copy\" title=\"Copy\"><\/div>\n<div class=\"highlighter--icon highlighter--icon-change-color\" title=\"Change Color\"><\/div>\n<div class=\"highlighter--icon highlighter--icon-delete\" title=\"Delete\"><\/div>\n<\/div>\n<\/div>\n<div id=\"highlighter--hover-tools\" style=\"display: none;\">\n<div id=\"highlighter--hover-tools--container\">\n<div class=\"highlighter--icon highlighter--icon-copy\" title=\"Copy\"><\/div>\n<div class=\"highlighter--icon highlighter--icon-change-color\" title=\"Change Color\"><\/div>\n<div class=\"highlighter--icon highlighter--icon-delete\" title=\"Delete\"><\/div>\n<\/div>\n<\/div>\n<p>[\/vc_column_text][\/vc_column][vc_column width=&#8220;2\/5&#8243;][vc_single_image image=&#8220;16342&#8243; img_size=&#8220;full&#8220;][\/vc_column][\/vc_row][\/vc_section][vc_section][vc_row el_class=&#8220;uk-container uk-padding-large-top uk-padding-large-bottom&#8220;][vc_column width=&#8220;1\/6&#8243;][\/vc_column][vc_column width=&#8220;2\/6&#8243;][vc_single_image image=&#8220;20595&#8243; img_size=&#8220;full&#8220; onclick=&#8220;custom_link&#8220; link=&#8220;\/de\/pilottest\/&#8220;][\/vc_column][vc_column width=&#8220;2\/6&#8243;][vc_single_image image=&#8220;20598&#8243; img_size=&#8220;full&#8220; onclick=&#8220;custom_link&#8220; link=&#8220;\/de\/vermietung-von-schlammentwaesserungspressen\/&#8220;][\/vc_column][vc_column width=&#8220;1\/6&#8243;][\/vc_column][\/vc_row][\/vc_section]<\/p>\n<\/section>","protected":false},"excerpt":{"rendered":"<p>[vc_section el_class=&#8220;border-bottom&#8220;][vc_row el_class=&#8220;uk-container uk-padding-top uk-padding-bottom&#8220;][vc_column][vc_custom_heading text=&#8220;Kostenlose Schlamm-Probenanalyse&#8220; font_container=&#8220;tag:h1|text_align:left&#8220; use_theme_fonts=&#8220;yes&#8220; el_class=&#8220;ttl-h1&#8243;][vc_custom_heading text=&#8220;M\u00f6chten Sie die Entw\u00e4sserbarkeit Ihres Schlamms mit der VOLUTE\u2122-Entw\u00e4sserungspresse erfahren? M\u00f6chten Sie Hilfe bei der Auswahl des am besten geeigneten Polymers?&#8220; use_theme_fonts=&#8220;yes&#8220; el_class=&#8220;ttl-h2 c-green&#8220;][vc_column_text]Wenn Sie dies lesen, sind Sie wahrscheinlich auf der Suche nach der richtigen Schlammentw\u00e4sserungs-Technologie \u2013 einer, die zuverl\u00e4ssig, leistungsstark, einfach zu bedienen und kosteng\u00fcnstig ist. Wir glauben, dass die Entw\u00e4sserungspresse VOLUTE\u2122 die richtige Wahl ist. W\u00e4hrend einige Anbieter Ergebnisse versprechen, ohne Ihren Schlamm gesehen zu haben, verfolgen wir bei AMCON einen anderen Ansatz. Deshalb verf\u00fcgen wir \u00fcber ein eigenes Labor und eine Reihe von YESfloc\u00ae-Flockungsmitteln, um Ihnen eine qualifizierte Einsch\u00e4tzung der zu erwartenden Ergebnisse zu bieten, einschlie\u00dflich <a href=\"https:\/\/www.amcon-eu.com\/de\/kostenlose-schlamm-probenanalyse\/\" class=\"more-link\">&#8230;<span class=\"screen-reader-text\">  Kostenlose Schlamm-Probenanalyse<\/span><\/a><\/p>\n","protected":false},"author":1,"featured_media":0,"parent":0,"menu_order":10,"comment_status":"closed","ping_status":"closed","template":"","meta":{"_acf_changed":false,"inline_featured_image":false,"footnotes":""},"class_list":["post-16782","page","type-page","status-publish","hentry"],"acf":[],"yoast_head":"<!-- This site is optimized with the Yoast SEO plugin v26.5 - https:\/\/yoast.com\/wordpress\/plugins\/seo\/ -->\n<title>Kostenlose Schlamm-Probenanalyse | AMCON Europe<\/title>\n<meta name=\"description\" content=\"Wenn Sie auf der Suche nach einer Schlammentw\u00e4sserungsmaschine sind oder \u00fcber die Modernisierung einer bestehenden Anlage nachdenken, laden wir Sie ein, unseren kostenlosen Schlammprobentest zu nutzen.\" \/>\n<meta name=\"robots\" content=\"index, follow, max-snippet:-1, max-image-preview:large, max-video-preview:-1\" \/>\n<link rel=\"canonical\" href=\"https:\/\/www.amcon-eu.com\/de\/kostenlose-schlamm-probenanalyse\/\" \/>\n<meta property=\"og:locale\" content=\"de_DE\" \/>\n<meta property=\"og:type\" content=\"article\" \/>\n<meta property=\"og:title\" content=\"Kostenlose Schlamm-Probenanalyse | AMCON Europe\" \/>\n<meta property=\"og:description\" content=\"Wenn Sie auf der Suche nach einer Schlammentw\u00e4sserungsmaschine sind oder \u00fcber die Modernisierung einer bestehenden Anlage nachdenken, laden wir Sie ein, unseren kostenlosen Schlammprobentest zu nutzen.\" \/>\n<meta property=\"og:url\" content=\"https:\/\/www.amcon-eu.com\/de\/kostenlose-schlamm-probenanalyse\/\" \/>\n<meta property=\"og:site_name\" content=\"AMCON Europe\" \/>\n<meta property=\"article:publisher\" content=\"https:\/\/www.facebook.com\/AMCON.Europe.sro\" \/>\n<meta property=\"article:modified_time\" content=\"2025-02-03T14:33:14+00:00\" \/>\n<meta property=\"og:image\" content=\"https:\/\/www.amcon-eu.com\/wp-content\/uploads\/2025\/06\/AMCON-Europe_site-image.png\" \/>\n\t<meta property=\"og:image:width\" content=\"1200\" \/>\n\t<meta property=\"og:image:height\" content=\"675\" \/>\n\t<meta property=\"og:image:type\" content=\"image\/png\" \/>\n<meta name=\"twitter:card\" content=\"summary_large_image\" \/>\n<meta name=\"twitter:label1\" content=\"Gesch\u00e4tzte Lesezeit\" \/>\n\t<meta name=\"twitter:data1\" content=\"2\u00a0Minuten\" \/>\n<script type=\"application\/ld+json\" class=\"yoast-schema-graph\">{\"@context\":\"https:\/\/schema.org\",\"@graph\":[{\"@type\":\"WebPage\",\"@id\":\"https:\/\/www.amcon-eu.com\/de\/kostenlose-schlamm-probenanalyse\/\",\"url\":\"https:\/\/www.amcon-eu.com\/de\/kostenlose-schlamm-probenanalyse\/\",\"name\":\"Kostenlose Schlamm-Probenanalyse | AMCON Europe\",\"isPartOf\":{\"@id\":\"https:\/\/www.amcon-eu.com\/de\/#website\"},\"datePublished\":\"2022-08-01T15:38:50+00:00\",\"dateModified\":\"2025-02-03T14:33:14+00:00\",\"description\":\"Wenn Sie auf der Suche nach einer Schlammentw\u00e4sserungsmaschine sind oder \u00fcber die Modernisierung einer bestehenden Anlage nachdenken, laden wir Sie ein, unseren kostenlosen Schlammprobentest zu nutzen.\",\"breadcrumb\":{\"@id\":\"https:\/\/www.amcon-eu.com\/de\/kostenlose-schlamm-probenanalyse\/#breadcrumb\"},\"inLanguage\":\"de\",\"potentialAction\":[{\"@type\":\"ReadAction\",\"target\":[\"https:\/\/www.amcon-eu.com\/de\/kostenlose-schlamm-probenanalyse\/\"]}]},{\"@type\":\"BreadcrumbList\",\"@id\":\"https:\/\/www.amcon-eu.com\/de\/kostenlose-schlamm-probenanalyse\/#breadcrumb\",\"itemListElement\":[{\"@type\":\"ListItem\",\"position\":1,\"name\":\"\u30db\u30fc\u30e0\",\"item\":\"https:\/\/www.amcon-eu.com\/de\/\"},{\"@type\":\"ListItem\",\"position\":2,\"name\":\"Kostenlose Schlamm-Probenanalyse\"}]},{\"@type\":\"WebSite\",\"@id\":\"https:\/\/www.amcon-eu.com\/de\/#website\",\"url\":\"https:\/\/www.amcon-eu.com\/de\/\",\"name\":\"AMCON Europe\",\"description\":\"Bequeme Schlammentw\u00e4sserung\",\"potentialAction\":[{\"@type\":\"SearchAction\",\"target\":{\"@type\":\"EntryPoint\",\"urlTemplate\":\"https:\/\/www.amcon-eu.com\/de\/?s={search_term_string}\"},\"query-input\":{\"@type\":\"PropertyValueSpecification\",\"valueRequired\":true,\"valueName\":\"search_term_string\"}}],\"inLanguage\":\"de\"}]}<\/script>\n<!-- \/ Yoast SEO plugin. -->","yoast_head_json":{"title":"Kostenlose Schlamm-Probenanalyse | AMCON Europe","description":"Wenn Sie auf der Suche nach einer Schlammentw\u00e4sserungsmaschine sind oder \u00fcber die Modernisierung einer bestehenden Anlage nachdenken, laden wir Sie ein, unseren kostenlosen Schlammprobentest zu nutzen.","robots":{"index":"index","follow":"follow","max-snippet":"max-snippet:-1","max-image-preview":"max-image-preview:large","max-video-preview":"max-video-preview:-1"},"canonical":"https:\/\/www.amcon-eu.com\/de\/kostenlose-schlamm-probenanalyse\/","og_locale":"de_DE","og_type":"article","og_title":"Kostenlose Schlamm-Probenanalyse | AMCON Europe","og_description":"Wenn Sie auf der Suche nach einer Schlammentw\u00e4sserungsmaschine sind oder \u00fcber die Modernisierung einer bestehenden Anlage nachdenken, laden wir Sie ein, unseren kostenlosen Schlammprobentest zu nutzen.","og_url":"https:\/\/www.amcon-eu.com\/de\/kostenlose-schlamm-probenanalyse\/","og_site_name":"AMCON Europe","article_publisher":"https:\/\/www.facebook.com\/AMCON.Europe.sro","article_modified_time":"2025-02-03T14:33:14+00:00","og_image":[{"width":1200,"height":675,"url":"https:\/\/www.amcon-eu.com\/wp-content\/uploads\/2025\/06\/AMCON-Europe_site-image.png","type":"image\/png"}],"twitter_card":"summary_large_image","twitter_misc":{"Gesch\u00e4tzte Lesezeit":"2\u00a0Minuten"},"schema":{"@context":"https:\/\/schema.org","@graph":[{"@type":"WebPage","@id":"https:\/\/www.amcon-eu.com\/de\/kostenlose-schlamm-probenanalyse\/","url":"https:\/\/www.amcon-eu.com\/de\/kostenlose-schlamm-probenanalyse\/","name":"Kostenlose Schlamm-Probenanalyse | AMCON Europe","isPartOf":{"@id":"https:\/\/www.amcon-eu.com\/de\/#website"},"datePublished":"2022-08-01T15:38:50+00:00","dateModified":"2025-02-03T14:33:14+00:00","description":"Wenn Sie auf der Suche nach einer Schlammentw\u00e4sserungsmaschine sind oder \u00fcber die Modernisierung einer bestehenden Anlage nachdenken, laden wir Sie ein, unseren kostenlosen Schlammprobentest zu nutzen.","breadcrumb":{"@id":"https:\/\/www.amcon-eu.com\/de\/kostenlose-schlamm-probenanalyse\/#breadcrumb"},"inLanguage":"de","potentialAction":[{"@type":"ReadAction","target":["https:\/\/www.amcon-eu.com\/de\/kostenlose-schlamm-probenanalyse\/"]}]},{"@type":"BreadcrumbList","@id":"https:\/\/www.amcon-eu.com\/de\/kostenlose-schlamm-probenanalyse\/#breadcrumb","itemListElement":[{"@type":"ListItem","position":1,"name":"\u30db\u30fc\u30e0","item":"https:\/\/www.amcon-eu.com\/de\/"},{"@type":"ListItem","position":2,"name":"Kostenlose Schlamm-Probenanalyse"}]},{"@type":"WebSite","@id":"https:\/\/www.amcon-eu.com\/de\/#website","url":"https:\/\/www.amcon-eu.com\/de\/","name":"AMCON Europe","description":"Bequeme Schlammentw\u00e4sserung","potentialAction":[{"@type":"SearchAction","target":{"@type":"EntryPoint","urlTemplate":"https:\/\/www.amcon-eu.com\/de\/?s={search_term_string}"},"query-input":{"@type":"PropertyValueSpecification","valueRequired":true,"valueName":"search_term_string"}}],"inLanguage":"de"}]}},"_links":{"self":[{"href":"https:\/\/www.amcon-eu.com\/de\/wp-json\/wp\/v2\/pages\/16782","targetHints":{"allow":["GET"]}}],"collection":[{"href":"https:\/\/www.amcon-eu.com\/de\/wp-json\/wp\/v2\/pages"}],"about":[{"href":"https:\/\/www.amcon-eu.com\/de\/wp-json\/wp\/v2\/types\/page"}],"author":[{"embeddable":true,"href":"https:\/\/www.amcon-eu.com\/de\/wp-json\/wp\/v2\/users\/1"}],"replies":[{"embeddable":true,"href":"https:\/\/www.amcon-eu.com\/de\/wp-json\/wp\/v2\/comments?post=16782"}],"version-history":[{"count":19,"href":"https:\/\/www.amcon-eu.com\/de\/wp-json\/wp\/v2\/pages\/16782\/revisions"}],"predecessor-version":[{"id":20603,"href":"https:\/\/www.amcon-eu.com\/de\/wp-json\/wp\/v2\/pages\/16782\/revisions\/20603"}],"wp:attachment":[{"href":"https:\/\/www.amcon-eu.com\/de\/wp-json\/wp\/v2\/media?parent=16782"}],"curies":[{"name":"wp","href":"https:\/\/api.w.org\/{rel}","templated":true}]}}