{"id":13227,"date":"2023-09-15T15:22:37","date_gmt":"2023-09-15T13:22:37","guid":{"rendered":"http:\/\/amcon-eu.com\/broschuere-download\/"},"modified":"2025-03-27T10:39:21","modified_gmt":"2025-03-27T09:39:21","slug":"broschuere-download","status":"publish","type":"page","link":"https:\/\/www.amcon-eu.com\/de\/broschuere-download\/","title":{"rendered":"Brosch\u00fcre Download"},"content":{"rendered":"<section class=\"wpb-content-wrapper\"><p>[vc_row][vc_column][vc_column_text]W\u00e4hlen Sie bitte eine Brosch\u00fcre aus, die Sie herunterladen m\u00f6chten, geben Sie Ihre Daten in das Eingabefeld unten auf der Seite ein und klicken Sie auf die Taste &#8222;BROSCH\u00dcRE(N) HERUNTERLADEN&#8220;.<\/p>\n<p>Sie k\u00f6nnen eine oder mehrere Brosch\u00fcren ausw\u00e4hlen.[\/vc_column_text]\n<div class=\"wpcf7 no-js\" id=\"wpcf7-f13226-o1\" lang=\"de-DE\" dir=\"ltr\" data-wpcf7-id=\"13226\">\n<div class=\"screen-reader-response\"><p role=\"status\" aria-live=\"polite\" aria-atomic=\"true\"><\/p> <ul><\/ul><\/div>\n<form action=\"\/de\/wp-json\/wp\/v2\/pages\/13227#wpcf7-f13226-o1\" method=\"post\" class=\"wpcf7-form init\" aria-label=\"Kontaktformular\" novalidate=\"novalidate\" data-status=\"init\">\n<div style=\"display: none;\">\n<input type=\"hidden\" name=\"_wpcf7\" value=\"13226\" \/>\n<input type=\"hidden\" name=\"_wpcf7_version\" value=\"6.0.1\" \/>\n<input type=\"hidden\" name=\"_wpcf7_locale\" value=\"de_DE\" \/>\n<input type=\"hidden\" name=\"_wpcf7_unit_tag\" value=\"wpcf7-f13226-o1\" \/>\n<input type=\"hidden\" name=\"_wpcf7_container_post\" value=\"0\" \/>\n<input type=\"hidden\" name=\"_wpcf7_posted_data_hash\" value=\"\" \/>\n<input type=\"hidden\" name=\"_wpcf7cf_hidden_group_fields\" value=\"[]\" \/>\n<input type=\"hidden\" name=\"_wpcf7cf_hidden_groups\" value=\"[]\" \/>\n<input type=\"hidden\" name=\"_wpcf7cf_visible_groups\" value=\"[]\" \/>\n<input type=\"hidden\" name=\"_wpcf7cf_repeaters\" value=\"[]\" \/>\n<input type=\"hidden\" name=\"_wpcf7cf_steps\" value=\"{}\" \/>\n<input type=\"hidden\" name=\"_wpcf7cf_options\" value=\"{&quot;form_id&quot;:13226,&quot;conditions&quot;:[{&quot;then_field&quot;:&quot;file-download-group-1&quot;,&quot;and_rules&quot;:[{&quot;if_field&quot;:&quot;brochure-checkbox&quot;,&quot;operator&quot;:&quot;not empty&quot;,&quot;if_value&quot;:&quot;&quot;}]},{&quot;then_field&quot;:&quot;file-download-group-2&quot;,&quot;and_rules&quot;:[{&quot;if_field&quot;:&quot;brochure-checkbox-2&quot;,&quot;operator&quot;:&quot;not empty&quot;,&quot;if_value&quot;:&quot;&quot;}]},{&quot;then_field&quot;:&quot;file-download-group-3&quot;,&quot;and_rules&quot;:[{&quot;if_field&quot;:&quot;brochure-checkbox-3&quot;,&quot;operator&quot;:&quot;not empty&quot;,&quot;if_value&quot;:&quot;&quot;}]}],&quot;settings&quot;:{&quot;animation&quot;:&quot;yes&quot;,&quot;animation_intime&quot;:200,&quot;animation_outtime&quot;:200,&quot;conditions_ui&quot;:&quot;normal&quot;,&quot;notice_dismissed&quot;:false}}\" \/>\n<input type=\"hidden\" name=\"_wpcf7_recaptcha_response\" value=\"\" \/>\n<\/div>\n<div class=\"vc_row wpb_row vc_row-fluid\">\n\t<div class=\"wpb_column vc_column_container vc_col-sm-12\">\n\t\t<div class=\"vc_column-inner \">\n\t\t\t<div class=\"wpb_wrapper\">\n\t\t\t\t<div name=\"catalog_checkbox\" class=\"catalog_checkbox\" id=\"catalog_checkbox001\">\n\t\t\t\t\t<p><span class=\"wpcf7-form-control-wrap\" data-name=\"brochure-checkbox\"><span class=\"wpcf7-form-control wpcf7-checkbox\" id=\"brochure-checkbox\"><span class=\"wpcf7-list-item first last\"><label><input type=\"checkbox\" name=\"brochure-checkbox[]\" value=\"Diese Brosch\u00fcre herunterladen\" \/><span class=\"wpcf7-list-item-label\">Diese Brosch\u00fcre herunterladen<\/span><\/label><\/span><\/span><\/span>\n\t\t\t\t\t<\/p>\n\t\t\t\t\t<div class=\"flex\">\n\t\t\t\t\t\t<p><img decoding=\"async\" class=\"img_catalog001\" src=\"https:\/\/www.amcon-eu.com\/wp-content\/uploads\/2023\/09\/catalog001.png\" alt=\"\" \/>\n\t\t\t\t\t\t<\/p>\n\t\t\t\t\t\t<div class=\"textbox\">\n\t\t\t\t\t\t\t<h3>VOLUTE DUO\u2122 Neuheit\n\t\t\t\t\t\t\t<\/h3>\n\t\t\t\t\t\t\t<h4>Inhalt\n\t\t\t\t\t\t\t<\/h4>\n\t\t\t\t\t\t\t<p>Von der Revolution zur Evolution, eine neue Stufe der Schlammentw\u00e4sserung<br \/>\nWas ist das Evolution\u00e4re an VOLUTE DUO\u2122?<br \/>\nVorteile von VOLUTE DUO\u2122, Modellaufstellung, Ablauf des Behandlungsprozesses\n\t\t\t\t\t\t\t<\/p>\n\t\t\t\t\t\t<\/div>\n\t\t\t\t\t<\/div>\n\t\t\t\t<\/div><!--brochure checkbox-->\n\t\t\t\t<div name=\"catalog_checkbox\" class=\"catalog_checkbox\" id=\"catalog_checkbox002\">\n\t\t\t\t\t<p><span class=\"wpcf7-form-control-wrap\" data-name=\"brochure-checkbox-2\"><span class=\"wpcf7-form-control wpcf7-checkbox\" id=\"brochure-checkbox-2\"><span class=\"wpcf7-list-item first last\"><label><input type=\"checkbox\" name=\"brochure-checkbox-2[]\" value=\"Diese Brosch\u00fcre herunterladen\" \/><span class=\"wpcf7-list-item-label\">Diese Brosch\u00fcre herunterladen<\/span><\/label><\/span><\/span><\/span>\n\t\t\t\t\t<\/p>\n\t\t\t\t\t<div class=\"flex\">\n\t\t\t\t\t\t<p><img decoding=\"async\" class=\"img_catalog001\" src=\"\/wp-content\/uploads\/2024\/04\/catalog002-1.png\" alt=\"\" \/>\n\t\t\t\t\t\t<\/p>\n\t\t\t\t\t\t<div class=\"textbox\">\n\t\t\t\t\t\t\t<h3>AMCON Schlammentw\u00e4sserungstechnik\n\t\t\t\t\t\t\t<\/h3>\n\t\t\t\t\t\t\t<h4>Inhalt\n\t\t\t\t\t\t\t<\/h4>\n\t\t\t\t\t\t\t<p>Einf\u00fchrung der VOLUTE\u2122-Technologie, einzigartiger Selbstreinigungsmechanismus<br \/>\nNiedriger Energieverbrauch, wassersparend, kompaktes Design<br \/>\nAnwendungen im kommunalen und industriellen Bereich, Modellreihe, Prozessablauf\n\t\t\t\t\t\t\t<\/p>\n\t\t\t\t\t\t<\/div>\n\t\t\t\t\t<\/div>\n\t\t\t\t<\/div><!--brochure checkbox-->\n\t\t\t\t<div name=\"catalog_checkbox\" class=\"catalog_checkbox\" id=\"catalog_checkbox003\">\n\t\t\t\t\t<p><span class=\"wpcf7-form-control-wrap\" data-name=\"brochure-checkbox-3\"><span class=\"wpcf7-form-control wpcf7-checkbox\" id=\"brochure-checkbox-3\"><span class=\"wpcf7-list-item first last\"><label><input type=\"checkbox\" name=\"brochure-checkbox-3[]\" value=\"Diese Brosch\u00fcre herunterladen\" \/><span class=\"wpcf7-list-item-label\">Diese Brosch\u00fcre herunterladen<\/span><\/label><\/span><\/span><\/span>\n\t\t\t\t\t<\/p>\n\t\t\t\t\t<div class=\"flex\">\n\t\t\t\t\t\t<p><img decoding=\"async\" class=\"img_catalog001\" src=\"\/wp-content\/uploads\/2024\/04\/catalog003.png\" alt=\"\" \/>\n\t\t\t\t\t\t<\/p>\n\t\t\t\t\t\t<div class=\"textbox\">\n\t\t\t\t\t\t\t<h3>Statische und dynamische Inline-Mischer\n\t\t\t\t\t\t\t<\/h3>\n\t\t\t\t\t\t\t<h4>Inhalt\n\t\t\t\t\t\t\t<\/h4>\n\t\t\t\t\t\t\t<p>Fortschrittliche Inline-Mischtechnologie, entwickelt mit CTU Prag<br \/>\nHomogenes Mischen, reduziertes Verstopfungsrisiko, energieeffizientes Design<br \/>\nAnwendungen in der Abwasserbehandlung, Chemie-, Lebensmittel- und Pharmaindustrie\n\t\t\t\t\t\t\t<\/p>\n\t\t\t\t\t\t<\/div>\n\t\t\t\t\t<\/div>\n\t\t\t\t<\/div><!--brochure checkbox-->\n\t\t\t<\/div>\n\t\t<\/div>\n\t<\/div>\n<\/div>\n<div class=\"vc_row wpb_row vc_row-fluid\">\n\t<div class=\"wpb_column vc_column_container vc_col-sm-6\">\n\t\t<div class=\"vc_column-inner \">\n\t\t\t<div class=\"wpb_wrapper\">\n\t\t\t\t<p><label> Name * <span class=\"wpcf7-form-control-wrap\" data-name=\"your-name\"><input size=\"40\" maxlength=\"400\" class=\"wpcf7-form-control wpcf7-text wpcf7-validates-as-required\" aria-required=\"true\" aria-invalid=\"false\" value=\"\" type=\"text\" name=\"your-name\" \/><\/span> <\/label><br \/>\n<label> E-Mail * <span class=\"wpcf7-form-control-wrap\" data-name=\"your-email\"><input size=\"40\" maxlength=\"400\" class=\"wpcf7-form-control wpcf7-email wpcf7-validates-as-required wpcf7-text wpcf7-validates-as-email\" aria-required=\"true\" aria-invalid=\"false\" value=\"\" type=\"email\" name=\"your-email\" \/><\/span> <\/label><br \/>\n<label> Telefon * <span class=\"wpcf7-form-control-wrap\" data-name=\"phone\"><input size=\"40\" maxlength=\"400\" class=\"wpcf7-form-control wpcf7-tel wpcf7-validates-as-required wpcf7-text wpcf7-validates-as-tel\" aria-required=\"true\" aria-invalid=\"false\" value=\"\" type=\"tel\" name=\"phone\" \/><\/span> <\/label>\n\t\t\t\t<\/p>\n\t\t\t\t<div data-id=\"file-download-group-1\" data-orig_data_id=\"file-download-group-1\"  data-class=\"wpcf7cf_group\">\n\t\t\t\t<input class=\"wpcf7-form-control wpcf7-hidden\" value=\"brochure 1\" type=\"hidden\" name=\"brochure-id-1\" \/>\n\t\t\t\t<\/div>\n\t\t\t\t<div data-id=\"file-download-group-2\" data-orig_data_id=\"file-download-group-2\"  data-class=\"wpcf7cf_group\">\n\t\t\t\t<input class=\"wpcf7-form-control wpcf7-hidden\" value=\"brochure 2\" type=\"hidden\" name=\"brochure-id-2\" \/>\n\t\t\t\t<\/div>\n\t\t\t\t<div data-id=\"file-download-group-3\" data-orig_data_id=\"file-download-group-3\"  data-class=\"wpcf7cf_group\">\n\t\t\t\t<input class=\"wpcf7-form-control wpcf7-hidden\" value=\"brochure 3\" type=\"hidden\" name=\"brochure-id-3\" \/>\n\t\t\t\t<\/div>\n\t\t\t<\/div>\n\t\t<\/div>\n\t<\/div>\n\t<div class=\"wpb_column vc_column_container vc_col-sm-6\">\n\t\t<div class=\"vc_column-inner \">\n\t\t\t<div class=\"wpb_wrapper\">\n\t\t\t\t<p><label> Firmenname <span class=\"wpcf7-form-control-wrap\" data-name=\"company\"><input size=\"40\" maxlength=\"400\" class=\"wpcf7-form-control wpcf7-text\" aria-invalid=\"false\" value=\"\" type=\"text\" name=\"company\" \/><\/span> <\/label><br \/>\n<label> Land * <span class=\"wpcf7-form-control-wrap\" data-name=\"menu-813\"><select class=\"wpcf7-form-control wpcf7-select wpcf7-validates-as-required\" aria-required=\"true\" aria-invalid=\"false\" name=\"menu-813\"><option value=\"\">&#8211; Bitte ausw\u00e4hlen &#8211;<\/option><option value=\"Deutschland\">Deutschland<\/option><option value=\"\u00d6sterreich\">\u00d6sterreich<\/option><option value=\"Schweiz\">Schweiz<\/option><\/select><\/span><\/label>\n\t\t\t\t<\/p>\n\t\t\t<\/div>\n\t\t<\/div>\n\t<\/div>\n<\/div>\n<div class=\"vc_row wpb_row vc_row-fluid\">\n\t<div class=\"wpb_column vc_column_container vc_col-sm-12\">\n\t\t<div class=\"vc_column-inner \">\n\t\t\t<div class=\"wpb_wrapper\">\n\t\t\t\t<p><span class=\"wpcf7-form-control-wrap\" data-name=\"user-agreement-checkbox\"><span class=\"wpcf7-form-control wpcf7-checkbox wpcf7-validates-as-required user-agreement\"><span class=\"wpcf7-list-item first last\"><label><input type=\"checkbox\" name=\"user-agreement-checkbox[]\" value=\"Ich stimme zu, die ausgew\u00e4hlte(n) Brosch\u00fcre(n) per E-Mail zu erhalten und akzeptiere die Datenschutzerkl\u00e4rung. *\" \/><span class=\"wpcf7-list-item-label\">Ich stimme zu, die ausgew\u00e4hlte(n) Brosch\u00fcre(n) per E-Mail zu erhalten und akzeptiere die Datenschutzerkl\u00e4rung. *<\/span><\/label><\/span><\/span><\/span>\n\t\t\t\t<\/p>\n\t\t\t\t<p class=\"note\">* Lesen Sie unsere <a href=\"\/privacy\/\" target=\"_blank\">Datenschutzerkl\u00e4rung<\/a>.<br \/>\nDie mit einem Sternchen (*) gekennzeichneten Felder sind Pflichtfelder.\n\t\t\t\t<\/p>\n\t\t\t\t<p><input class=\"wpcf7-form-control wpcf7-submit has-spinner\" type=\"submit\" value=\"BROSCH\u00dcRE(N) HERUNTERLADEN\" \/>\n\t\t\t\t<\/p>\n\t\t\t<\/div>\n\t\t<\/div>\n\t<\/div>\n<\/div><div class=\"wpcf7-response-output\" aria-hidden=\"true\"><\/div>\n<\/form>\n<\/div>\n[\/vc_column][\/vc_row]<\/p>\n<\/section>","protected":false},"excerpt":{"rendered":"<p>[vc_row][vc_column][vc_column_text]W\u00e4hlen Sie bitte eine Brosch\u00fcre aus, die Sie herunterladen m\u00f6chten, geben Sie Ihre Daten in das Eingabefeld unten auf der Seite ein und klicken Sie auf die Taste &#8222;BROSCH\u00dcRE(N) HERUNTERLADEN&#8220;. Sie k\u00f6nnen eine oder mehrere Brosch\u00fcren ausw\u00e4hlen.[\/vc_column_text][\/vc_column][\/vc_row]<\/p>\n","protected":false},"author":9,"featured_media":0,"parent":0,"menu_order":0,"comment_status":"closed","ping_status":"closed","template":"page-boxed-layout.php","meta":{"_acf_changed":false,"inline_featured_image":false,"footnotes":""},"class_list":["post-13227","page","type-page","status-publish","hentry"],"acf":[],"yoast_head":"<!-- This site is optimized with the Yoast SEO plugin v26.5 - https:\/\/yoast.com\/wordpress\/plugins\/seo\/ -->\n<title>Brosch\u00fcre Download | AMCON Europe<\/title>\n<meta name=\"description\" content=\"Laden Sie die Online-Brosch\u00fcren f\u00fcr die VOLUTE DUO\u2122-Entw\u00e4sserungspresse, die VOLUTE\u2122-Entw\u00e4sserungspresse und die dynamischen und statischen Inline-Mischer herunter. W\u00e4hlen Sie die gew\u00fcnschte Brosch\u00fcre aus, geben Sie Ihre Daten ein und best\u00e4tigen Sie, um auf die neuesten Informationen zu fortschrittlichen Schlammentw\u00e4sserungstechnologien, verschiedenen Produktreihen und Behandlungsverfahren zuzugreifen.\" \/>\n<meta name=\"robots\" content=\"index, follow, max-snippet:-1, max-image-preview:large, max-video-preview:-1\" \/>\n<link rel=\"canonical\" href=\"https:\/\/www.amcon-eu.com\/de\/broschuere-download\/\" \/>\n<meta property=\"og:locale\" content=\"de_DE\" \/>\n<meta property=\"og:type\" content=\"article\" \/>\n<meta property=\"og:title\" content=\"Brosch\u00fcre Download | AMCON Europe\" \/>\n<meta property=\"og:description\" content=\"Laden Sie die Online-Brosch\u00fcren f\u00fcr die VOLUTE DUO\u2122-Entw\u00e4sserungspresse, die VOLUTE\u2122-Entw\u00e4sserungspresse und die dynamischen und statischen Inline-Mischer herunter. W\u00e4hlen Sie die gew\u00fcnschte Brosch\u00fcre aus, geben Sie Ihre Daten ein und best\u00e4tigen Sie, um auf die neuesten Informationen zu fortschrittlichen Schlammentw\u00e4sserungstechnologien, verschiedenen Produktreihen und Behandlungsverfahren zuzugreifen.\" \/>\n<meta property=\"og:url\" content=\"https:\/\/www.amcon-eu.com\/de\/broschuere-download\/\" \/>\n<meta property=\"og:site_name\" content=\"AMCON Europe\" \/>\n<meta property=\"article:publisher\" content=\"https:\/\/www.facebook.com\/AMCON.Europe.sro\" \/>\n<meta property=\"article:modified_time\" content=\"2025-03-27T09:39:21+00:00\" \/>\n<meta property=\"og:image\" content=\"https:\/\/www.amcon-eu.com\/wp-content\/uploads\/2025\/06\/AMCON-Europe_site-image.png\" \/>\n\t<meta property=\"og:image:width\" content=\"1200\" \/>\n\t<meta property=\"og:image:height\" content=\"675\" \/>\n\t<meta property=\"og:image:type\" content=\"image\/png\" \/>\n<meta name=\"twitter:card\" content=\"summary_large_image\" \/>\n<meta name=\"twitter:label1\" content=\"Gesch\u00e4tzte Lesezeit\" \/>\n\t<meta name=\"twitter:data1\" content=\"1\u00a0Minute\" \/>\n<script type=\"application\/ld+json\" class=\"yoast-schema-graph\">{\"@context\":\"https:\/\/schema.org\",\"@graph\":[{\"@type\":\"WebPage\",\"@id\":\"https:\/\/www.amcon-eu.com\/de\/broschuere-download\/\",\"url\":\"https:\/\/www.amcon-eu.com\/de\/broschuere-download\/\",\"name\":\"Brosch\u00fcre Download | AMCON Europe\",\"isPartOf\":{\"@id\":\"https:\/\/www.amcon-eu.com\/de\/#website\"},\"datePublished\":\"2023-09-15T13:22:37+00:00\",\"dateModified\":\"2025-03-27T09:39:21+00:00\",\"description\":\"Laden Sie die Online-Brosch\u00fcren f\u00fcr die VOLUTE DUO\u2122-Entw\u00e4sserungspresse, die VOLUTE\u2122-Entw\u00e4sserungspresse und die dynamischen und statischen Inline-Mischer herunter. W\u00e4hlen Sie die gew\u00fcnschte Brosch\u00fcre aus, geben Sie Ihre Daten ein und best\u00e4tigen Sie, um auf die neuesten Informationen zu fortschrittlichen Schlammentw\u00e4sserungstechnologien, verschiedenen Produktreihen und Behandlungsverfahren zuzugreifen.\",\"breadcrumb\":{\"@id\":\"https:\/\/www.amcon-eu.com\/de\/broschuere-download\/#breadcrumb\"},\"inLanguage\":\"de\",\"potentialAction\":[{\"@type\":\"ReadAction\",\"target\":[\"https:\/\/www.amcon-eu.com\/de\/broschuere-download\/\"]}]},{\"@type\":\"BreadcrumbList\",\"@id\":\"https:\/\/www.amcon-eu.com\/de\/broschuere-download\/#breadcrumb\",\"itemListElement\":[{\"@type\":\"ListItem\",\"position\":1,\"name\":\"\u30db\u30fc\u30e0\",\"item\":\"https:\/\/www.amcon-eu.com\/de\/\"},{\"@type\":\"ListItem\",\"position\":2,\"name\":\"Brosch\u00fcre Download\"}]},{\"@type\":\"WebSite\",\"@id\":\"https:\/\/www.amcon-eu.com\/de\/#website\",\"url\":\"https:\/\/www.amcon-eu.com\/de\/\",\"name\":\"AMCON Europe\",\"description\":\"Bequeme Schlammentw\u00e4sserung\",\"potentialAction\":[{\"@type\":\"SearchAction\",\"target\":{\"@type\":\"EntryPoint\",\"urlTemplate\":\"https:\/\/www.amcon-eu.com\/de\/?s={search_term_string}\"},\"query-input\":{\"@type\":\"PropertyValueSpecification\",\"valueRequired\":true,\"valueName\":\"search_term_string\"}}],\"inLanguage\":\"de\"}]}<\/script>\n<!-- \/ Yoast SEO plugin. -->","yoast_head_json":{"title":"Brosch\u00fcre Download | AMCON Europe","description":"Laden Sie die Online-Brosch\u00fcren f\u00fcr die VOLUTE DUO\u2122-Entw\u00e4sserungspresse, die VOLUTE\u2122-Entw\u00e4sserungspresse und die dynamischen und statischen Inline-Mischer herunter. W\u00e4hlen Sie die gew\u00fcnschte Brosch\u00fcre aus, geben Sie Ihre Daten ein und best\u00e4tigen Sie, um auf die neuesten Informationen zu fortschrittlichen Schlammentw\u00e4sserungstechnologien, verschiedenen Produktreihen und Behandlungsverfahren zuzugreifen.","robots":{"index":"index","follow":"follow","max-snippet":"max-snippet:-1","max-image-preview":"max-image-preview:large","max-video-preview":"max-video-preview:-1"},"canonical":"https:\/\/www.amcon-eu.com\/de\/broschuere-download\/","og_locale":"de_DE","og_type":"article","og_title":"Brosch\u00fcre Download | AMCON Europe","og_description":"Laden Sie die Online-Brosch\u00fcren f\u00fcr die VOLUTE DUO\u2122-Entw\u00e4sserungspresse, die VOLUTE\u2122-Entw\u00e4sserungspresse und die dynamischen und statischen Inline-Mischer herunter. W\u00e4hlen Sie die gew\u00fcnschte Brosch\u00fcre aus, geben Sie Ihre Daten ein und best\u00e4tigen Sie, um auf die neuesten Informationen zu fortschrittlichen Schlammentw\u00e4sserungstechnologien, verschiedenen Produktreihen und Behandlungsverfahren zuzugreifen.","og_url":"https:\/\/www.amcon-eu.com\/de\/broschuere-download\/","og_site_name":"AMCON Europe","article_publisher":"https:\/\/www.facebook.com\/AMCON.Europe.sro","article_modified_time":"2025-03-27T09:39:21+00:00","og_image":[{"width":1200,"height":675,"url":"https:\/\/www.amcon-eu.com\/wp-content\/uploads\/2025\/06\/AMCON-Europe_site-image.png","type":"image\/png"}],"twitter_card":"summary_large_image","twitter_misc":{"Gesch\u00e4tzte Lesezeit":"1\u00a0Minute"},"schema":{"@context":"https:\/\/schema.org","@graph":[{"@type":"WebPage","@id":"https:\/\/www.amcon-eu.com\/de\/broschuere-download\/","url":"https:\/\/www.amcon-eu.com\/de\/broschuere-download\/","name":"Brosch\u00fcre Download | AMCON Europe","isPartOf":{"@id":"https:\/\/www.amcon-eu.com\/de\/#website"},"datePublished":"2023-09-15T13:22:37+00:00","dateModified":"2025-03-27T09:39:21+00:00","description":"Laden Sie die Online-Brosch\u00fcren f\u00fcr die VOLUTE DUO\u2122-Entw\u00e4sserungspresse, die VOLUTE\u2122-Entw\u00e4sserungspresse und die dynamischen und statischen Inline-Mischer herunter. W\u00e4hlen Sie die gew\u00fcnschte Brosch\u00fcre aus, geben Sie Ihre Daten ein und best\u00e4tigen Sie, um auf die neuesten Informationen zu fortschrittlichen Schlammentw\u00e4sserungstechnologien, verschiedenen Produktreihen und Behandlungsverfahren zuzugreifen.","breadcrumb":{"@id":"https:\/\/www.amcon-eu.com\/de\/broschuere-download\/#breadcrumb"},"inLanguage":"de","potentialAction":[{"@type":"ReadAction","target":["https:\/\/www.amcon-eu.com\/de\/broschuere-download\/"]}]},{"@type":"BreadcrumbList","@id":"https:\/\/www.amcon-eu.com\/de\/broschuere-download\/#breadcrumb","itemListElement":[{"@type":"ListItem","position":1,"name":"\u30db\u30fc\u30e0","item":"https:\/\/www.amcon-eu.com\/de\/"},{"@type":"ListItem","position":2,"name":"Brosch\u00fcre Download"}]},{"@type":"WebSite","@id":"https:\/\/www.amcon-eu.com\/de\/#website","url":"https:\/\/www.amcon-eu.com\/de\/","name":"AMCON Europe","description":"Bequeme Schlammentw\u00e4sserung","potentialAction":[{"@type":"SearchAction","target":{"@type":"EntryPoint","urlTemplate":"https:\/\/www.amcon-eu.com\/de\/?s={search_term_string}"},"query-input":{"@type":"PropertyValueSpecification","valueRequired":true,"valueName":"search_term_string"}}],"inLanguage":"de"}]}},"_links":{"self":[{"href":"https:\/\/www.amcon-eu.com\/de\/wp-json\/wp\/v2\/pages\/13227","targetHints":{"allow":["GET"]}}],"collection":[{"href":"https:\/\/www.amcon-eu.com\/de\/wp-json\/wp\/v2\/pages"}],"about":[{"href":"https:\/\/www.amcon-eu.com\/de\/wp-json\/wp\/v2\/types\/page"}],"author":[{"embeddable":true,"href":"https:\/\/www.amcon-eu.com\/de\/wp-json\/wp\/v2\/users\/9"}],"replies":[{"embeddable":true,"href":"https:\/\/www.amcon-eu.com\/de\/wp-json\/wp\/v2\/comments?post=13227"}],"version-history":[{"count":5,"href":"https:\/\/www.amcon-eu.com\/de\/wp-json\/wp\/v2\/pages\/13227\/revisions"}],"predecessor-version":[{"id":23079,"href":"https:\/\/www.amcon-eu.com\/de\/wp-json\/wp\/v2\/pages\/13227\/revisions\/23079"}],"wp:attachment":[{"href":"https:\/\/www.amcon-eu.com\/de\/wp-json\/wp\/v2\/media?parent=13227"}],"curies":[{"name":"wp","href":"https:\/\/api.w.org\/{rel}","templated":true}]}}