{"id":25009,"date":"2025-07-22T13:34:43","date_gmt":"2025-07-22T11:34:43","guid":{"rendered":"https:\/\/www.amcon-eu.com\/?page_id=25009"},"modified":"2026-01-13T10:35:12","modified_gmt":"2026-01-13T09:35:12","slug":"eu-projekty","status":"publish","type":"page","link":"https:\/\/www.amcon-eu.com\/cs\/eu-projekty\/","title":{"rendered":"EU projekty"},"content":{"rendered":"<section class=\"wpb-content-wrapper\"><p>[vc_section el_class=&#8220;border-bottom&#8220;][vc_row el_class=&#8220;uk-container uk-padding-top&#8220;][vc_column][vc_custom_heading text=&#8220;EU projekty&#8220; font_container=&#8220;tag:h1|text_align:left&#8220; use_theme_fonts=&#8220;yes&#8220; el_class=&#8220;ttl-h1&#8243;][vc_column_text el_class=&#8220;border-bottom uk-padding-bottom uk-margin-medium-bottom&#8220;]<\/p>\n<p class=\"\">Zde najdete projekty, kter\u00e9 AMCON Europe s.r.o. realizuje s podporou fond\u016f Evropsk\u00e9 unie.<\/p>\n<p>[\/vc_column_text][vc_column_text]<\/p>\n<ul class=\"uk-list uk-list-large uk-margin-large-bottom\">\n<li><a class=\"textlink-hover\" href=\"#about01\">Kompaktn\u00ed syst\u00e9m \u00fapravy odpadn\u00edch vod<i class=\"fa-solid fa-chevron-down uk-margin-small-left\"><\/i><\/a><\/li>\n<li><a class=\"textlink-hover\" href=\"#about02\">Testov\u00e1n\u00ed inovativn\u00edho za\u0159\u00edzen\u00ed pro odvodn\u011bn\u00ed kalu a hygienizaci v\u00e1pnem<i class=\"fa-solid fa-chevron-down uk-margin-small-left\"><\/i><\/a><\/li>\n<li><a class=\"textlink-hover\" href=\"#about03\">V\u00fdvoj inovativn\u00edho lisu a zahu\u0161\u0165ova\u010de odpadn\u00edch kal\u016f<i class=\"fa-solid fa-chevron-down uk-margin-small-left\"><\/i><\/a><\/li>\n<li><a class=\"textlink-hover\" href=\"#about04\">V\u00fdvoj pokro\u010dil\u00e9 metody optimalizace m\u00edsen\u00ed a chemick\u00e9 d\u00e1vky pro procesy odvod\u0148ov\u00e1n\u00ed kal\u016f a flotace<i class=\"fa-solid fa-chevron-down uk-margin-small-left\"><\/i><\/a><\/li>\n<\/ul>\n<p>[\/vc_column_text][\/vc_column][\/vc_row][\/vc_section][vc_section el_id=&#8220;about01&#8243; el_class=&#8220;border-bottom uk-padding-large-top&#8220;][vc_row el_class=&#8220;uk-container uk-container-medium uk-margin-large&#8220;][vc_column][vc_custom_heading text=&#8220;Kompaktn\u00ed syst\u00e9m \u00fapravy odpadn\u00edch vod&#8220; font_container=&#8220;tag:h2|text_align:center&#8220; el_class=&#8220;ttl-h2-center uk-margin-large&#8220;][vc_column_text el_class=&#8220;uk-margin-medium&#8220;]<span style=\"color: #000000;\"><i>Spole\u010dnost AMCON Europe s.r.o. realizuje projekt \u201eKompaktn\u00ed syst\u00e9m \u00fapravy odpadn\u00edch vod\u201c, reg. \u010d.: CZ.01.1.02\/0.0\/0.0\/17_106\/0012265. Tento projekt je financov\u00e1n za podpory Evropsk\u00e9 unie z prost\u0159edk\u016f fondu pro region\u00e1ln\u00ed rozvoj v r\u00e1mci Opera\u010dn\u00edho programu podnik\u00e1n\u00ed a inovace pro konkurenceschopnost pod z\u00e1\u0161titou Ministerstva pr\u016fmyslu a obchodu.<\/i><\/span><\/p>\n<p>C\u00edlem projektu je vyvinout Kompaktn\u00ed syst\u00e9m \u00fapravy odpadn\u00edch vod, kter\u00fd zajist\u00ed \u00fa\u010dinnou \u00fapravu odpadn\u00edch vod podle po\u017eadovan\u00fdch norem.<\/p>\n<p>Projekt je realizov\u00e1n bez partnera v r\u00e1mci v\u00fdzkumn\u00fdch a v\u00fdvojov\u00fdch kapacit firmy AMCON Europe s.r.o.<\/p>\n<p><img loading=\"lazy\" decoding=\"async\" class=\"alignleft size-medium wp-image-3129\" src=\"\/wp-content\/uploads\/2025\/07\/mpo-logo_x94.png\" alt=\"\" width=\"176\" height=\"94\" \/><img loading=\"lazy\" decoding=\"async\" class=\"size-medium wp-image-3126 alignright\" src=\"\/wp-content\/uploads\/2025\/07\/Logo-EU-300x94-300x94-1.png\" alt=\"\" width=\"300\" height=\"94\" \/>[\/vc_column_text][\/vc_column][\/vc_row][\/vc_section][vc_section el_id=&#8220;about02&#8243; el_class=&#8220;border-bottom uk-padding-large-top&#8220;][vc_row el_class=&#8220;uk-container uk-container-medium uk-margin-large&#8220;][vc_column][vc_custom_heading text=&#8220;Testov\u00e1n\u00ed inovativn\u00edho za\u0159\u00edzen\u00ed pro odvodn\u011bn\u00ed kalu a hygienizaci v\u00e1pnem&#8220; font_container=&#8220;tag:h2|text_align:center&#8220; el_class=&#8220;ttl-h2-center uk-margin-large&#8220;][vc_column_text el_class=&#8220;uk-margin-medium&#8220;]<i>Spole\u010dnost AMCON Europe s.r.o. realizuje projekt<\/i> \u201e<i>III. Testov\u00e1n\u00ed inovativn\u00edho za\u0159\u00edzen\u00ed pro odvodn\u011bn\u00ed kalu a hygienizaci v\u00e1pnem\u201c, reg. \u010d.: CZ.01.1.02\/0.0\/0.0\/18_215\/0019334. Tento projekt je financov\u00e1n za podpory Evropsk\u00e9 unie z prost\u0159edk\u016f fondu pro region\u00e1ln\u00ed rozvoj v r\u00e1mci Opera\u010dn\u00edho programu podnik\u00e1n\u00ed a inovace pro konkurenceschopnost pod z\u00e1\u0161titou Ministerstva pr\u016fmyslu a obchodu.<\/i><\/p>\n<p>C\u00edlem projektu je certifikace inovativn\u00edho za\u0159\u00edzen\u00ed a zku\u0161ebn\u00edho testov\u00e1n\u00ed jednotky odvodn\u011bn\u00ed kalu, kter\u00e1 nov\u011b obsahuje z\u00f3nu p\u0159ed-zahu\u0161t\u011bn\u00ed. A d\u00e1le certifikace jednotky hygienizace kalu, kter\u00e1 slou\u017e\u00ed k zabezpe\u010den\u00ed kalu pomoc\u00ed d\u00e1vkov\u00e1n\u00ed v\u00e1pna.<\/p>\n<p>Projekt je realizov\u00e1n s partnerem v r\u00e1mci v\u00fdzkumn\u00fdch a v\u00fdvojov\u00fdch kapacit firmy AMCON Europe s.r.o a partnera\u00a0Strojn\u00ed zku\u0161ebn\u00ed \u00fastav s.p..<\/p>\n<p><img loading=\"lazy\" decoding=\"async\" class=\"alignleft size-medium wp-image-3129\" src=\"\/wp-content\/uploads\/2025\/07\/mpo-logo_x94.png\" alt=\"\" width=\"176\" height=\"94\" \/><img loading=\"lazy\" decoding=\"async\" class=\"size-medium wp-image-3126 alignright\" src=\"\/wp-content\/uploads\/2025\/07\/Logo-EU-300x94-300x94-1.png\" alt=\"\" width=\"300\" height=\"94\" \/>[\/vc_column_text][\/vc_column][\/vc_row][\/vc_section][vc_section el_class=&#8220;border-bottom uk-padding-large-top&#8220; el_id=&#8220;about03&#8243;][vc_row el_class=&#8220;uk-container uk-container-medium uk-margin-large&#8220;][vc_column][vc_custom_heading text=&#8220;V\u00fdvoj inovativn\u00edho lisu a zahu\u0161\u0165ova\u010de odpadn\u00edch kal\u016f&#8220; font_container=&#8220;tag:h2|text_align:center&#8220; el_class=&#8220;ttl-h2-center uk-margin-large&#8220;][vc_column_text el_class=&#8220;uk-margin-medium&#8220;]<i>Spole\u010dnost AMCON Europe s.r.o. realizuje projekt \u201eV\u00fdvoj inovativn\u00edho lisu a zahu\u0161\u0165ova\u010de odpadn\u00edch kal\u016f druh\u00e9 generace\u201c, reg. \u010d.: CZ.01.1.02\/0.0\/0.0\/17_175\/0015591. Tento projekt je financov\u00e1n za podpory Evropsk\u00e9 unie z\u00a0prost\u0159edk\u016f fondu pro region\u00e1ln\u00ed rozvoj v\u00a0r\u00e1mci Opera\u010dn\u00edho programu podnik\u00e1n\u00ed a inovace pro konkurenceschopnost pod z\u00e1\u0161titou Ministerstva pr\u016fmyslu a obchodu.<\/i><\/p>\n<p>C\u00edlem projektu je vyvinout inovativn\u00ed syst\u00e9m odvod\u0148ov\u00e1n\u00ed a zahu\u0161\u0165ov\u00e1n\u00ed kal\u016f vych\u00e1zej\u00edc\u00ed z patentovan\u00e9 metody VOLUTE, kter\u00fd dok\u00e1\u017ee \u00fa\u010dinn\u011bji a efektivn\u011bji odvod\u0148ovat pr\u016fmyslov\u00e9 kaly.<\/p>\n<p>Projekt je realizov\u00e1n bez partnera v\u00a0r\u00e1mci v\u00fdzkumn\u00fdch a v\u00fdvojov\u00fdch kapacit firmy AMCON Europe s.r.o.<\/p>\n<p><img loading=\"lazy\" decoding=\"async\" class=\"alignleft size-medium wp-image-3129\" src=\"\/wp-content\/uploads\/2025\/07\/mpo-logo_x94.png\" alt=\"\" width=\"176\" height=\"94\" \/><img loading=\"lazy\" decoding=\"async\" class=\"size-medium wp-image-3126 alignright\" src=\"\/wp-content\/uploads\/2025\/07\/Logo-EU-300x94-300x94-1.png\" alt=\"\" width=\"300\" height=\"94\" \/>[\/vc_column_text][\/vc_column][\/vc_row][\/vc_section][vc_section el_id=&#8220;about04&#8243; el_class=&#8220;border-bottom uk-padding-large-top&#8220;][vc_row el_class=&#8220;uk-container uk-container-medium uk-margin-large&#8220;][vc_column][vc_row_inner][vc_column_inner][vc_custom_heading text=&#8220;V\u00fdvoj pokro\u010dil\u00e9 metody optimalizace m\u00edsen\u00ed a chemick\u00e9 d\u00e1vky pro procesy odvod\u0148ov\u00e1n\u00ed kal\u016f a flotace&#8220; font_container=&#8220;tag:h2|text_align:center&#8220; use_theme_fonts=&#8220;yes&#8220; el_class=&#8220;ttl-h2-center uk-margin-large&#8220;][vc_column_text el_class=&#8220;uk-margin-medium&#8220;]<i>Spole\u010dnost AMCON Europe s.r.o. realizuje projekt \u201eV\u00fdvoj pokro\u010dil\u00e9 metody optimalizace m\u00edsen\u00ed a chemick\u00e9 d\u00e1vky pro procesy odvod\u0148ov\u00e1n\u00ed kal\u016f a flotace\u201c, reg. \u010d.: <\/i>CZ.01.1.02\/0.0\/0.0\/19_262\/0020152<i>. Tento projekt je financov\u00e1n za podpory Evropsk\u00e9 unie z prost\u0159edk\u016f fondu pro region\u00e1ln\u00ed rozvoj v r\u00e1mci Opera\u010dn\u00edho programu podnik\u00e1n\u00ed a inovace pro konkurenceschopnost pod z\u00e1\u0161titou Ministerstva pr\u016fmyslu a obchodu.<\/i><\/p>\n<p>C\u00edlem projektu je je nov\u00fd koncept za\u0159\u00edzen\u00ed, ov\u011b\u0159en\u00fd v podob\u011b funk\u010dn\u00edho prototypu. Jedn\u00e1 se o prototyp komplexn\u00edho syst\u00e9mu pro automatick\u00e9 m\u00edsen\u00ed a d\u00e1vkov\u00e1n\u00ed chemie pro \u010di\u0161t\u011bn\u00ed odpadn\u00edch vod..<\/p>\n<p>Projekt je realizov\u00e1n v r\u00e1mci v\u00fdzkumn\u00fdch a v\u00fdvojov\u00fdch kapacit firmy AMCON Europe s.r.o. a \u010cesk\u00e9 vysok\u00e9 u\u010den\u00ed technick\u00e9 v Praze<\/p>\n<p><img loading=\"lazy\" decoding=\"async\" class=\"alignleft size-medium wp-image-3129\" src=\"\/wp-content\/uploads\/2025\/07\/mpo-logo_x94.png\" alt=\"\" width=\"176\" height=\"94\" \/><img loading=\"lazy\" decoding=\"async\" class=\"size-medium wp-image-3126 alignright\" src=\"\/wp-content\/uploads\/2025\/07\/Logo-EU-300x94-300x94-1.png\" alt=\"\" width=\"300\" height=\"94\" \/>[\/vc_column_text][\/vc_column_inner][\/vc_row_inner][\/vc_column][\/vc_row][\/vc_section]<\/p>\n<\/section>","protected":false},"excerpt":{"rendered":"<p>[vc_section el_class=&#8220;border-bottom&#8220;][vc_row el_class=&#8220;uk-container uk-padding-top&#8220;][vc_column][vc_custom_heading text=&#8220;EU projekty&#8220; font_container=&#8220;tag:h1|text_align:left&#8220; use_theme_fonts=&#8220;yes&#8220; el_class=&#8220;ttl-h1&#8243;][vc_column_text el_class=&#8220;border-bottom uk-padding-bottom uk-margin-medium-bottom&#8220;] Zde najdete projekty, kter\u00e9 AMCON Europe s.r.o. realizuje s podporou fond\u016f Evropsk\u00e9 unie. [\/vc_column_text][vc_column_text] Kompaktn\u00ed syst\u00e9m \u00fapravy odpadn\u00edch vod Testov\u00e1n\u00ed inovativn\u00edho za\u0159\u00edzen\u00ed pro odvodn\u011bn\u00ed kalu a hygienizaci v\u00e1pnem V\u00fdvoj inovativn\u00edho lisu a zahu\u0161\u0165ova\u010de odpadn\u00edch kal\u016f V\u00fdvoj pokro\u010dil\u00e9 metody optimalizace m\u00edsen\u00ed a chemick\u00e9 d\u00e1vky pro procesy odvod\u0148ov\u00e1n\u00ed kal\u016f a flotace [\/vc_column_text][\/vc_column][\/vc_row][\/vc_section][vc_section el_id=&#8220;about01&#8243; el_class=&#8220;border-bottom uk-padding-large-top&#8220;][vc_row el_class=&#8220;uk-container uk-container-medium uk-margin-large&#8220;][vc_column][vc_custom_heading text=&#8220;Kompaktn\u00ed syst\u00e9m \u00fapravy odpadn\u00edch vod&#8220; font_container=&#8220;tag:h2|text_align:center&#8220; el_class=&#8220;ttl-h2-center uk-margin-large&#8220;][vc_column_text el_class=&#8220;uk-margin-medium&#8220;]Spole\u010dnost AMCON Europe s.r.o. realizuje projekt \u201eKompaktn\u00ed syst\u00e9m \u00fapravy odpadn\u00edch vod\u201c, reg. \u010d.: CZ.01.1.02\/0.0\/0.0\/17_106\/0012265. Tento projekt je financov\u00e1n za podpory Evropsk\u00e9 unie z prost\u0159edk\u016f fondu pro region\u00e1ln\u00ed rozvoj v r\u00e1mci Opera\u010dn\u00edho programu podnik\u00e1n\u00ed a <a href=\"https:\/\/www.amcon-eu.com\/cs\/eu-projekty\/\" class=\"more-link\">&#8230;<span class=\"screen-reader-text\">  EU projekty<\/span><\/a><\/p>\n","protected":false},"author":5,"featured_media":0,"parent":0,"menu_order":0,"comment_status":"closed","ping_status":"closed","template":"","meta":{"_acf_changed":false,"inline_featured_image":false,"footnotes":""},"class_list":["post-25009","page","type-page","status-publish","hentry"],"acf":[],"yoast_head":"<!-- This site is optimized with the Yoast SEO plugin v26.5 - https:\/\/yoast.com\/wordpress\/plugins\/seo\/ -->\n<title>EU projekty | AMCON Europe<\/title>\n<meta name=\"robots\" content=\"index, follow, max-snippet:-1, max-image-preview:large, max-video-preview:-1\" \/>\n<link rel=\"canonical\" href=\"https:\/\/www.amcon-eu.com\/cs\/eu-projekty\/\" \/>\n<meta property=\"og:locale\" content=\"cs_CZ\" \/>\n<meta property=\"og:type\" content=\"article\" \/>\n<meta property=\"og:title\" content=\"EU projekty | AMCON Europe\" \/>\n<meta property=\"og:description\" content=\"[vc_section el_class=&#8220;border-bottom&#8220;][vc_row el_class=&#8220;uk-container uk-padding-top&#8220;][vc_column][vc_custom_heading text=&#8220;EU projekty&#8220; font_container=&#8220;tag:h1|text_align:left&#8220; use_theme_fonts=&#8220;yes&#8220; el_class=&#8220;ttl-h1&#8243;][vc_column_text el_class=&#8220;border-bottom uk-padding-bottom uk-margin-medium-bottom&#8220;] Zde najdete projekty, kter\u00e9 AMCON Europe s.r.o. realizuje s podporou fond\u016f Evropsk\u00e9 unie. [\/vc_column_text][vc_column_text] Kompaktn\u00ed syst\u00e9m \u00fapravy odpadn\u00edch vod Testov\u00e1n\u00ed inovativn\u00edho za\u0159\u00edzen\u00ed pro odvodn\u011bn\u00ed kalu a hygienizaci v\u00e1pnem V\u00fdvoj inovativn\u00edho lisu a zahu\u0161\u0165ova\u010de odpadn\u00edch kal\u016f V\u00fdvoj pokro\u010dil\u00e9 metody optimalizace m\u00edsen\u00ed a chemick\u00e9 d\u00e1vky pro procesy odvod\u0148ov\u00e1n\u00ed kal\u016f a flotace [\/vc_column_text][\/vc_column][\/vc_row][\/vc_section][vc_section el_id=&#8220;about01&#8243; el_class=&#8220;border-bottom uk-padding-large-top&#8220;][vc_row el_class=&#8220;uk-container uk-container-medium uk-margin-large&#8220;][vc_column][vc_custom_heading text=&#8220;Kompaktn\u00ed syst\u00e9m \u00fapravy odpadn\u00edch vod&#8220; font_container=&#8220;tag:h2|text_align:center&#8220; el_class=&#8220;ttl-h2-center uk-margin-large&#8220;][vc_column_text el_class=&#8220;uk-margin-medium&#8220;]Spole\u010dnost AMCON Europe s.r.o. realizuje projekt \u201eKompaktn\u00ed syst\u00e9m \u00fapravy odpadn\u00edch vod\u201c, reg. \u010d.: CZ.01.1.02\/0.0\/0.0\/17_106\/0012265. Tento projekt je financov\u00e1n za podpory Evropsk\u00e9 unie z prost\u0159edk\u016f fondu pro region\u00e1ln\u00ed rozvoj v r\u00e1mci Opera\u010dn\u00edho programu podnik\u00e1n\u00ed a ... EU projekty\" \/>\n<meta property=\"og:url\" content=\"https:\/\/www.amcon-eu.com\/cs\/eu-projekty\/\" \/>\n<meta property=\"og:site_name\" content=\"AMCON Europe\" \/>\n<meta property=\"article:publisher\" content=\"https:\/\/www.facebook.com\/AMCON.Europe.sro\" \/>\n<meta property=\"article:modified_time\" content=\"2026-01-13T09:35:12+00:00\" \/>\n<meta property=\"og:image\" content=\"https:\/\/www.amcon-eu.com\/wp-content\/uploads\/2025\/06\/AMCON-Europe_site-image.png\" \/>\n\t<meta property=\"og:image:width\" content=\"1200\" \/>\n\t<meta property=\"og:image:height\" content=\"675\" \/>\n\t<meta property=\"og:image:type\" content=\"image\/png\" \/>\n<meta name=\"twitter:card\" content=\"summary_large_image\" \/>\n<meta name=\"twitter:label1\" content=\"Odhadovan\u00e1 doba \u010dten\u00ed\" \/>\n\t<meta name=\"twitter:data1\" content=\"4 minuty\" \/>\n<script type=\"application\/ld+json\" class=\"yoast-schema-graph\">{\"@context\":\"https:\/\/schema.org\",\"@graph\":[{\"@type\":\"WebPage\",\"@id\":\"https:\/\/www.amcon-eu.com\/cs\/eu-projekty\/\",\"url\":\"https:\/\/www.amcon-eu.com\/cs\/eu-projekty\/\",\"name\":\"EU projekty | AMCON Europe\",\"isPartOf\":{\"@id\":\"https:\/\/www.amcon-eu.com\/cs\/#website\"},\"datePublished\":\"2025-07-22T11:34:43+00:00\",\"dateModified\":\"2026-01-13T09:35:12+00:00\",\"breadcrumb\":{\"@id\":\"https:\/\/www.amcon-eu.com\/cs\/eu-projekty\/#breadcrumb\"},\"inLanguage\":\"cs\",\"potentialAction\":[{\"@type\":\"ReadAction\",\"target\":[\"https:\/\/www.amcon-eu.com\/cs\/eu-projekty\/\"]}]},{\"@type\":\"BreadcrumbList\",\"@id\":\"https:\/\/www.amcon-eu.com\/cs\/eu-projekty\/#breadcrumb\",\"itemListElement\":[{\"@type\":\"ListItem\",\"position\":1,\"name\":\"\u30db\u30fc\u30e0\",\"item\":\"https:\/\/www.amcon-eu.com\/cs\/\"},{\"@type\":\"ListItem\",\"position\":2,\"name\":\"EU projekty\"}]},{\"@type\":\"WebSite\",\"@id\":\"https:\/\/www.amcon-eu.com\/cs\/#website\",\"url\":\"https:\/\/www.amcon-eu.com\/cs\/\",\"name\":\"AMCON Europe\",\"description\":\"Pohodln\u00e9 odvod\u0148ov\u00e1n\u00ed kal\u016f\",\"potentialAction\":[{\"@type\":\"SearchAction\",\"target\":{\"@type\":\"EntryPoint\",\"urlTemplate\":\"https:\/\/www.amcon-eu.com\/cs\/?s={search_term_string}\"},\"query-input\":{\"@type\":\"PropertyValueSpecification\",\"valueRequired\":true,\"valueName\":\"search_term_string\"}}],\"inLanguage\":\"cs\"}]}<\/script>\n<!-- \/ Yoast SEO plugin. -->","yoast_head_json":{"title":"EU projekty | AMCON Europe","robots":{"index":"index","follow":"follow","max-snippet":"max-snippet:-1","max-image-preview":"max-image-preview:large","max-video-preview":"max-video-preview:-1"},"canonical":"https:\/\/www.amcon-eu.com\/cs\/eu-projekty\/","og_locale":"cs_CZ","og_type":"article","og_title":"EU projekty | AMCON Europe","og_description":"[vc_section el_class=&#8220;border-bottom&#8220;][vc_row el_class=&#8220;uk-container uk-padding-top&#8220;][vc_column][vc_custom_heading text=&#8220;EU projekty&#8220; font_container=&#8220;tag:h1|text_align:left&#8220; use_theme_fonts=&#8220;yes&#8220; el_class=&#8220;ttl-h1&#8243;][vc_column_text el_class=&#8220;border-bottom uk-padding-bottom uk-margin-medium-bottom&#8220;] Zde najdete projekty, kter\u00e9 AMCON Europe s.r.o. realizuje s podporou fond\u016f Evropsk\u00e9 unie. [\/vc_column_text][vc_column_text] Kompaktn\u00ed syst\u00e9m \u00fapravy odpadn\u00edch vod Testov\u00e1n\u00ed inovativn\u00edho za\u0159\u00edzen\u00ed pro odvodn\u011bn\u00ed kalu a hygienizaci v\u00e1pnem V\u00fdvoj inovativn\u00edho lisu a zahu\u0161\u0165ova\u010de odpadn\u00edch kal\u016f V\u00fdvoj pokro\u010dil\u00e9 metody optimalizace m\u00edsen\u00ed a chemick\u00e9 d\u00e1vky pro procesy odvod\u0148ov\u00e1n\u00ed kal\u016f a flotace [\/vc_column_text][\/vc_column][\/vc_row][\/vc_section][vc_section el_id=&#8220;about01&#8243; el_class=&#8220;border-bottom uk-padding-large-top&#8220;][vc_row el_class=&#8220;uk-container uk-container-medium uk-margin-large&#8220;][vc_column][vc_custom_heading text=&#8220;Kompaktn\u00ed syst\u00e9m \u00fapravy odpadn\u00edch vod&#8220; font_container=&#8220;tag:h2|text_align:center&#8220; el_class=&#8220;ttl-h2-center uk-margin-large&#8220;][vc_column_text el_class=&#8220;uk-margin-medium&#8220;]Spole\u010dnost AMCON Europe s.r.o. realizuje projekt \u201eKompaktn\u00ed syst\u00e9m \u00fapravy odpadn\u00edch vod\u201c, reg. \u010d.: CZ.01.1.02\/0.0\/0.0\/17_106\/0012265. Tento projekt je financov\u00e1n za podpory Evropsk\u00e9 unie z prost\u0159edk\u016f fondu pro region\u00e1ln\u00ed rozvoj v r\u00e1mci Opera\u010dn\u00edho programu podnik\u00e1n\u00ed a ... EU projekty","og_url":"https:\/\/www.amcon-eu.com\/cs\/eu-projekty\/","og_site_name":"AMCON Europe","article_publisher":"https:\/\/www.facebook.com\/AMCON.Europe.sro","article_modified_time":"2026-01-13T09:35:12+00:00","og_image":[{"width":1200,"height":675,"url":"https:\/\/www.amcon-eu.com\/wp-content\/uploads\/2025\/06\/AMCON-Europe_site-image.png","type":"image\/png"}],"twitter_card":"summary_large_image","twitter_misc":{"Odhadovan\u00e1 doba \u010dten\u00ed":"4 minuty"},"schema":{"@context":"https:\/\/schema.org","@graph":[{"@type":"WebPage","@id":"https:\/\/www.amcon-eu.com\/cs\/eu-projekty\/","url":"https:\/\/www.amcon-eu.com\/cs\/eu-projekty\/","name":"EU projekty | AMCON Europe","isPartOf":{"@id":"https:\/\/www.amcon-eu.com\/cs\/#website"},"datePublished":"2025-07-22T11:34:43+00:00","dateModified":"2026-01-13T09:35:12+00:00","breadcrumb":{"@id":"https:\/\/www.amcon-eu.com\/cs\/eu-projekty\/#breadcrumb"},"inLanguage":"cs","potentialAction":[{"@type":"ReadAction","target":["https:\/\/www.amcon-eu.com\/cs\/eu-projekty\/"]}]},{"@type":"BreadcrumbList","@id":"https:\/\/www.amcon-eu.com\/cs\/eu-projekty\/#breadcrumb","itemListElement":[{"@type":"ListItem","position":1,"name":"\u30db\u30fc\u30e0","item":"https:\/\/www.amcon-eu.com\/cs\/"},{"@type":"ListItem","position":2,"name":"EU projekty"}]},{"@type":"WebSite","@id":"https:\/\/www.amcon-eu.com\/cs\/#website","url":"https:\/\/www.amcon-eu.com\/cs\/","name":"AMCON Europe","description":"Pohodln\u00e9 odvod\u0148ov\u00e1n\u00ed kal\u016f","potentialAction":[{"@type":"SearchAction","target":{"@type":"EntryPoint","urlTemplate":"https:\/\/www.amcon-eu.com\/cs\/?s={search_term_string}"},"query-input":{"@type":"PropertyValueSpecification","valueRequired":true,"valueName":"search_term_string"}}],"inLanguage":"cs"}]}},"_links":{"self":[{"href":"https:\/\/www.amcon-eu.com\/cs\/wp-json\/wp\/v2\/pages\/25009","targetHints":{"allow":["GET"]}}],"collection":[{"href":"https:\/\/www.amcon-eu.com\/cs\/wp-json\/wp\/v2\/pages"}],"about":[{"href":"https:\/\/www.amcon-eu.com\/cs\/wp-json\/wp\/v2\/types\/page"}],"author":[{"embeddable":true,"href":"https:\/\/www.amcon-eu.com\/cs\/wp-json\/wp\/v2\/users\/5"}],"replies":[{"embeddable":true,"href":"https:\/\/www.amcon-eu.com\/cs\/wp-json\/wp\/v2\/comments?post=25009"}],"version-history":[{"count":20,"href":"https:\/\/www.amcon-eu.com\/cs\/wp-json\/wp\/v2\/pages\/25009\/revisions"}],"predecessor-version":[{"id":27538,"href":"https:\/\/www.amcon-eu.com\/cs\/wp-json\/wp\/v2\/pages\/25009\/revisions\/27538"}],"wp:attachment":[{"href":"https:\/\/www.amcon-eu.com\/cs\/wp-json\/wp\/v2\/media?parent=25009"}],"curies":[{"name":"wp","href":"https:\/\/api.w.org\/{rel}","templated":true}]}}