{"id":17391,"date":"2022-07-27T16:38:19","date_gmt":"2022-07-27T14:38:19","guid":{"rendered":"http:\/\/amcon-eu.com\/?page_id=17391"},"modified":"2025-02-04T00:14:40","modified_gmt":"2025-02-03T23:14:40","slug":"co-je-odvodnovani-kalu","status":"publish","type":"page","link":"https:\/\/www.amcon-eu.com\/cs\/reseni-pro-odvodnovani-kalu\/co-je-odvodnovani-kalu\/","title":{"rendered":"Co je odvod\u0148ov\u00e1n\u00ed kal\u016f?"},"content":{"rendered":"<section class=\"wpb-content-wrapper\"><p>[vc_section el_class=&#8220;border-bottom&#8220;][vc_row el_class=&#8220;uk-container uk-padding-top uk-padding-bottom&#8220;][vc_column][vc_custom_heading text=&#8220;Co je odvod\u0148ov\u00e1n\u00ed kal\u016f?&#8220; font_container=&#8220;tag:h1|text_align:left&#8220; use_theme_fonts=&#8220;yes&#8220; el_class=&#8220;ttl-h1&#8243;][vc_column_text]<strong>Nikdo nechce po\u0161kozovat kr\u00e1snou p\u0159\u00edrodu Zem\u011b.<\/strong> Pravdou bohu\u017eel je, \u017ee <strong>i t\u00edm, jak \u017eijeme, ka\u017ed\u00fd den p\u0159isp\u00edv\u00e1me ke zne\u010di\u0161t\u011bn\u00ed.<\/strong> Ka\u017edodenn\u00ed \u010dinnosti, jako je splachov\u00e1n\u00ed toalet, myt\u00ed n\u00e1dob\u00ed nebo pran\u00ed pr\u00e1dla, vytv\u00e1\u0159\u00ed odpadn\u00ed vodu, kter\u00e1 m\u00e1 na p\u0159\u00edrodu dopad.<\/p>\n<p><strong>Uve\u010fme si p\u0159\u00edklad:<\/strong><br \/>\n\u010cty\u0159\u010dlenn\u00e1 rodina v \u010cesk\u00e9 republice vyprodukuje denn\u011b asi <strong>400 l odpadn\u00ed vody.<\/strong> Celkov\u00fd ro\u010dn\u00ed objem kal\u016f vyprodukovan\u00fdch ze v\u0161ech \u010dist\u00edren odpadn\u00edch vod v \u010cR je cca <strong>200 000 tun.<\/strong><\/p>\n<p>Odpadn\u00ed voda, kterou denn\u011b produkujeme, doslova miz\u00ed v kan\u00e1lu. <strong>\u010casto si neuv\u011bdomujeme, v jak\u00e9 hlubok\u00e9 krizi se na\u0161e planeta nach\u00e1z\u00ed kv\u016fli masivn\u00edmu zne\u010di\u0161t\u011bn\u00ed vody.<\/strong> Kam tedy odpadn\u00ed voda te\u010de? Odpadn\u00ed voda odt\u00e9k\u00e1 do \u010dist\u00edrny odpadn\u00edch vod, kde se rozd\u011bluje na \u201evy\u010di\u0161t\u011bnou vodu\u201c a \u201ekal\u201c. Vy\u010di\u0161t\u011bn\u00e1 voda se vrac\u00ed zp\u011bt do p\u0159\u00edrody nebo se znovu pou\u017e\u00edv\u00e1, zat\u00edmco kal se mus\u00ed likvidovat.<\/p>\n<p><strong>Probl\u00e9mem v\u0161ak je, \u017ee likvidace kal\u016f zat\u011b\u017euje \u017eivotn\u00ed prost\u0159ed\u00ed v\u00edce, ne\u017e si na prvn\u00ed pohled uv\u011bdomujeme.<\/strong>[\/vc_column_text][\/vc_column][\/vc_row][\/vc_section][vc_section el_class=&#8220;border-bottom uk-padding-large-top&#8220;][vc_row el_class=&#8220;uk-container uk-container-medium uk-margin-large&#8220;][vc_column][vc_custom_heading text=&#8220;Jak vznik\u00e1 kal?&#8220; font_container=&#8220;tag:h2|text_align:center&#8220; use_theme_fonts=&#8220;yes&#8220; el_class=&#8220;ttl-h2-center uk-margin-large&#8220;][vc_row_inner][vc_column_inner width=&#8220;1\/3&#8243;][vc_single_image image=&#8220;15014&#8243; img_size=&#8220;full&#8220; alignment=&#8220;center&#8220;][\/vc_column_inner][vc_column_inner width=&#8220;2\/3&#8243;][vc_column_text]<strong>I kdy\u017e tomu tak nen\u00ed ve v\u0161ech p\u0159\u00edpadech a na cel\u00e9 Zemi, lidstvo se nau\u010dilo odpadn\u00ed vody \u00fa\u010dinn\u011b \u010distit.<\/strong> Pro \u010di\u0161t\u011bn\u00ed odpadn\u00edch vod nejen komun\u00e1ln\u00edch, ale i pr\u016fmyslov\u00fdch, se v nevy\u0161\u0161\u00ed m\u00ed\u0159e vyu\u017e\u00edvaj\u00ed mikroorganismy. <strong>Jednodu\u0161e \u0159e\u010deno, ne\u010distoty ve vod\u011b se st\u00e1vaj\u00ed potravou pro tyto mikroorganismy.<\/strong> Proces \u010dist\u011bn\u00ed odpadn\u00ed vody m\u00e1 dva v\u00fdsledn\u00e9 produkty. <strong>Vy\u010di\u0161t\u011bnou vodu a kal, kter\u00fd obsahuje v\u0161e, co se poda\u0159ilo z vody odstranit.<\/strong><\/p>\n<p>Kal se v tomto p\u0159\u00edpad\u011b skl\u00e1d\u00e1 z mikroorganism\u016f, jejich mrtv\u00fdch t\u011bl a metabolit\u016f. Mikroorganismy jsou pro \u010di\u0161t\u011bn\u00ed vody nezbytn\u00e9, ale jako vedlej\u0161\u00ed produkt <strong>vznik\u00e1 t\u00edm v\u00edce kalu, \u010d\u00edm je voda \u010dist\u0161\u00ed.<\/strong> Na kal z\u00e1kon pohl\u00ed\u017e\u00ed jako na nebezpe\u010dn\u00fd odpad a <strong>p\u0159esn\u011b definuje, jak\u00fdm zp\u016fsobem m\u016f\u017ee b\u00fdt likvidov\u00e1n.<\/strong>[\/vc_column_text][\/vc_column_inner][\/vc_row_inner][\/vc_column][\/vc_row][\/vc_section][vc_section el_class=&#8220;border-bottom uk-padding-large-top&#8220;][vc_row el_class=&#8220;uk-container uk-container-medium uk-margin-large&#8220;][vc_column][vc_custom_heading text=&#8220;Co um\u00ed stroj na odvod\u0148ov\u00e1n\u00ed kal\u016f?&#8220; font_container=&#8220;tag:h2|text_align:center&#8220; use_theme_fonts=&#8220;yes&#8220; el_class=&#8220;ttl-h2-center uk-margin-large&#8220;][vc_row_inner][vc_column_inner width=&#8220;2\/3&#8243;][vc_single_image image=&#8220;15018&#8243; img_size=&#8220;full&#8220; alignment=&#8220;center&#8220; el_class=&#8220;mobile-only&#8220;][vc_column_text]<strong>P\u0159ebyte\u010dn\u00fd kal obsahuje v\u00edce ne\u017e 99 % vody.<\/strong> Pokud by se tento kal musel odv\u00e1\u017eet cisternami na skl\u00e1dku bez p\u0159edb\u011b\u017en\u00e9ho zpracov\u00e1n\u00ed, n\u00e1klady by byly obrovsk\u00e9. <strong>Odvod\u0148ovac\u00ed lisy zmen\u0161uj\u00ed objem kalu<\/strong> t\u00edm, \u017ee ho co nejv\u00edce odvodn\u00ed, co\u017e sni\u017euje n\u00e1klady na likvidaci i z\u00e1t\u011b\u017e pro \u017eivotn\u00ed prost\u0159ed\u00ed. Odvodn\u011bn\u00edm kalu jsme schopni zredukovat jeho objem o v\u00edce jak <strong>90 %.<\/strong> Odvodn\u011bn\u00e9mu kalu se pon\u011bkud zvl\u00e1\u0161tn\u011b \u0159\u00edk\u00e1 &#8222;<strong>kalov\u00fd kol\u00e1\u010d<\/strong>&#8220; z anglick\u00e9ho &#8222;sludge cake&#8220;. Lisy tak vytv\u00e1\u0159ej\u00ed kal ve form\u011b kalov\u00e9ho kol\u00e1\u010de, kter\u00fd se snadn\u011bji p\u0159epravuje a likviduje.<\/p>\n<p><strong>\u00daloha zahu\u0161\u0165ova\u010d\u016f kalu<\/strong> je v podstat\u011b stejn\u00e1, s t\u00edm rozd\u00edlem, \u017ee kal za po zahu\u0161t\u011bn\u00ed z\u016fst\u00e1v\u00e1 <strong>st\u00e1le kapaln\u00fd<\/strong>, co\u017e je u\u017eite\u010dn\u00e9, kdy\u017e se s n\u00edm d\u00e1le manipuluje. Voda odd\u011blen\u00e1 <strong>zahu\u0161t\u011bn\u00edm nebo odvodn\u011bn\u00edm kalu<\/strong> se vrac\u00ed do <strong>procesu \u010di\u0161t\u011bn\u00ed odpadn\u00edch vod<\/strong>, upravuje se a pot\u00e9 se vypou\u0161t\u00ed do \u0159ek a jin\u00fdch vodn\u00edch ploch, aby se mohla vr\u00e1tit do sv\u00e9ho <strong>p\u0159irozen\u00e9ho kolob\u011bhu<\/strong>.[\/vc_column_text][\/vc_column_inner][vc_column_inner width=&#8220;1\/3&#8243; offset=&#8220;vc_hidden-xs&#8220;][vc_single_image image=&#8220;15018&#8243; img_size=&#8220;full&#8220; alignment=&#8220;center&#8220;][\/vc_column_inner][\/vc_row_inner][vc_row_inner][vc_column_inner width=&#8220;1\/3&#8243;][vc_single_image image=&#8220;15022&#8243; img_size=&#8220;full&#8220; alignment=&#8220;center&#8220;][\/vc_column_inner][vc_column_inner width=&#8220;2\/3&#8243;][vc_column_text]<strong>Na druhou stranu<\/strong> se kaly \u010dasto nakonec likviduj\u00ed <strong>skl\u00e1dkov\u00e1n\u00edm, kompostov\u00e1n\u00edm nebo spalov\u00e1n\u00edm<\/strong>. Z hlediska <strong>ochrany \u017eivotn\u00edho prost\u0159ed\u00ed<\/strong> a <strong>realizace udr\u017eiteln\u00e9 spole\u010dnosti<\/strong> je nesm\u00edrn\u011b d\u016fle\u017eit\u00e9 aby se objem kalu, tedy materi\u00e1lu k likvidaci, sn\u00ed\u017eil na minimum. Obecn\u011b plat\u00ed, \u017ee <strong>m\u00edra redukce objemu kalu odvod\u0148ov\u00e1n\u00edm je vy\u0161\u0161\u00ed ne\u017e 95 %<\/strong>.[\/vc_column_text][\/vc_column_inner][\/vc_row_inner][\/vc_column][\/vc_row][\/vc_section][vc_section el_class=&#8220;border-bottom uk-padding-large-top&#8220;][vc_row el_class=&#8220;uk-container uk-container-medium uk-margin-large&#8220;][vc_column][vc_custom_heading text=&#8220;V\u00fdhody odvod\u0148ovac\u00edho lisu VOLUTE\u2122&#8220; font_container=&#8220;tag:h2|text_align:center&#8220; use_theme_fonts=&#8220;yes&#8220; el_class=&#8220;ttl-h2-center uk-margin-large&#8220;][vc_row_inner][vc_column_inner][vc_single_image image=&#8220;15026&#8243; img_size=&#8220;full&#8220; alignment=&#8220;center&#8220;][vc_column_text]<strong>Kal je pr\u016fmyslov\u00fd odpad vznikaj\u00edc\u00ed ve v\u0161ech \u010dist\u00edrn\u00e1ch odpadn\u00edch vod.<\/strong> Z tohoto d\u016fvodu <strong>se stroje na odvod\u0148ov\u00e1n\u00ed kal\u016f \u0161iroce pou\u017e\u00edvaj\u00ed nejen ve ve\u0159ejn\u00fdch \u010dist\u00edrn\u00e1ch odpadn\u00edch vod, ale tak\u00e9 v tov\u00e1rn\u00e1ch a zem\u011bd\u011blsk\u00fdch podnic\u00edch<\/strong>, kter\u00e9 vypou\u0161t\u011bj\u00ed odpadn\u00ed vody nad ur\u010dit\u00fd objem, jak to vy\u017eaduj\u00ed z\u00e1kony jednotliv\u00fdch zem\u00ed.<\/p>\n<p>Existuj\u00ed r\u016fzn\u00e9 druhy technologi\u00ed ur\u010den\u00fdch k odvod\u0148ov\u00e1n\u00ed kal\u016f. M\u016f\u017eeme si je rozd\u011blit na n\u011bkolik z\u00e1kladn\u00edch typ\u016f:<\/p>\n<ul>\n<li><strong>Kalolis<\/strong> &#8211; funguje na principu filtrace, kdy se kal lisuje mezi filtra\u010dn\u00edmi deskami, pracuje sekven\u010dn\u011b, niko kontinu\u00e1ln\u011b a p\u0159i sv\u00e9m provozu jej lze p\u0159irovnat k m\u011bch\u016fm akordeonu (tahac\u00ed harmoniky).<\/li>\n<li><strong>S\u00edto-p\u00e1sov\u00e9 lisy<\/strong> &#8211; funguj\u00ed na principu stla\u010dov\u00e1n\u00ed kalu mezi propustn\u00fdm &#8222;nekone\u010dn\u00fdm&#8220; p\u00e1sem a v\u00e1lci.<\/li>\n<li><strong>Odst\u0159edivky<\/strong> &#8211; funguj\u00ed na principu odd\u011blov\u00e1n\u00ed pevn\u00fdch a kapaln\u00fdch slo\u017eek kalu pomoc\u00ed odst\u0159ediv\u00fdch sil p\u0159i vysok\u00fdch ot\u00e1\u010dk\u00e1ch.<\/li>\n<li><strong>\u0160neko-lisy<\/strong> &#8211; funguj\u00ed na mechanick\u00e9m principu, kdy \u0161nekovnice protla\u010duje kal v\u00e1lcem, jeho\u017e perforovan\u00fd povrch tvo\u0159i filtra\u010dn\u00ed element pro odd\u011blen\u00ed pevn\u00fdch \u010d\u00e1st\u00ed od vody.<\/li>\n<\/ul>\n<p>Na\u0161e <a href=\"\/cs\/sludge-dewatering-solutions\/products\/lineup01\/\"><strong>odvod\u0148ovac\u00ed lisy VOLUTE\u2122<\/strong><\/a> se \u0159ad\u00ed do kategorie <strong>\u0161neko-lis\u016f<\/strong>. Jejich konstrukce je vyjime\u010dn\u00e1 t\u00edm, \u017ee filtra\u010dn\u00edm elementem odvod\u0148ovac\u00edho v\u00e1lce <strong>nen\u00ed s\u00edto (perforovan\u00fd povrch)<\/strong>, ale kombinace <strong>pevn\u00fdch a voln\u00fdch krou\u017ek\u016f<\/strong>, kdy mezery mezi nimi tvo\u0159\u00ed onen filtra\u010dn\u00ed element. Voln\u00e9 krou\u017eky jsou d\u00edky kontaktu se \u0161nekovnic\u00ed v neust\u00e1l\u00e9m pohybu, co\u017e zaji\u0161\u0165uje <strong>odvod\u0148ovac\u00edm lis\u016fm VOLUTE<\/strong> <strong>samo\u010dist\u00edc\u00ed funkci<\/strong>. Povrch odvod\u0148ovac\u00edho v\u00e1lce nemus\u00ed b\u00fdt, na rozd\u00edl od jin\u00fdch \u0161neko-lis\u016f, \u010di\u0161t\u011bn tlakovou vodou ani mechanicky. <strong>Odvod\u0148ovac\u00ed lisy VOLUTE\u2122<\/strong> jsou vhodn\u00e9 pro <strong>nep\u0159etr\u017eit\u00fd provoz<\/strong> a mohou p\u0159\u00edmo odvod\u0148ovat kaly o <strong>velice n\u00edzk\u00fdch koncentrac\u00edch nerozpu\u0161t\u011bn\u00fdch l\u00e1tek<\/strong>.<\/p>\n<p><strong>V\u00fd\u0161e popsan\u00e1 konstrukce mechanicky zabra\u0148uje ucp\u00e1v\u00e1n\u00ed, v\u00fdrazn\u011b zlep\u0161uje energetickou \u00fa\u010dinnost ve srovn\u00e1n\u00ed s b\u011b\u017en\u00fdmi syst\u00e9my.<\/strong> Krom\u011b toho, d\u00edky <strong>kompaktn\u00edm rozm\u011br\u016fm<\/strong>, kter\u00fdch je u konven\u010dn\u00edch syst\u00e9m\u016f obt\u00ed\u017en\u00e9 dos\u00e1hnout, <strong>mohou nyn\u00ed na\u0161e odvod\u0148ovac\u00ed lisy zav\u00e1d\u011bt i obce nebo firmy takov\u00e9 velikosti, kter\u00e9 nemohly naj\u00edt ekonomick\u00e9 opodstatn\u011bn\u00ed pro zaveden\u00ed odvod\u0148ov\u00e1n\u00ed kal\u016f p\u0159\u00edmo ve sv\u00e9m provozu.<\/strong><\/p>\n<p><strong>Nap\u0159\u00edklad v Evrop\u011b je b\u011b\u017enou prax\u00ed, \u017ee si obce s po\u010dtem obyvatel do 5 000 zaji\u0161\u0165uj\u00ed mobiln\u00ed odvod\u0148ovac\u00ed v\u016fz, kter\u00fd odvod\u0148uje kaly p\u0159ibli\u017en\u011b jednou t\u00fddn\u011b.<\/strong> Nebo jsou pou\u017e\u00edv\u00e1ny konven\u010dn\u00ed v\u00fdrobky s nadm\u011brnou kapacitou a prov\u00e1d\u011bj\u00ed odvodn\u011bn\u00ed tak\u00e9 jednou t\u00fddn\u011b.<\/p>\n<p><strong>V t\u011bchto p\u0159\u00edpadech je v\u0161ak mno\u017estv\u00ed dus\u00edku, kter\u00e9 je obsa\u017eeno ve filtr\u00e1tu vracen\u00e9m do \u010dist\u00edrny odpadn\u00edch vod tak velik\u00e9, \u017ee komplikuje provoz resp. funkci cel\u00e9 \u010dist\u00edrny. <\/strong><strong>Se zaveden\u00edm ultramal\u00e9ho odvod\u0148ovac\u00edho lisu VOLUTE\u2122 mohou provozovatel\u00e9 mal\u00fdch \u010cOV odvod\u0148ovat kal kontinu\u00e1ln\u011b pr\u00e1v\u011b kdy\u017e vznik\u00e1, zamezit tak jeho zbyte\u010dn\u00e9mu skladov\u00e1n\u00ed, co\u017e umo\u017e\u0148uje stabiln\u00ed provoz \u010dist\u00edrny odpadn\u00edch vod a sn\u00ed\u017een\u00ed celkov\u00fdch n\u00e1klad\u016f.<\/strong><\/p>\n<p><strong>Ultrakompaktn\u00ed modely jsou ve sv\u011bt\u011b vz\u00e1cn\u00e9,<\/strong> a to je jedna z v\u00fdhod <a href=\"\/cs\/sludge-dewatering-solution\/products\/lineup01\/\">odvod\u0148ovac\u00edho lisu VOLUTE\u2122<\/a>.[\/vc_column_text][\/vc_column_inner][\/vc_row_inner][\/vc_column][\/vc_row][\/vc_section]<\/p>\n<\/section>","protected":false},"excerpt":{"rendered":"<p>[vc_section el_class=&#8220;border-bottom&#8220;][vc_row el_class=&#8220;uk-container uk-padding-top uk-padding-bottom&#8220;][vc_column][vc_custom_heading text=&#8220;Co je odvod\u0148ov\u00e1n\u00ed kal\u016f?&#8220; font_container=&#8220;tag:h1|text_align:left&#8220; use_theme_fonts=&#8220;yes&#8220; el_class=&#8220;ttl-h1&#8243;][vc_column_text]Nikdo nechce po\u0161kozovat kr\u00e1snou p\u0159\u00edrodu Zem\u011b. Pravdou bohu\u017eel je, \u017ee i t\u00edm, jak \u017eijeme, ka\u017ed\u00fd den p\u0159isp\u00edv\u00e1me ke zne\u010di\u0161t\u011bn\u00ed. Ka\u017edodenn\u00ed \u010dinnosti, jako je splachov\u00e1n\u00ed toalet, myt\u00ed n\u00e1dob\u00ed nebo pran\u00ed pr\u00e1dla, vytv\u00e1\u0159\u00ed odpadn\u00ed vodu, kter\u00e1 m\u00e1 na p\u0159\u00edrodu dopad. Uve\u010fme si p\u0159\u00edklad: \u010cty\u0159\u010dlenn\u00e1 rodina v \u010cesk\u00e9 republice vyprodukuje denn\u011b asi 400 l odpadn\u00ed vody. Celkov\u00fd ro\u010dn\u00ed objem kal\u016f vyprodukovan\u00fdch ze v\u0161ech \u010dist\u00edren odpadn\u00edch vod v \u010cR je cca 200 000 tun. Odpadn\u00ed voda, kterou denn\u011b produkujeme, doslova miz\u00ed v kan\u00e1lu. \u010casto si neuv\u011bdomujeme, v jak\u00e9 hlubok\u00e9 krizi se na\u0161e planeta nach\u00e1z\u00ed kv\u016fli masivn\u00edmu zne\u010di\u0161t\u011bn\u00ed vody. Kam tedy odpadn\u00ed voda te\u010de? <a href=\"https:\/\/www.amcon-eu.com\/cs\/reseni-pro-odvodnovani-kalu\/co-je-odvodnovani-kalu\/\" class=\"more-link\">&#8230;<span class=\"screen-reader-text\">  Co je odvod\u0148ov\u00e1n\u00ed kal\u016f?<\/span><\/a><\/p>\n","protected":false},"author":5,"featured_media":0,"parent":21717,"menu_order":13,"comment_status":"closed","ping_status":"closed","template":"page-c.php","meta":{"_acf_changed":false,"inline_featured_image":false,"footnotes":""},"class_list":["post-17391","page","type-page","status-publish","hentry"],"acf":[],"yoast_head":"<!-- This site is optimized with the Yoast SEO plugin v26.5 - https:\/\/yoast.com\/wordpress\/plugins\/seo\/ -->\n<title>Co je odvod\u0148ov\u00e1n\u00ed kal\u016f? | AMCON Europe<\/title>\n<meta name=\"description\" content=\"Hlavn\u00edm \u00fakolem odvod\u0148ovac\u00edch lis\u016f je sn\u00ed\u017eit n\u00e1klady na likvidaci kalu a z\u00e1rove\u0148 sn\u00ed\u017eit z\u00e1t\u011b\u017e na \u017eivotn\u00ed prost\u0159ed\u00ed t\u00edm, \u017ee odvodn\u011bn\u00edm kalu se dramaticky sni\u017euje jeho objem.\" \/>\n<meta name=\"robots\" content=\"index, follow, max-snippet:-1, max-image-preview:large, max-video-preview:-1\" \/>\n<link rel=\"canonical\" href=\"https:\/\/www.amcon-eu.com\/cs\/reseni-pro-odvodnovani-kalu\/co-je-odvodnovani-kalu\/\" \/>\n<meta property=\"og:locale\" content=\"cs_CZ\" \/>\n<meta property=\"og:type\" content=\"article\" \/>\n<meta property=\"og:title\" content=\"Co je odvod\u0148ov\u00e1n\u00ed kal\u016f? | AMCON Europe\" \/>\n<meta property=\"og:description\" content=\"Hlavn\u00edm \u00fakolem odvod\u0148ovac\u00edch lis\u016f je sn\u00ed\u017eit n\u00e1klady na likvidaci kalu a z\u00e1rove\u0148 sn\u00ed\u017eit z\u00e1t\u011b\u017e na \u017eivotn\u00ed prost\u0159ed\u00ed t\u00edm, \u017ee odvodn\u011bn\u00edm kalu se dramaticky sni\u017euje jeho objem.\" \/>\n<meta property=\"og:url\" content=\"https:\/\/www.amcon-eu.com\/cs\/reseni-pro-odvodnovani-kalu\/co-je-odvodnovani-kalu\/\" \/>\n<meta property=\"og:site_name\" content=\"AMCON Europe\" \/>\n<meta property=\"article:publisher\" content=\"https:\/\/www.facebook.com\/AMCON.Europe.sro\" \/>\n<meta property=\"article:modified_time\" content=\"2025-02-03T23:14:40+00:00\" \/>\n<meta property=\"og:image\" content=\"https:\/\/www.amcon-eu.com\/wp-content\/uploads\/2025\/06\/AMCON-Europe_site-image.png\" \/>\n\t<meta property=\"og:image:width\" content=\"1200\" \/>\n\t<meta property=\"og:image:height\" content=\"675\" \/>\n\t<meta property=\"og:image:type\" content=\"image\/png\" \/>\n<meta name=\"twitter:card\" content=\"summary_large_image\" \/>\n<meta name=\"twitter:label1\" content=\"Odhadovan\u00e1 doba \u010dten\u00ed\" \/>\n\t<meta name=\"twitter:data1\" content=\"5 minut\" \/>\n<script type=\"application\/ld+json\" class=\"yoast-schema-graph\">{\"@context\":\"https:\/\/schema.org\",\"@graph\":[{\"@type\":\"WebPage\",\"@id\":\"https:\/\/www.amcon-eu.com\/cs\/reseni-pro-odvodnovani-kalu\/co-je-odvodnovani-kalu\/\",\"url\":\"https:\/\/www.amcon-eu.com\/cs\/reseni-pro-odvodnovani-kalu\/co-je-odvodnovani-kalu\/\",\"name\":\"Co je odvod\u0148ov\u00e1n\u00ed kal\u016f? | AMCON Europe\",\"isPartOf\":{\"@id\":\"https:\/\/www.amcon-eu.com\/cs\/#website\"},\"datePublished\":\"2022-07-27T14:38:19+00:00\",\"dateModified\":\"2025-02-03T23:14:40+00:00\",\"description\":\"Hlavn\u00edm \u00fakolem odvod\u0148ovac\u00edch lis\u016f je sn\u00ed\u017eit n\u00e1klady na likvidaci kalu a z\u00e1rove\u0148 sn\u00ed\u017eit z\u00e1t\u011b\u017e na \u017eivotn\u00ed prost\u0159ed\u00ed t\u00edm, \u017ee odvodn\u011bn\u00edm kalu se dramaticky sni\u017euje jeho objem.\",\"breadcrumb\":{\"@id\":\"https:\/\/www.amcon-eu.com\/cs\/reseni-pro-odvodnovani-kalu\/co-je-odvodnovani-kalu\/#breadcrumb\"},\"inLanguage\":\"cs\",\"potentialAction\":[{\"@type\":\"ReadAction\",\"target\":[\"https:\/\/www.amcon-eu.com\/cs\/reseni-pro-odvodnovani-kalu\/co-je-odvodnovani-kalu\/\"]}]},{\"@type\":\"BreadcrumbList\",\"@id\":\"https:\/\/www.amcon-eu.com\/cs\/reseni-pro-odvodnovani-kalu\/co-je-odvodnovani-kalu\/#breadcrumb\",\"itemListElement\":[{\"@type\":\"ListItem\",\"position\":1,\"name\":\"\u30db\u30fc\u30e0\",\"item\":\"https:\/\/www.amcon-eu.com\/cs\/\"},{\"@type\":\"ListItem\",\"position\":2,\"name\":\"\u0158e\u0161en\u00ed pro odvod\u0148ov\u00e1n\u00ed kal\u016f\",\"item\":\"https:\/\/www.amcon-eu.com\/cs\/reseni-pro-odvodnovani-kalu\/\"},{\"@type\":\"ListItem\",\"position\":3,\"name\":\"Co je odvod\u0148ov\u00e1n\u00ed kal\u016f?\"}]},{\"@type\":\"WebSite\",\"@id\":\"https:\/\/www.amcon-eu.com\/cs\/#website\",\"url\":\"https:\/\/www.amcon-eu.com\/cs\/\",\"name\":\"AMCON Europe\",\"description\":\"Pohodln\u00e9 odvod\u0148ov\u00e1n\u00ed kal\u016f\",\"potentialAction\":[{\"@type\":\"SearchAction\",\"target\":{\"@type\":\"EntryPoint\",\"urlTemplate\":\"https:\/\/www.amcon-eu.com\/cs\/?s={search_term_string}\"},\"query-input\":{\"@type\":\"PropertyValueSpecification\",\"valueRequired\":true,\"valueName\":\"search_term_string\"}}],\"inLanguage\":\"cs\"}]}<\/script>\n<!-- \/ Yoast SEO plugin. -->","yoast_head_json":{"title":"Co je odvod\u0148ov\u00e1n\u00ed kal\u016f? | AMCON Europe","description":"Hlavn\u00edm \u00fakolem odvod\u0148ovac\u00edch lis\u016f je sn\u00ed\u017eit n\u00e1klady na likvidaci kalu a z\u00e1rove\u0148 sn\u00ed\u017eit z\u00e1t\u011b\u017e na \u017eivotn\u00ed prost\u0159ed\u00ed t\u00edm, \u017ee odvodn\u011bn\u00edm kalu se dramaticky sni\u017euje jeho objem.","robots":{"index":"index","follow":"follow","max-snippet":"max-snippet:-1","max-image-preview":"max-image-preview:large","max-video-preview":"max-video-preview:-1"},"canonical":"https:\/\/www.amcon-eu.com\/cs\/reseni-pro-odvodnovani-kalu\/co-je-odvodnovani-kalu\/","og_locale":"cs_CZ","og_type":"article","og_title":"Co je odvod\u0148ov\u00e1n\u00ed kal\u016f? | AMCON Europe","og_description":"Hlavn\u00edm \u00fakolem odvod\u0148ovac\u00edch lis\u016f je sn\u00ed\u017eit n\u00e1klady na likvidaci kalu a z\u00e1rove\u0148 sn\u00ed\u017eit z\u00e1t\u011b\u017e na \u017eivotn\u00ed prost\u0159ed\u00ed t\u00edm, \u017ee odvodn\u011bn\u00edm kalu se dramaticky sni\u017euje jeho objem.","og_url":"https:\/\/www.amcon-eu.com\/cs\/reseni-pro-odvodnovani-kalu\/co-je-odvodnovani-kalu\/","og_site_name":"AMCON Europe","article_publisher":"https:\/\/www.facebook.com\/AMCON.Europe.sro","article_modified_time":"2025-02-03T23:14:40+00:00","og_image":[{"width":1200,"height":675,"url":"https:\/\/www.amcon-eu.com\/wp-content\/uploads\/2025\/06\/AMCON-Europe_site-image.png","type":"image\/png"}],"twitter_card":"summary_large_image","twitter_misc":{"Odhadovan\u00e1 doba \u010dten\u00ed":"5 minut"},"schema":{"@context":"https:\/\/schema.org","@graph":[{"@type":"WebPage","@id":"https:\/\/www.amcon-eu.com\/cs\/reseni-pro-odvodnovani-kalu\/co-je-odvodnovani-kalu\/","url":"https:\/\/www.amcon-eu.com\/cs\/reseni-pro-odvodnovani-kalu\/co-je-odvodnovani-kalu\/","name":"Co je odvod\u0148ov\u00e1n\u00ed kal\u016f? | AMCON Europe","isPartOf":{"@id":"https:\/\/www.amcon-eu.com\/cs\/#website"},"datePublished":"2022-07-27T14:38:19+00:00","dateModified":"2025-02-03T23:14:40+00:00","description":"Hlavn\u00edm \u00fakolem odvod\u0148ovac\u00edch lis\u016f je sn\u00ed\u017eit n\u00e1klady na likvidaci kalu a z\u00e1rove\u0148 sn\u00ed\u017eit z\u00e1t\u011b\u017e na \u017eivotn\u00ed prost\u0159ed\u00ed t\u00edm, \u017ee odvodn\u011bn\u00edm kalu se dramaticky sni\u017euje jeho objem.","breadcrumb":{"@id":"https:\/\/www.amcon-eu.com\/cs\/reseni-pro-odvodnovani-kalu\/co-je-odvodnovani-kalu\/#breadcrumb"},"inLanguage":"cs","potentialAction":[{"@type":"ReadAction","target":["https:\/\/www.amcon-eu.com\/cs\/reseni-pro-odvodnovani-kalu\/co-je-odvodnovani-kalu\/"]}]},{"@type":"BreadcrumbList","@id":"https:\/\/www.amcon-eu.com\/cs\/reseni-pro-odvodnovani-kalu\/co-je-odvodnovani-kalu\/#breadcrumb","itemListElement":[{"@type":"ListItem","position":1,"name":"\u30db\u30fc\u30e0","item":"https:\/\/www.amcon-eu.com\/cs\/"},{"@type":"ListItem","position":2,"name":"\u0158e\u0161en\u00ed pro odvod\u0148ov\u00e1n\u00ed kal\u016f","item":"https:\/\/www.amcon-eu.com\/cs\/reseni-pro-odvodnovani-kalu\/"},{"@type":"ListItem","position":3,"name":"Co je odvod\u0148ov\u00e1n\u00ed kal\u016f?"}]},{"@type":"WebSite","@id":"https:\/\/www.amcon-eu.com\/cs\/#website","url":"https:\/\/www.amcon-eu.com\/cs\/","name":"AMCON Europe","description":"Pohodln\u00e9 odvod\u0148ov\u00e1n\u00ed kal\u016f","potentialAction":[{"@type":"SearchAction","target":{"@type":"EntryPoint","urlTemplate":"https:\/\/www.amcon-eu.com\/cs\/?s={search_term_string}"},"query-input":{"@type":"PropertyValueSpecification","valueRequired":true,"valueName":"search_term_string"}}],"inLanguage":"cs"}]}},"_links":{"self":[{"href":"https:\/\/www.amcon-eu.com\/cs\/wp-json\/wp\/v2\/pages\/17391","targetHints":{"allow":["GET"]}}],"collection":[{"href":"https:\/\/www.amcon-eu.com\/cs\/wp-json\/wp\/v2\/pages"}],"about":[{"href":"https:\/\/www.amcon-eu.com\/cs\/wp-json\/wp\/v2\/types\/page"}],"author":[{"embeddable":true,"href":"https:\/\/www.amcon-eu.com\/cs\/wp-json\/wp\/v2\/users\/5"}],"replies":[{"embeddable":true,"href":"https:\/\/www.amcon-eu.com\/cs\/wp-json\/wp\/v2\/comments?post=17391"}],"version-history":[{"count":20,"href":"https:\/\/www.amcon-eu.com\/cs\/wp-json\/wp\/v2\/pages\/17391\/revisions"}],"predecessor-version":[{"id":20671,"href":"https:\/\/www.amcon-eu.com\/cs\/wp-json\/wp\/v2\/pages\/17391\/revisions\/20671"}],"up":[{"embeddable":true,"href":"https:\/\/www.amcon-eu.com\/cs\/wp-json\/wp\/v2\/pages\/21717"}],"wp:attachment":[{"href":"https:\/\/www.amcon-eu.com\/cs\/wp-json\/wp\/v2\/media?parent=17391"}],"curies":[{"name":"wp","href":"https:\/\/api.w.org\/{rel}","templated":true}]}}