{"id":16398,"date":"2022-08-30T06:26:05","date_gmt":"2022-08-30T04:26:05","guid":{"rendered":"http:\/\/amcon-eu.com\/pilotni-test\/"},"modified":"2025-02-06T16:27:02","modified_gmt":"2025-02-06T15:27:02","slug":"pilotni-test","status":"publish","type":"page","link":"https:\/\/www.amcon-eu.com\/cs\/pilotni-test\/","title":{"rendered":"Pilotn\u00ed test"},"content":{"rendered":"<section class=\"wpb-content-wrapper\"><p>[vc_section el_class=&#8220;border-bottom&#8220;][vc_row el_class=&#8220;uk-container uk-padding-top uk-padding-bottom&#8220;][vc_column][vc_custom_heading text=&#8220;Pilotn\u00ed test&#8220; font_container=&#8220;tag:h1|text_align:left&#8220; use_theme_fonts=&#8220;yes&#8220; el_class=&#8220;ttl-h1&#8243;][vc_custom_heading text=&#8220;Mo\u017en\u00e1 se pt\u00e1te&#8230;<br \/>\n\u201eChceme zjistit, jak VOLUTE\u2122 odvod\u0148uje n\u00e1\u0161 kal v re\u00e1ln\u00fdch podm\u00ednk\u00e1ch.\u201c<br \/>\n\u201ePl\u00e1nujeme v\u00fdm\u011bnu st\u00e1vaj\u00edc\u00edho odvod\u0148ovac\u00edho za\u0159\u00edzen\u00ed a r\u00e1di bychom vyzkou\u0161eli jin\u00e9 jednotky.\u201c<br \/>\n\u201eChceme poprv\u00e9 nainstalovat odvod\u0148ovac\u00ed lis a m\u00e1me obavy z jeho provozu a \u00fadr\u017eby.\u201c&#8220; use_theme_fonts=&#8220;yes&#8220; el_class=&#8220;ttl-h2 c-green&#8220;][vc_column_text]Pokud ano, <strong>pilotn\u00ed test je pro v\u00e1s tou spr\u00e1vnou volbou.<\/strong> Spole\u010dnost AMCON doveze a nainstaluje <strong>pilotn\u00ed odvod\u0148ovac\u00ed jednotku<\/strong> a provede <strong>zkou\u0161ku odvodn\u011bn\u00ed na va\u0161em kalu.<\/strong> Je to jedine\u010dn\u00e1 p\u0159\u00edle\u017eitost, jak <strong>sledovat v\u00fdkon lisu v re\u00e1ln\u00fdch podm\u00ednk\u00e1ch<\/strong>, jeho provozn\u00ed vlastnosti a \u00fadr\u017ebu. Na\u0161i z\u00e1kazn\u00edci oce\u0148uj\u00ed pilotn\u00ed testy, kter\u00e9 jim pom\u00e1haj\u00ed <strong>p\u0159ekonat obavy<\/strong> a <strong>usnad\u0148uj\u00ed rozhodnut\u00ed<\/strong> o investici do nov\u00e9ho odvod\u0148ovac\u00edho za\u0159\u00edzen\u00ed.[\/vc_column_text][\/vc_column][\/vc_row][\/vc_section][vc_section css_animation=&#8220;fadeIn&#8220; el_class=&#8220;uk-padding-bottom uk-padding-large-top border-bottom&#8220;][vc_row][vc_column][vc_custom_heading text=&#8220;P\u0159\u00edklady pilotn\u00edch test\u016f&#8220; font_container=&#8220;tag:h2|text_align:center&#8220; use_theme_fonts=&#8220;yes&#8220; el_class=&#8220;ttl-h2-center&#8220;][vc_row_inner el_class=&#8220;uk-container uk-padding-top&#8220;][vc_column_inner][vc_custom_heading text=&#8220;P\u0159\u00edklady um\u00edst\u011bn\u00ed pilotn\u00edch test\u016f&#8220; font_container=&#8220;tag:h3|text_align:left&#8220; use_theme_fonts=&#8220;yes&#8220; el_class=&#8220;ttl-h3&#8243;][vc_column_text]Konzultujte s n\u00e1mi mo\u017enosti um\u00edst\u011bn\u00ed pilotn\u00ed jednotky, a\u0165 u\u017e <strong>v exteri\u00e9ru<\/strong> nebo <strong>interi\u00e9ru.<\/strong>[\/vc_column_text][\/vc_column_inner][\/vc_row_inner][vc_row_inner el_class=&#8220;uk-container&#8220;][vc_column_inner width=&#8220;1\/3&#8243;][vc_single_image image=&#8220;20961&#8243; img_size=&#8220;full&#8220; alignment=&#8220;center&#8220;][\/vc_column_inner][vc_column_inner width=&#8220;1\/3&#8243;][vc_single_image image=&#8220;20966&#8243; img_size=&#8220;full&#8220; alignment=&#8220;center&#8220;][\/vc_column_inner][vc_column_inner width=&#8220;1\/3&#8243;][vc_single_image image=&#8220;20995&#8243; img_size=&#8220;full&#8220; alignment=&#8220;center&#8220;][\/vc_column_inner][\/vc_row_inner][vc_row_inner el_class=&#8220;uk-container uk-padding-top&#8220;][vc_column_inner][vc_custom_heading text=&#8220;Videa z pilotn\u00edch test\u016f&#8220; font_container=&#8220;tag:h3|text_align:left&#8220; use_theme_fonts=&#8220;yes&#8220; el_class=&#8220;ttl-h3&#8243;][\/vc_column_inner][\/vc_row_inner][vc_row_inner el_class=&#8220;uk-container&#8220;][vc_column_inner width=&#8220;1\/2&#8243;]<div id=\"ultimate-video-927269fb3a9266d70\" class=\"ult-video  ult-adjust-bottom-margin ultimate-video-927269fb3a9266d70 ultv-8343 \"><div class=\"ultv-video ultv-aspect-ratio-16_9 ultv-subscribe-responsive-none\" data-videotype=\"uv_iframe\">\n\t\t\t\t\t\t<div class=\"ultv-video__outer-wrap\" data-autoplay=\"0\" data-device=\"false\"  data-iconbg=\"#3A3A3A\" data-overcolor=\"\" data-defaultbg=\"#1f1f1e\" data-defaultplay=\"defaulticon\"><div class=\"ultv-video__play\" data-src=\"https:\/\/www.youtube.com\/embed\/cCkLdVGQt5o?rel=0&amp;start&amp;end&amp;controls=1&amp;mute=0&amp;modestbranding=0&amp;autoplay=1\">\n\t\t\t\t\t\t\t\t<img decoding=\"async\" class=\"ultv-video__thumb\" src=\"https:\/\/i.ytimg.com\/vi\/cCkLdVGQt5o\/maxresdefault.jpg\"\/>\n\t\t\t\t\t\t\t\t<div class=\"ultv-video__play-icon  ultv-animation-none\" style=\"width:75px\"><svg height=\"100%\" version=\"1.1\" viewBox=\"0 0 68 48\" width=\"100%\"><path class=\"ultv-youtube-icon-bg\" d=\"m .66,37.62 c 0,0 .66,4.70 2.70,6.77 2.58,2.71 5.98,2.63 7.49,2.91 5.43,.52 23.10,.68 23.12,.68 .00,-1.3e-5 14.29,-0.02 23.81,-0.71 1.32,-0.15 4.22,-0.17 6.81,-2.89 2.03,-2.07 2.70,-6.77 2.70,-6.77 0,0 .67,-5.52 .67,-11.04 l 0,-5.17 c 0,-5.52 -0.67,-11.04 -0.67,-11.04 0,0 -0.66,-4.70 -2.70,-6.77 C 62.03,.86 59.13,.84 57.80,.69 48.28,0 34.00,0 34.00,0 33.97,0 19.69,0 10.18,.69 8.85,.84 5.95,.86 3.36,3.58 1.32,5.65 .66,10.35 .66,10.35 c 0,0 -0.55,4.50 -0.66,9.45 l 0,8.36 c .10,4.94 .66,9.45 .66,9.45 z\" fill=\"#1f1f1e\" ><\/path><path d=\"m 26.96,13.67 18.37,9.62 -18.37,9.55 -0.00,-19.17 z\" fill=\"#fff\"><\/path><path d=\"M 45.02,23.46 45.32,23.28 26.96,13.67 43.32,22.34 45.02,23.46 z\" fill=\"#ccc\"><\/path><\/svg><\/div> <\/div> <\/div><\/div><\/div>[\/vc_column_inner][vc_column_inner width=&#8220;1\/2&#8243;]<div id=\"ultimate-video-43769fb3a9266dfd\" class=\"ult-video  ult-adjust-bottom-margin ultimate-video-43769fb3a9266dfd ultv-5357 \"><div class=\"ultv-video ultv-aspect-ratio-16_9 ultv-subscribe-responsive-none\" data-videotype=\"uv_iframe\">\n\t\t\t\t\t\t<div class=\"ultv-video__outer-wrap\" data-autoplay=\"0\" data-device=\"false\"  data-iconbg=\"#3A3A3A\" data-overcolor=\"\" data-defaultbg=\"#1f1f1e\" data-defaultplay=\"defaulticon\"><div class=\"ultv-video__play\" data-src=\"https:\/\/www.youtube.com\/embed\/bGcKVozLC9Y?rel=0&amp;start&amp;end&amp;controls=1&amp;mute=0&amp;modestbranding=0&amp;autoplay=1\">\n\t\t\t\t\t\t\t\t<img decoding=\"async\" class=\"ultv-video__thumb\" src=\"https:\/\/i.ytimg.com\/vi\/bGcKVozLC9Y\/maxresdefault.jpg\"\/>\n\t\t\t\t\t\t\t\t<div class=\"ultv-video__play-icon  ultv-animation-none\" style=\"width:75px\"><svg height=\"100%\" version=\"1.1\" viewBox=\"0 0 68 48\" width=\"100%\"><path class=\"ultv-youtube-icon-bg\" d=\"m .66,37.62 c 0,0 .66,4.70 2.70,6.77 2.58,2.71 5.98,2.63 7.49,2.91 5.43,.52 23.10,.68 23.12,.68 .00,-1.3e-5 14.29,-0.02 23.81,-0.71 1.32,-0.15 4.22,-0.17 6.81,-2.89 2.03,-2.07 2.70,-6.77 2.70,-6.77 0,0 .67,-5.52 .67,-11.04 l 0,-5.17 c 0,-5.52 -0.67,-11.04 -0.67,-11.04 0,0 -0.66,-4.70 -2.70,-6.77 C 62.03,.86 59.13,.84 57.80,.69 48.28,0 34.00,0 34.00,0 33.97,0 19.69,0 10.18,.69 8.85,.84 5.95,.86 3.36,3.58 1.32,5.65 .66,10.35 .66,10.35 c 0,0 -0.55,4.50 -0.66,9.45 l 0,8.36 c .10,4.94 .66,9.45 .66,9.45 z\" fill=\"#1f1f1e\" ><\/path><path d=\"m 26.96,13.67 18.37,9.62 -18.37,9.55 -0.00,-19.17 z\" fill=\"#fff\"><\/path><path d=\"M 45.02,23.46 45.32,23.28 26.96,13.67 43.32,22.34 45.02,23.46 z\" fill=\"#ccc\"><\/path><\/svg><\/div> <\/div> <\/div><\/div><\/div>[\/vc_column_inner][\/vc_row_inner][\/vc_column][\/vc_row][\/vc_section][vc_section css_animation=&#8220;fadeIn&#8220; el_class=&#8220;uk-padding-large-bottom uk-padding-large-top border-bottom&#8220;][vc_row el_class=&#8220;uk-container&#8220;][vc_column][vc_custom_heading text=&#8220;Dostupn\u00e9 produkty&#8220; font_container=&#8220;tag:h2|text_align:center&#8220; use_theme_fonts=&#8220;yes&#8220; el_class=&#8220;ttl-h2-center&#8220;][vc_row_inner el_class=&#8220;uk-container uk-padding-top&#8220;][vc_column_inner][vc_column_text]Testov\u00e1n\u00ed prob\u00edh\u00e1 na <strong>odvod\u0148ovac\u00edch lisech VOLUTE\u2122<\/strong>, <strong>VOLUTE DUO\u2122<\/strong> v\u010detn\u011b p\u0159\u00edslu\u0161enstv\u00ed, jako je <strong>flokula\u010dn\u00ed stanice<\/strong>, \u010derpadla nebo dal\u0161\u00ed komponenty na vy\u017e\u00e1d\u00e1n\u00ed.<br \/>\n(Pilotn\u00ed test je za poplatek.)[\/vc_column_text][\/vc_column_inner][\/vc_row_inner][\/vc_column][\/vc_row][\/vc_section][vc_section css_animation=&#8220;fadeIn&#8220; el_class=&#8220;uk-padding-large-bottom uk-padding-large-top border-bottom&#8220; el_id=&#8220;freeSampleTest&#8220;][vc_row][vc_column][vc_custom_heading text=&#8220;Jak po\u017e\u00e1dat o pilotn\u00ed test&#8220; font_container=&#8220;tag:h2|text_align:center&#8220; use_theme_fonts=&#8220;yes&#8220; el_class=&#8220;ttl-h2-center&#8220;][\/vc_column][\/vc_row][vc_row el_class=&#8220;uk-container uk-container-medium uk-margin-medium step-box&#8220;][vc_column width=&#8220;3\/5&#8243;][vc_custom_heading text=&#8220;1. Popt\u00e1vka a konzultace&#8220; font_container=&#8220;tag:h3|text_align:left&#8220; use_theme_fonts=&#8220;yes&#8220; el_class=&#8220;c-green&#8220;][vc_column_text]Spojte se s n\u00e1mi pomoc\u00ed <strong>kontaktn\u00edho formul\u00e1\u0159e<\/strong>. Budeme pot\u0159ebovat informace o <strong>typu kalu<\/strong>, <strong>mno\u017estv\u00ed kalu<\/strong> a <strong>m\u00edst\u011b instalace.<\/strong>[\/vc_column_text][vc_column_text]<a class=\"uk-button uk-button-large uk-text-left uk-button-primary\" href=\"\/cs\/kontaktujte-nas\/\">Formul\u00e1\u0159 pro konzultaci a cenovou nab\u00eddku<i class=\"fa-solid fa-angle-right\"><\/i><\/a>[\/vc_column_text][\/vc_column][vc_column width=&#8220;2\/5&#8243;][vc_single_image image=&#8220;14499&#8243; img_size=&#8220;full&#8220;][\/vc_column][\/vc_row][vc_row el_class=&#8220;uk-container uk-container-medium uk-margin-medium step-box&#8220;][vc_column width=&#8220;3\/5&#8243;][vc_custom_heading text=&#8220;2. Bezplatn\u00e1 anal\u00fdza vzork\u016f kalu&#8220; font_container=&#8220;tag:h3|text_align:left&#8220; use_theme_fonts=&#8220;yes&#8220; el_class=&#8220;c-green&#8220;][vc_column_text]Pro <strong>bezprobl\u00e9mov\u00fd pr\u016fb\u011bh pilotn\u00edho testu<\/strong> doporu\u010dujeme prov\u00e9st <strong>anal\u00fdzu vzorku kalu<\/strong> p\u0159ed samotn\u00fdm pilotn\u00edm testem. Po\u0161lete n\u00e1m <strong>2 a\u017e 5 litr\u016f kalu<\/strong> v <strong>dob\u0159e uzav\u0159en\u00fdch a ozna\u010den\u00fdch n\u00e1dob\u00e1ch.<\/strong>[\/vc_column_text][vc_row_inner][vc_column_inner el_class=&#8220;bg-gray uk-padding-small&#8220;][vc_custom_heading text=&#8220;Adresa pro zas\u00edl\u00e1n\u00ed vzork\u016f kalu&#8220; font_container=&#8220;tag:h4|text_align:left&#8220; use_theme_fonts=&#8220;yes&#8220; el_class=&#8220;uk-h4 c-green uk-margin-small-bottom&#8220;][vc_column_text]<strong>AMCON Europe s.r.o. &#8211; laborato\u0159<\/strong><br \/>\nZa Trati 207, 252 19 Chr\u00e1\u0161\u0165any, Praha-z\u00e1pad, \u010cesk\u00e1 republika<br \/>\nTEL: +420 211 150 120[\/vc_column_text][\/vc_column_inner][\/vc_row_inner][\/vc_column][vc_column width=&#8220;2\/5&#8243;][vc_single_image image=&#8220;14507&#8243; img_size=&#8220;full&#8220;][\/vc_column][\/vc_row][vc_row el_class=&#8220;uk-container uk-container-medium uk-margin-medium step-box&#8220;][vc_column width=&#8220;3\/5&#8243;][vc_custom_heading text=&#8220;3. Prohl\u00eddka pracovi\u0161t\u011b&#8220; font_container=&#8220;tag:h3|text_align:left&#8220; use_theme_fonts=&#8220;yes&#8220; el_class=&#8220;c-green&#8220;][vc_column_text]Pokud je pot\u0159eba, <strong>nav\u0161t\u00edv\u00edme va\u0161e pracovi\u0161t\u011b<\/strong> nebo <strong>poskytneme telefonickou konzultaci<\/strong>. Zkontrolujeme, zda je v\u0161e p\u0159ipraveno pro pilotn\u00ed test, v\u010detn\u011b <strong>prostoru, p\u0159\u00edpojek<\/strong> a <strong>p\u0159\u00edpravy na likvidaci kalov\u00e9ho kol\u00e1\u010de a filtr\u00e1tu.<\/strong>[\/vc_column_text][\/vc_column][vc_column width=&#8220;2\/5&#8243;][vc_single_image image=&#8220;14597&#8243; img_size=&#8220;full&#8220;][\/vc_column][\/vc_row][vc_row el_class=&#8220;uk-container uk-container-medium uk-margin-medium step-box&#8220;][vc_column width=&#8220;3\/5&#8243;][vc_custom_heading text=&#8220;4. Doprava a pilotn\u00ed test&#8220; font_container=&#8220;tag:h3|text_align:left&#8220; use_theme_fonts=&#8220;yes&#8220; el_class=&#8220;c-green&#8220;][vc_column_text]Po <strong>doru\u010den\u00ed stroje na m\u00edsto<\/strong> a <strong>proveden\u00ed pot\u0159ebn\u00fdch nastaven\u00ed<\/strong> budete m\u00edt mo\u017enost vyhodnotit jeho v\u00fdkon. Po pilotn\u00edm testu obdr\u017e\u00edte <strong>podrobnou zpr\u00e1vu<\/strong>, kter\u00e1 v\u00e1m pom\u016f\u017ee <strong>p\u0159i rozhodov\u00e1n\u00ed.<\/strong>[\/vc_column_text][\/vc_column][vc_column width=&#8220;2\/5&#8243;][vc_single_image image=&#8220;16496&#8243; img_size=&#8220;full&#8220;][\/vc_column][\/vc_row][\/vc_section][vc_section][vc_row el_class=&#8220;uk-container uk-padding-large-top uk-padding-large-bottom&#8220;][vc_column width=&#8220;1\/6&#8243;][\/vc_column][vc_column width=&#8220;2\/6&#8243;][vc_single_image image=&#8220;18106&#8243; img_size=&#8220;full&#8220; onclick=&#8220;custom_link&#8220; link=&#8220;\/cs\/bezplatna-analyza-vzorku-kalu\/&#8220;][\/vc_column][vc_column width=&#8220;2\/6&#8243;][vc_single_image image=&#8220;20511&#8243; img_size=&#8220;full&#8220; onclick=&#8220;custom_link&#8220; link=&#8220;\/cs\/pronajem-lisu-na-odvodnovani-kalu\/&#8220;][\/vc_column][vc_column width=&#8220;1\/6&#8243;][\/vc_column][\/vc_row][\/vc_section]<\/p>\n<\/section>","protected":false},"excerpt":{"rendered":"<p>[vc_section el_class=&#8220;border-bottom&#8220;][vc_row el_class=&#8220;uk-container uk-padding-top uk-padding-bottom&#8220;][vc_column][vc_custom_heading text=&#8220;Pilotn\u00ed test&#8220; font_container=&#8220;tag:h1|text_align:left&#8220; use_theme_fonts=&#8220;yes&#8220; el_class=&#8220;ttl-h1&#8243;][vc_custom_heading text=&#8220;Mo\u017en\u00e1 se pt\u00e1te&#8230; \u201eChceme zjistit, jak VOLUTE\u2122 odvod\u0148uje n\u00e1\u0161 kal v re\u00e1ln\u00fdch podm\u00ednk\u00e1ch.\u201c \u201ePl\u00e1nujeme v\u00fdm\u011bnu st\u00e1vaj\u00edc\u00edho odvod\u0148ovac\u00edho za\u0159\u00edzen\u00ed a r\u00e1di bychom vyzkou\u0161eli jin\u00e9 jednotky.\u201c \u201eChceme poprv\u00e9 nainstalovat odvod\u0148ovac\u00ed lis a m\u00e1me obavy z jeho provozu a \u00fadr\u017eby.\u201c&#8220; use_theme_fonts=&#8220;yes&#8220; el_class=&#8220;ttl-h2 c-green&#8220;][vc_column_text]Pokud ano, pilotn\u00ed test je pro v\u00e1s tou spr\u00e1vnou volbou. Spole\u010dnost AMCON doveze a nainstaluje pilotn\u00ed odvod\u0148ovac\u00ed jednotku a provede zkou\u0161ku odvodn\u011bn\u00ed na va\u0161em kalu. Je to jedine\u010dn\u00e1 p\u0159\u00edle\u017eitost, jak sledovat v\u00fdkon lisu v re\u00e1ln\u00fdch podm\u00ednk\u00e1ch, jeho provozn\u00ed vlastnosti a \u00fadr\u017ebu. Na\u0161i z\u00e1kazn\u00edci oce\u0148uj\u00ed pilotn\u00ed testy, kter\u00e9 jim pom\u00e1haj\u00ed p\u0159ekonat obavy a usnad\u0148uj\u00ed rozhodnut\u00ed o investici do nov\u00e9ho odvod\u0148ovac\u00edho za\u0159\u00edzen\u00ed.[\/vc_column_text][\/vc_column][\/vc_row][\/vc_section][vc_section css_animation=&#8220;fadeIn&#8220; <a href=\"https:\/\/www.amcon-eu.com\/cs\/pilotni-test\/\" class=\"more-link\">&#8230;<span class=\"screen-reader-text\">  Pilotn\u00ed test<\/span><\/a><\/p>\n","protected":false},"author":1,"featured_media":0,"parent":0,"menu_order":0,"comment_status":"closed","ping_status":"closed","template":"","meta":{"_acf_changed":false,"inline_featured_image":false,"footnotes":""},"class_list":["post-16398","page","type-page","status-publish","hentry"],"acf":[],"yoast_head":"<!-- This site is optimized with the Yoast SEO plugin v26.5 - https:\/\/yoast.com\/wordpress\/plugins\/seo\/ -->\n<title>Pilotn\u00ed test | AMCON Europe<\/title>\n<meta name=\"description\" content=\"Spole\u010dnost AMCON v\u00e1m nab\u00edz\u00ed mo\u017enost testov\u00e1n\u00ed odvod\u0148ovac\u00edho za\u0159\u00edzen\u00ed p\u0159\u00edmo na va\u0161\u00ed \u010dist\u00edrn\u011b odpadn\u00edch vod s pou\u017eit\u00edm skute\u010dn\u00e9ho kalu, kter\u00fd pot\u0159ebujete zpracovat.\" \/>\n<meta name=\"robots\" content=\"index, follow, max-snippet:-1, max-image-preview:large, max-video-preview:-1\" \/>\n<link rel=\"canonical\" href=\"https:\/\/www.amcon-eu.com\/cs\/pilotni-test\/\" \/>\n<meta property=\"og:locale\" content=\"cs_CZ\" \/>\n<meta property=\"og:type\" content=\"article\" \/>\n<meta property=\"og:title\" content=\"Pilotn\u00ed test | AMCON Europe\" \/>\n<meta property=\"og:description\" content=\"Spole\u010dnost AMCON v\u00e1m nab\u00edz\u00ed mo\u017enost testov\u00e1n\u00ed odvod\u0148ovac\u00edho za\u0159\u00edzen\u00ed p\u0159\u00edmo na va\u0161\u00ed \u010dist\u00edrn\u011b odpadn\u00edch vod s pou\u017eit\u00edm skute\u010dn\u00e9ho kalu, kter\u00fd pot\u0159ebujete zpracovat.\" \/>\n<meta property=\"og:url\" content=\"https:\/\/www.amcon-eu.com\/cs\/pilotni-test\/\" \/>\n<meta property=\"og:site_name\" content=\"AMCON Europe\" \/>\n<meta property=\"article:publisher\" content=\"https:\/\/www.facebook.com\/AMCON.Europe.sro\" \/>\n<meta property=\"article:modified_time\" content=\"2025-02-06T15:27:02+00:00\" \/>\n<meta property=\"og:image\" content=\"https:\/\/www.amcon-eu.com\/wp-content\/uploads\/2025\/06\/AMCON-Europe_site-image.png\" \/>\n\t<meta property=\"og:image:width\" content=\"1200\" \/>\n\t<meta property=\"og:image:height\" content=\"675\" \/>\n\t<meta property=\"og:image:type\" content=\"image\/png\" \/>\n<meta name=\"twitter:card\" content=\"summary_large_image\" \/>\n<meta name=\"twitter:label1\" content=\"Odhadovan\u00e1 doba \u010dten\u00ed\" \/>\n\t<meta name=\"twitter:data1\" content=\"2 minuty\" \/>\n<script type=\"application\/ld+json\" class=\"yoast-schema-graph\">{\"@context\":\"https:\/\/schema.org\",\"@graph\":[{\"@type\":\"WebPage\",\"@id\":\"https:\/\/www.amcon-eu.com\/cs\/pilotni-test\/\",\"url\":\"https:\/\/www.amcon-eu.com\/cs\/pilotni-test\/\",\"name\":\"Pilotn\u00ed test | AMCON Europe\",\"isPartOf\":{\"@id\":\"https:\/\/www.amcon-eu.com\/cs\/#website\"},\"datePublished\":\"2022-08-30T04:26:05+00:00\",\"dateModified\":\"2025-02-06T15:27:02+00:00\",\"description\":\"Spole\u010dnost AMCON v\u00e1m nab\u00edz\u00ed mo\u017enost testov\u00e1n\u00ed odvod\u0148ovac\u00edho za\u0159\u00edzen\u00ed p\u0159\u00edmo na va\u0161\u00ed \u010dist\u00edrn\u011b odpadn\u00edch vod s pou\u017eit\u00edm skute\u010dn\u00e9ho kalu, kter\u00fd pot\u0159ebujete zpracovat.\",\"breadcrumb\":{\"@id\":\"https:\/\/www.amcon-eu.com\/cs\/pilotni-test\/#breadcrumb\"},\"inLanguage\":\"cs\",\"potentialAction\":[{\"@type\":\"ReadAction\",\"target\":[\"https:\/\/www.amcon-eu.com\/cs\/pilotni-test\/\"]}]},{\"@type\":\"BreadcrumbList\",\"@id\":\"https:\/\/www.amcon-eu.com\/cs\/pilotni-test\/#breadcrumb\",\"itemListElement\":[{\"@type\":\"ListItem\",\"position\":1,\"name\":\"\u30db\u30fc\u30e0\",\"item\":\"https:\/\/www.amcon-eu.com\/cs\/\"},{\"@type\":\"ListItem\",\"position\":2,\"name\":\"Pilotn\u00ed test\"}]},{\"@type\":\"WebSite\",\"@id\":\"https:\/\/www.amcon-eu.com\/cs\/#website\",\"url\":\"https:\/\/www.amcon-eu.com\/cs\/\",\"name\":\"AMCON Europe\",\"description\":\"Pohodln\u00e9 odvod\u0148ov\u00e1n\u00ed kal\u016f\",\"potentialAction\":[{\"@type\":\"SearchAction\",\"target\":{\"@type\":\"EntryPoint\",\"urlTemplate\":\"https:\/\/www.amcon-eu.com\/cs\/?s={search_term_string}\"},\"query-input\":{\"@type\":\"PropertyValueSpecification\",\"valueRequired\":true,\"valueName\":\"search_term_string\"}}],\"inLanguage\":\"cs\"}]}<\/script>\n<!-- \/ Yoast SEO plugin. -->","yoast_head_json":{"title":"Pilotn\u00ed test | AMCON Europe","description":"Spole\u010dnost AMCON v\u00e1m nab\u00edz\u00ed mo\u017enost testov\u00e1n\u00ed odvod\u0148ovac\u00edho za\u0159\u00edzen\u00ed p\u0159\u00edmo na va\u0161\u00ed \u010dist\u00edrn\u011b odpadn\u00edch vod s pou\u017eit\u00edm skute\u010dn\u00e9ho kalu, kter\u00fd pot\u0159ebujete zpracovat.","robots":{"index":"index","follow":"follow","max-snippet":"max-snippet:-1","max-image-preview":"max-image-preview:large","max-video-preview":"max-video-preview:-1"},"canonical":"https:\/\/www.amcon-eu.com\/cs\/pilotni-test\/","og_locale":"cs_CZ","og_type":"article","og_title":"Pilotn\u00ed test | AMCON Europe","og_description":"Spole\u010dnost AMCON v\u00e1m nab\u00edz\u00ed mo\u017enost testov\u00e1n\u00ed odvod\u0148ovac\u00edho za\u0159\u00edzen\u00ed p\u0159\u00edmo na va\u0161\u00ed \u010dist\u00edrn\u011b odpadn\u00edch vod s pou\u017eit\u00edm skute\u010dn\u00e9ho kalu, kter\u00fd pot\u0159ebujete zpracovat.","og_url":"https:\/\/www.amcon-eu.com\/cs\/pilotni-test\/","og_site_name":"AMCON Europe","article_publisher":"https:\/\/www.facebook.com\/AMCON.Europe.sro","article_modified_time":"2025-02-06T15:27:02+00:00","og_image":[{"width":1200,"height":675,"url":"https:\/\/www.amcon-eu.com\/wp-content\/uploads\/2025\/06\/AMCON-Europe_site-image.png","type":"image\/png"}],"twitter_card":"summary_large_image","twitter_misc":{"Odhadovan\u00e1 doba \u010dten\u00ed":"2 minuty"},"schema":{"@context":"https:\/\/schema.org","@graph":[{"@type":"WebPage","@id":"https:\/\/www.amcon-eu.com\/cs\/pilotni-test\/","url":"https:\/\/www.amcon-eu.com\/cs\/pilotni-test\/","name":"Pilotn\u00ed test | AMCON Europe","isPartOf":{"@id":"https:\/\/www.amcon-eu.com\/cs\/#website"},"datePublished":"2022-08-30T04:26:05+00:00","dateModified":"2025-02-06T15:27:02+00:00","description":"Spole\u010dnost AMCON v\u00e1m nab\u00edz\u00ed mo\u017enost testov\u00e1n\u00ed odvod\u0148ovac\u00edho za\u0159\u00edzen\u00ed p\u0159\u00edmo na va\u0161\u00ed \u010dist\u00edrn\u011b odpadn\u00edch vod s pou\u017eit\u00edm skute\u010dn\u00e9ho kalu, kter\u00fd pot\u0159ebujete zpracovat.","breadcrumb":{"@id":"https:\/\/www.amcon-eu.com\/cs\/pilotni-test\/#breadcrumb"},"inLanguage":"cs","potentialAction":[{"@type":"ReadAction","target":["https:\/\/www.amcon-eu.com\/cs\/pilotni-test\/"]}]},{"@type":"BreadcrumbList","@id":"https:\/\/www.amcon-eu.com\/cs\/pilotni-test\/#breadcrumb","itemListElement":[{"@type":"ListItem","position":1,"name":"\u30db\u30fc\u30e0","item":"https:\/\/www.amcon-eu.com\/cs\/"},{"@type":"ListItem","position":2,"name":"Pilotn\u00ed test"}]},{"@type":"WebSite","@id":"https:\/\/www.amcon-eu.com\/cs\/#website","url":"https:\/\/www.amcon-eu.com\/cs\/","name":"AMCON Europe","description":"Pohodln\u00e9 odvod\u0148ov\u00e1n\u00ed kal\u016f","potentialAction":[{"@type":"SearchAction","target":{"@type":"EntryPoint","urlTemplate":"https:\/\/www.amcon-eu.com\/cs\/?s={search_term_string}"},"query-input":{"@type":"PropertyValueSpecification","valueRequired":true,"valueName":"search_term_string"}}],"inLanguage":"cs"}]}},"_links":{"self":[{"href":"https:\/\/www.amcon-eu.com\/cs\/wp-json\/wp\/v2\/pages\/16398","targetHints":{"allow":["GET"]}}],"collection":[{"href":"https:\/\/www.amcon-eu.com\/cs\/wp-json\/wp\/v2\/pages"}],"about":[{"href":"https:\/\/www.amcon-eu.com\/cs\/wp-json\/wp\/v2\/types\/page"}],"author":[{"embeddable":true,"href":"https:\/\/www.amcon-eu.com\/cs\/wp-json\/wp\/v2\/users\/1"}],"replies":[{"embeddable":true,"href":"https:\/\/www.amcon-eu.com\/cs\/wp-json\/wp\/v2\/comments?post=16398"}],"version-history":[{"count":12,"href":"https:\/\/www.amcon-eu.com\/cs\/wp-json\/wp\/v2\/pages\/16398\/revisions"}],"predecessor-version":[{"id":18581,"href":"https:\/\/www.amcon-eu.com\/cs\/wp-json\/wp\/v2\/pages\/16398\/revisions\/18581"}],"wp:attachment":[{"href":"https:\/\/www.amcon-eu.com\/cs\/wp-json\/wp\/v2\/media?parent=16398"}],"curies":[{"name":"wp","href":"https:\/\/api.w.org\/{rel}","templated":true}]}}