{"id":13255,"date":"2022-08-01T17:38:50","date_gmt":"2022-08-01T15:38:50","guid":{"rendered":"http:\/\/amcon-eu.com\/zpracovani-kalu\/%e7%84%a1%e6%96%99%e6%b1%9a%e6%b3%a5%e3%82%b5%e3%83%b3%e3%83%97%e3%83%ab%e3%83%86%e3%82%b9%e3%83%88\/"},"modified":"2025-02-03T15:22:39","modified_gmt":"2025-02-03T14:22:39","slug":"bezplatna-analyza-vzorku-kalu","status":"publish","type":"page","link":"https:\/\/www.amcon-eu.com\/cs\/bezplatna-analyza-vzorku-kalu\/","title":{"rendered":"Bezplatn\u00e1 anal\u00fdza vzorku kalu"},"content":{"rendered":"<section class=\"wpb-content-wrapper\"><p>[vc_section el_class=&#8220;border-bottom&#8220;][vc_row el_class=&#8220;uk-container uk-padding-top uk-padding-bottom&#8220;][vc_column][vc_custom_heading text=&#8220;Bezplatn\u00e1 anal\u00fdza vzorku kalu&#8220; font_container=&#8220;tag:h1|text_align:left&#8220; use_theme_fonts=&#8220;yes&#8220; el_class=&#8220;ttl-h1&#8243;][vc_custom_heading text=&#8220;Zaj\u00edm\u00e1 v\u00e1s, jak se v\u00e1\u0161 kal bude odvod\u0148ovat pomoc\u00ed lisu VOLUTE\u2122?<br \/>\nChcete zjistit, kter\u00fd polymer bude pro v\u00e1s nejvhodn\u011bj\u0161\u00ed?&#8220; use_theme_fonts=&#8220;yes&#8220; el_class=&#8220;ttl-h2 c-green&#8220;][vc_column_text]Pokud hled\u00e1te <strong>spolehlivou, efektivn\u00ed a cenov\u011b v\u00fdhodnou technologii<\/strong> na odvod\u0148ov\u00e1n\u00ed kal\u016f, v\u011b\u0159\u00edme, \u017ee na\u0161e <strong>odvod\u0148ovac\u00ed lisy VOLUTE\u2122<\/strong> jsou spr\u00e1vnou volbou. Na rozd\u00edl od jin\u00fdch dodavatel\u016f, kte\u0159\u00ed mohou slibovat v\u00fdsledky bez podrobn\u011bj\u0161\u00ed anal\u00fdzy, spole\u010dnost <strong>AMCON<\/strong> klade d\u016fraz na <strong>d\u016fkladnou laboratorn\u00ed anal\u00fdzu vzork\u016f kalu<\/strong>, abychom mohli garantovat p\u0159esn\u00e9 v\u00fdsledky.<\/p>\n<p>Pro tento \u00fa\u010del vyu\u017e\u00edv\u00e1me na\u0161i <strong>vlastn\u00ed laborato\u0159<\/strong> a \u0161irokou nab\u00eddku <strong>flokulant\u016f YESfloc\u00ae<\/strong>, d\u00edky kter\u00fdm m\u016f\u017eeme p\u0159esn\u011b odhadnout v\u00fdsledky, jako je <strong>su\u0161ina kalov\u00e9ho kol\u00e1\u010de<\/strong>, <strong>kvalita filtr\u00e1tu<\/strong> (zachyt\u00e1v\u00e1n\u00ed nerozpustn\u00fdch l\u00e1tek) a <strong>spot\u0159eba flokulantu.<\/strong>[\/vc_column_text][\/vc_column][\/vc_row][\/vc_section][vc_section css_animation=&#8220;fadeIn&#8220; el_class=&#8220;uk-padding-large-bottom uk-padding-large-top border-bottom&#8220; el_id=&#8220;freeSampleTest&#8220;][vc_row][vc_column css_animation=&#8220;fadeIn&#8220;][vc_custom_heading text=&#8220;Jak z\u00edskat bezplatnou anal\u00fdzu vzorku kalu&#8220; font_container=&#8220;tag:h2|text_align:center&#8220; use_theme_fonts=&#8220;yes&#8220; el_class=&#8220;ttl-h2-center&#8220;][\/vc_column][\/vc_row][vc_row el_class=&#8220;uk-container uk-container-medium uk-margin-medium step-box&#8220;][vc_column css_animation=&#8220;none&#8220; width=&#8220;3\/5&#8243;][vc_custom_heading text=&#8220;1. Konzultace a \u017e\u00e1dost&#8220; font_container=&#8220;tag:h3|text_align:left&#8220; use_theme_fonts=&#8220;yes&#8220; el_class=&#8220;c-green&#8220;][vc_column_text]Nejd\u0159\u00edve n\u00e1m poskytnete <strong>podrobn\u00e9 informace<\/strong> o va\u0161\u00ed \u010dist\u00edrn\u011b, kalu a va\u0161ich <strong>po\u017eadavc\u00edch.<\/strong> Po vypln\u011bn\u00ed <strong>kontaktn\u00edho formul\u00e1\u0159e<\/strong> se s v\u00e1mi spoj\u00edme s dal\u0161\u00edmi pokyny pro zasl\u00e1n\u00ed vzork\u016f kalu.[\/vc_column_text][vc_column_text]<a class=\"uk-button uk-button-large uk-text-left uk-button-primary\" href=\"\/cs\/kontaktujte-nas\/\">Formul\u00e1\u0159 pro konzultaci<i class=\"fa-solid fa-angle-right\"><\/i><\/a>[\/vc_column_text][\/vc_column][vc_column width=&#8220;2\/5&#8243;][vc_single_image image=&#8220;14498&#8243; img_size=&#8220;full&#8220;][\/vc_column][\/vc_row][vc_row][vc_column][vc_column_text css_animation=&#8220;none&#8220;]<\/p>\n<div class=\"step-arrow\"><\/div>\n<p>[\/vc_column_text][\/vc_column][\/vc_row][vc_row el_class=&#8220;uk-container uk-container-medium uk-margin-medium step-box&#8220;][vc_column width=&#8220;3\/5&#8243;][vc_custom_heading text=&#8220;2. Zasl\u00e1n\u00ed vzorku kalu&#8220; font_container=&#8220;tag:h3|text_align:left&#8220; use_theme_fonts=&#8220;yes&#8220; el_class=&#8220;c-green&#8220;][vc_column_text]Za\u0161lete n\u00e1m <strong>2 a\u017e 5 litr\u016f kalu<\/strong> v <strong>dob\u0159e uzav\u0159en\u00fdch n\u00e1dob\u00e1ch<\/strong>, aby nedo\u0161lo k \u00faniku nebo po\u0161kozen\u00ed. <strong>N\u00e1doby pe\u010dliv\u011b ozna\u010dte<\/strong>, zejm\u00e9na pokud zas\u00edl\u00e1te <strong>v\u00edce vzork\u016f.<\/strong>[\/vc_column_text][vc_column_text]<\/p>\n<div class=\"bg-gray uk-padding-small\">\n<h4 class=\"uk-h4 c-green uk-margin-small-bottom\">Adresa pro zas\u00edl\u00e1n\u00ed vzork\u016f kalu<\/h4>\n<p><strong>AMCON Europe s.r.o. \u2013 laborato\u0159<\/strong><br \/>\nZa Trat\u00ed 207, 252 19 Chr\u00e1\u0161\u0165any, Praha-z\u00e1pad, \u010cesk\u00e1 republika<br \/>\nTEL : +420 211 150 120<\/div>\n<p>[\/vc_column_text][\/vc_column][vc_column width=&#8220;2\/5&#8243;][vc_single_image image=&#8220;14502&#8243; img_size=&#8220;full&#8220;][\/vc_column][\/vc_row][vc_row][vc_column][vc_column_text]<\/p>\n<div class=\"step-arrow\"><\/div>\n<p>[\/vc_column_text][\/vc_column][\/vc_row][vc_row el_class=&#8220;uk-container uk-container-medium uk-margin-medium step-box&#8220;][vc_column width=&#8220;3\/5&#8243;][vc_custom_heading text=&#8220;3. Anal\u00fdza kalu a m\u011b\u0159en\u00ed&#8220; font_container=&#8220;tag:h3|text_align:left&#8220; use_theme_fonts=&#8220;yes&#8220; el_class=&#8220;c-green&#8220;][vc_column_text]V na\u0161\u00ed <strong>laborato\u0159i provedeme podrobn\u00e9 testy vzork\u016f kalu.<\/strong> Tato anal\u00fdza obvykle trv\u00e1 <strong>n\u011bkolik dn\u00ed.<\/strong>[\/vc_column_text][\/vc_column][vc_column width=&#8220;2\/5&#8243;][vc_single_image image=&#8220;14506&#8243; img_size=&#8220;full&#8220;][\/vc_column][\/vc_row][vc_row][vc_column][vc_column_text]<\/p>\n<div class=\"step-arrow\"><\/div>\n<p>[\/vc_column_text][\/vc_column][\/vc_row][vc_row el_class=&#8220;uk-container uk-container-medium uk-margin-medium step-box&#8220;][vc_column width=&#8220;3\/5&#8243;][vc_custom_heading text=&#8220;4. Zpr\u00e1va o v\u00fdsledc\u00edch&#8220; font_container=&#8220;tag:h3|text_align:left&#8220; use_theme_fonts=&#8220;yes&#8220; el_class=&#8220;c-green&#8220;][vc_column_text]Po dokon\u010den\u00ed anal\u00fdzy obdr\u017e\u00edte <strong>podrobnou zpr\u00e1vu<\/strong>, kter\u00e1 zahrnuje o\u010dek\u00e1van\u00e9 v\u00fdsledky odvod\u0148ov\u00e1n\u00ed kalu pomoc\u00ed technologie <strong>VOLUTE\u2122.<\/strong> Na z\u00e1klad\u011b t\u011bchto informac\u00ed v\u00e1m tak\u00e9 m\u016f\u017eeme <strong>vypo\u010d\u00edtat n\u00e1vratnost investice<\/strong> a porovnat v\u00fdkonnost s va\u0161\u00ed sou\u010dasnou technologi\u00ed.<\/p>\n<p>T\u00edm z\u00edsk\u00e1te v\u0161echny <strong>pot\u0159ebn\u00e9 informace pro kvalifikovan\u00e9 rozhodnut\u00ed.<\/strong>[\/vc_column_text][\/vc_column][vc_column width=&#8220;2\/5&#8243;][vc_single_image image=&#8220;16342&#8243; img_size=&#8220;full&#8220;][\/vc_column][\/vc_row][\/vc_section][vc_section][vc_row el_class=&#8220;uk-container uk-padding-large-top uk-padding-large-bottom&#8220;][vc_column width=&#8220;1\/6&#8243;][\/vc_column][vc_column width=&#8220;2\/6&#8243;][vc_single_image image=&#8220;18116&#8243; img_size=&#8220;full&#8220; onclick=&#8220;custom_link&#8220; link=&#8220;\/cs\/pilotni-test\/&#8220;][\/vc_column][vc_column width=&#8220;2\/6&#8243;][vc_single_image image=&#8220;20511&#8243; img_size=&#8220;full&#8220; onclick=&#8220;custom_link&#8220; link=&#8220;\/cs\/pronajem-lisu-na-odvodnovani-kalu\/&#8220;][\/vc_column][vc_column width=&#8220;1\/6&#8243;][\/vc_column][\/vc_row][\/vc_section]<\/p>\n<\/section>","protected":false},"excerpt":{"rendered":"<p>[vc_section el_class=&#8220;border-bottom&#8220;][vc_row el_class=&#8220;uk-container uk-padding-top uk-padding-bottom&#8220;][vc_column][vc_custom_heading text=&#8220;Bezplatn\u00e1 anal\u00fdza vzorku kalu&#8220; font_container=&#8220;tag:h1|text_align:left&#8220; use_theme_fonts=&#8220;yes&#8220; el_class=&#8220;ttl-h1&#8243;][vc_custom_heading text=&#8220;Zaj\u00edm\u00e1 v\u00e1s, jak se v\u00e1\u0161 kal bude odvod\u0148ovat pomoc\u00ed lisu VOLUTE\u2122? Chcete zjistit, kter\u00fd polymer bude pro v\u00e1s nejvhodn\u011bj\u0161\u00ed?&#8220; use_theme_fonts=&#8220;yes&#8220; el_class=&#8220;ttl-h2 c-green&#8220;][vc_column_text]Pokud hled\u00e1te spolehlivou, efektivn\u00ed a cenov\u011b v\u00fdhodnou technologii na odvod\u0148ov\u00e1n\u00ed kal\u016f, v\u011b\u0159\u00edme, \u017ee na\u0161e odvod\u0148ovac\u00ed lisy VOLUTE\u2122 jsou spr\u00e1vnou volbou. Na rozd\u00edl od jin\u00fdch dodavatel\u016f, kte\u0159\u00ed mohou slibovat v\u00fdsledky bez podrobn\u011bj\u0161\u00ed anal\u00fdzy, spole\u010dnost AMCON klade d\u016fraz na d\u016fkladnou laboratorn\u00ed anal\u00fdzu vzork\u016f kalu, abychom mohli garantovat p\u0159esn\u00e9 v\u00fdsledky. Pro tento \u00fa\u010del vyu\u017e\u00edv\u00e1me na\u0161i vlastn\u00ed laborato\u0159 a \u0161irokou nab\u00eddku flokulant\u016f YESfloc\u00ae, d\u00edky kter\u00fdm m\u016f\u017eeme p\u0159esn\u011b odhadnout v\u00fdsledky, jako je su\u0161ina kalov\u00e9ho kol\u00e1\u010de, kvalita filtr\u00e1tu (zachyt\u00e1v\u00e1n\u00ed nerozpustn\u00fdch l\u00e1tek) a spot\u0159eba <a href=\"https:\/\/www.amcon-eu.com\/cs\/bezplatna-analyza-vzorku-kalu\/\" class=\"more-link\">&#8230;<span class=\"screen-reader-text\">  Bezplatn\u00e1 anal\u00fdza vzorku kalu<\/span><\/a><\/p>\n","protected":false},"author":1,"featured_media":0,"parent":0,"menu_order":10,"comment_status":"closed","ping_status":"closed","template":"","meta":{"_acf_changed":false,"inline_featured_image":false,"footnotes":""},"class_list":["post-13255","page","type-page","status-publish","hentry"],"acf":[],"yoast_head":"<!-- This site is optimized with the Yoast SEO plugin v26.5 - https:\/\/yoast.com\/wordpress\/plugins\/seo\/ -->\n<title>Bezplatn\u00e1 anal\u00fdza vzorku kalu | AMCON Europe<\/title>\n<meta name=\"description\" content=\"Pokud zva\u017eujete n\u00e1kup nov\u00e9ho stroje na odvod\u0148ov\u00e1n\u00ed kalu nebo modernizaci st\u00e1vaj\u00edc\u00edho za\u0159\u00edzen\u00ed, r\u00e1di bychom v\u00e1m nab\u00eddli\u00a0bezplatnou anal\u00fdzu vzorku kalu.\" \/>\n<meta name=\"robots\" content=\"index, follow, max-snippet:-1, max-image-preview:large, max-video-preview:-1\" \/>\n<link rel=\"canonical\" href=\"https:\/\/www.amcon-eu.com\/cs\/bezplatna-analyza-vzorku-kalu\/\" \/>\n<meta property=\"og:locale\" content=\"cs_CZ\" \/>\n<meta property=\"og:type\" content=\"article\" \/>\n<meta property=\"og:title\" content=\"Bezplatn\u00e1 anal\u00fdza vzorku kalu | AMCON Europe\" \/>\n<meta property=\"og:description\" content=\"Pokud zva\u017eujete n\u00e1kup nov\u00e9ho stroje na odvod\u0148ov\u00e1n\u00ed kalu nebo modernizaci st\u00e1vaj\u00edc\u00edho za\u0159\u00edzen\u00ed, r\u00e1di bychom v\u00e1m nab\u00eddli\u00a0bezplatnou anal\u00fdzu vzorku kalu.\" \/>\n<meta property=\"og:url\" content=\"https:\/\/www.amcon-eu.com\/cs\/bezplatna-analyza-vzorku-kalu\/\" \/>\n<meta property=\"og:site_name\" content=\"AMCON Europe\" \/>\n<meta property=\"article:publisher\" content=\"https:\/\/www.facebook.com\/AMCON.Europe.sro\" \/>\n<meta property=\"article:modified_time\" content=\"2025-02-03T14:22:39+00:00\" \/>\n<meta property=\"og:image\" content=\"https:\/\/www.amcon-eu.com\/wp-content\/uploads\/2025\/06\/AMCON-Europe_site-image.png\" \/>\n\t<meta property=\"og:image:width\" content=\"1200\" \/>\n\t<meta property=\"og:image:height\" content=\"675\" \/>\n\t<meta property=\"og:image:type\" content=\"image\/png\" \/>\n<meta name=\"twitter:card\" content=\"summary_large_image\" \/>\n<meta name=\"twitter:label1\" content=\"Odhadovan\u00e1 doba \u010dten\u00ed\" \/>\n\t<meta name=\"twitter:data1\" content=\"2 minuty\" \/>\n<script type=\"application\/ld+json\" class=\"yoast-schema-graph\">{\"@context\":\"https:\/\/schema.org\",\"@graph\":[{\"@type\":\"WebPage\",\"@id\":\"https:\/\/www.amcon-eu.com\/cs\/bezplatna-analyza-vzorku-kalu\/\",\"url\":\"https:\/\/www.amcon-eu.com\/cs\/bezplatna-analyza-vzorku-kalu\/\",\"name\":\"Bezplatn\u00e1 anal\u00fdza vzorku kalu | AMCON Europe\",\"isPartOf\":{\"@id\":\"https:\/\/www.amcon-eu.com\/cs\/#website\"},\"datePublished\":\"2022-08-01T15:38:50+00:00\",\"dateModified\":\"2025-02-03T14:22:39+00:00\",\"description\":\"Pokud zva\u017eujete n\u00e1kup nov\u00e9ho stroje na odvod\u0148ov\u00e1n\u00ed kalu nebo modernizaci st\u00e1vaj\u00edc\u00edho za\u0159\u00edzen\u00ed, r\u00e1di bychom v\u00e1m nab\u00eddli\u00a0bezplatnou anal\u00fdzu vzorku kalu.\",\"breadcrumb\":{\"@id\":\"https:\/\/www.amcon-eu.com\/cs\/bezplatna-analyza-vzorku-kalu\/#breadcrumb\"},\"inLanguage\":\"cs\",\"potentialAction\":[{\"@type\":\"ReadAction\",\"target\":[\"https:\/\/www.amcon-eu.com\/cs\/bezplatna-analyza-vzorku-kalu\/\"]}]},{\"@type\":\"BreadcrumbList\",\"@id\":\"https:\/\/www.amcon-eu.com\/cs\/bezplatna-analyza-vzorku-kalu\/#breadcrumb\",\"itemListElement\":[{\"@type\":\"ListItem\",\"position\":1,\"name\":\"\u30db\u30fc\u30e0\",\"item\":\"https:\/\/www.amcon-eu.com\/cs\/\"},{\"@type\":\"ListItem\",\"position\":2,\"name\":\"Bezplatn\u00e1 anal\u00fdza vzorku kalu\"}]},{\"@type\":\"WebSite\",\"@id\":\"https:\/\/www.amcon-eu.com\/cs\/#website\",\"url\":\"https:\/\/www.amcon-eu.com\/cs\/\",\"name\":\"AMCON Europe\",\"description\":\"Pohodln\u00e9 odvod\u0148ov\u00e1n\u00ed kal\u016f\",\"potentialAction\":[{\"@type\":\"SearchAction\",\"target\":{\"@type\":\"EntryPoint\",\"urlTemplate\":\"https:\/\/www.amcon-eu.com\/cs\/?s={search_term_string}\"},\"query-input\":{\"@type\":\"PropertyValueSpecification\",\"valueRequired\":true,\"valueName\":\"search_term_string\"}}],\"inLanguage\":\"cs\"}]}<\/script>\n<!-- \/ Yoast SEO plugin. -->","yoast_head_json":{"title":"Bezplatn\u00e1 anal\u00fdza vzorku kalu | AMCON Europe","description":"Pokud zva\u017eujete n\u00e1kup nov\u00e9ho stroje na odvod\u0148ov\u00e1n\u00ed kalu nebo modernizaci st\u00e1vaj\u00edc\u00edho za\u0159\u00edzen\u00ed, r\u00e1di bychom v\u00e1m nab\u00eddli\u00a0bezplatnou anal\u00fdzu vzorku kalu.","robots":{"index":"index","follow":"follow","max-snippet":"max-snippet:-1","max-image-preview":"max-image-preview:large","max-video-preview":"max-video-preview:-1"},"canonical":"https:\/\/www.amcon-eu.com\/cs\/bezplatna-analyza-vzorku-kalu\/","og_locale":"cs_CZ","og_type":"article","og_title":"Bezplatn\u00e1 anal\u00fdza vzorku kalu | AMCON Europe","og_description":"Pokud zva\u017eujete n\u00e1kup nov\u00e9ho stroje na odvod\u0148ov\u00e1n\u00ed kalu nebo modernizaci st\u00e1vaj\u00edc\u00edho za\u0159\u00edzen\u00ed, r\u00e1di bychom v\u00e1m nab\u00eddli\u00a0bezplatnou anal\u00fdzu vzorku kalu.","og_url":"https:\/\/www.amcon-eu.com\/cs\/bezplatna-analyza-vzorku-kalu\/","og_site_name":"AMCON Europe","article_publisher":"https:\/\/www.facebook.com\/AMCON.Europe.sro","article_modified_time":"2025-02-03T14:22:39+00:00","og_image":[{"width":1200,"height":675,"url":"https:\/\/www.amcon-eu.com\/wp-content\/uploads\/2025\/06\/AMCON-Europe_site-image.png","type":"image\/png"}],"twitter_card":"summary_large_image","twitter_misc":{"Odhadovan\u00e1 doba \u010dten\u00ed":"2 minuty"},"schema":{"@context":"https:\/\/schema.org","@graph":[{"@type":"WebPage","@id":"https:\/\/www.amcon-eu.com\/cs\/bezplatna-analyza-vzorku-kalu\/","url":"https:\/\/www.amcon-eu.com\/cs\/bezplatna-analyza-vzorku-kalu\/","name":"Bezplatn\u00e1 anal\u00fdza vzorku kalu | AMCON Europe","isPartOf":{"@id":"https:\/\/www.amcon-eu.com\/cs\/#website"},"datePublished":"2022-08-01T15:38:50+00:00","dateModified":"2025-02-03T14:22:39+00:00","description":"Pokud zva\u017eujete n\u00e1kup nov\u00e9ho stroje na odvod\u0148ov\u00e1n\u00ed kalu nebo modernizaci st\u00e1vaj\u00edc\u00edho za\u0159\u00edzen\u00ed, r\u00e1di bychom v\u00e1m nab\u00eddli\u00a0bezplatnou anal\u00fdzu vzorku kalu.","breadcrumb":{"@id":"https:\/\/www.amcon-eu.com\/cs\/bezplatna-analyza-vzorku-kalu\/#breadcrumb"},"inLanguage":"cs","potentialAction":[{"@type":"ReadAction","target":["https:\/\/www.amcon-eu.com\/cs\/bezplatna-analyza-vzorku-kalu\/"]}]},{"@type":"BreadcrumbList","@id":"https:\/\/www.amcon-eu.com\/cs\/bezplatna-analyza-vzorku-kalu\/#breadcrumb","itemListElement":[{"@type":"ListItem","position":1,"name":"\u30db\u30fc\u30e0","item":"https:\/\/www.amcon-eu.com\/cs\/"},{"@type":"ListItem","position":2,"name":"Bezplatn\u00e1 anal\u00fdza vzorku kalu"}]},{"@type":"WebSite","@id":"https:\/\/www.amcon-eu.com\/cs\/#website","url":"https:\/\/www.amcon-eu.com\/cs\/","name":"AMCON Europe","description":"Pohodln\u00e9 odvod\u0148ov\u00e1n\u00ed kal\u016f","potentialAction":[{"@type":"SearchAction","target":{"@type":"EntryPoint","urlTemplate":"https:\/\/www.amcon-eu.com\/cs\/?s={search_term_string}"},"query-input":{"@type":"PropertyValueSpecification","valueRequired":true,"valueName":"search_term_string"}}],"inLanguage":"cs"}]}},"_links":{"self":[{"href":"https:\/\/www.amcon-eu.com\/cs\/wp-json\/wp\/v2\/pages\/13255","targetHints":{"allow":["GET"]}}],"collection":[{"href":"https:\/\/www.amcon-eu.com\/cs\/wp-json\/wp\/v2\/pages"}],"about":[{"href":"https:\/\/www.amcon-eu.com\/cs\/wp-json\/wp\/v2\/types\/page"}],"author":[{"embeddable":true,"href":"https:\/\/www.amcon-eu.com\/cs\/wp-json\/wp\/v2\/users\/1"}],"replies":[{"embeddable":true,"href":"https:\/\/www.amcon-eu.com\/cs\/wp-json\/wp\/v2\/comments?post=13255"}],"version-history":[{"count":65,"href":"https:\/\/www.amcon-eu.com\/cs\/wp-json\/wp\/v2\/pages\/13255\/revisions"}],"predecessor-version":[{"id":20591,"href":"https:\/\/www.amcon-eu.com\/cs\/wp-json\/wp\/v2\/pages\/13255\/revisions\/20591"}],"wp:attachment":[{"href":"https:\/\/www.amcon-eu.com\/cs\/wp-json\/wp\/v2\/media?parent=13255"}],"curies":[{"name":"wp","href":"https:\/\/api.w.org\/{rel}","templated":true}]}}