{"id":11704,"date":"2022-08-30T06:27:27","date_gmt":"2022-08-30T04:27:27","guid":{"rendered":"http:\/\/amcon-eu.com\/%e8%a3%bd%e5%93%81%e4%bf%9d%e8%a8%bc%e3%81%a8%e3%82%a2%e3%83%95%e3%82%bf%e3%83%bc%e3%82%b5%e3%83%bc%e3%83%93%e3%82%b9\/"},"modified":"2026-03-06T11:23:48","modified_gmt":"2026-03-06T10:23:48","slug":"zarucni-a-pozarucni-servis","status":"publish","type":"page","link":"https:\/\/www.amcon-eu.com\/cs\/zarucni-a-pozarucni-servis\/","title":{"rendered":"Z\u00e1ru\u010dn\u00ed a poz\u00e1ru\u010dn\u00ed servis"},"content":{"rendered":"<section class=\"wpb-content-wrapper\"><p>[vc_section el_class=&#8220;border-bottom&#8220;][vc_row el_class=&#8220;uk-container uk-padding-top uk-padding-bottom&#8220;][vc_column][vc_custom_heading text=&#8220;Z\u00e1ru\u010dn\u00ed a poz\u00e1ru\u010dn\u00ed servis&#8220; font_container=&#8220;tag:h1|text_align:left&#8220; use_theme_fonts=&#8220;yes&#8220; el_class=&#8220;ttl-h1&#8243;][vc_column_text]Na\u0161e stroje jsou konstruov\u00e1ny tak, aby vydr\u017eely po desetilet\u00ed. V\u011b\u0159\u00edme, \u017ee <strong>spolehliv\u00fd dodavatel<\/strong> se nepozn\u00e1 jen podle hladk\u00e9ho prodeje, ale podle toho, jak <strong>se o v\u00e1s postar\u00e1, kdy\u017e dojde k ne\u010dekan\u00fdm situac\u00edm<\/strong>. A\u0165 u\u017e se jedn\u00e1 o <strong>m\u011bn\u00edc\u00ed se kalov\u00e9 podm\u00ednky<\/strong>, <strong>nep\u0159edv\u00eddan\u00e9 okolnosti<\/strong> nebo <strong>po\u0161kozen\u00e9 d\u00edly<\/strong>, budeme va\u0161\u00edm partnerem p\u0159i co nejrychlej\u0161\u00edm a nejpohodln\u011bj\u0161\u00edm \u0159e\u0161en\u00ed.<\/p>\n<p>A samoz\u0159ejm\u011b v\u00e1s podpo\u0159\u00edme v <strong>pravideln\u00e9 \u00fadr\u017eb\u011b<\/strong>, abychom zajistili <strong>spolehliv\u00fd a stabiln\u00ed v\u00fdkon odvod\u0148ov\u00e1n\u00ed<\/strong> po <strong>celou dobu \u017eivotnosti na\u0161ich stroj\u016f<\/strong>.<br \/>\nNa\u0161\u00edm c\u00edlem je <strong>dlouhodob\u00e1 spolupr\u00e1ce<\/strong> se z\u00e1kazn\u00edky. Nejv\u011bt\u0161\u00ed odm\u011bnou pro n\u00e1s je, kdy\u017e <strong>z\u00e1kazn\u00edci z\u016fst\u00e1vaj\u00ed spokojeni s na\u0161\u00ed technologi\u00ed<\/strong> a rozhodnou se pro dal\u0161\u00ed n\u00e1kup.[\/vc_column_text][\/vc_column][\/vc_row][\/vc_section][vc_section css_animation=&#8220;fadeIn&#8220; el_class=&#8220;border-bottom&#8220;][vc_row el_class=&#8220;uk-container uk-padding-large-top uk-padding-large-bottom&#8220;][vc_column][vc_custom_heading text=&#8220;Spolehliv\u00e1 dvoulet\u00e1 z\u00e1ruka&#8220; font_container=&#8220;tag:h2|text_align:center&#8220; use_theme_fonts=&#8220;yes&#8220; el_class=&#8220;ttl-h2-center&#8220;][vc_column_text]Na v\u0161echny v\u00fdrobky spole\u010dnosti AMCON poskytujeme standardn\u00ed <strong>dvouletou z\u00e1ruku<\/strong>, kterou lze prodlou\u017eit a\u017e na p\u011bt let. Tato z\u00e1ruka v\u00e1m poskytne klid, \u017ee v\u00e1\u0161 stroj bude po instalaci pln\u011b funk\u010dn\u00ed.<\/p>\n<div id=\"highlighter--hover-tools\" style=\"display: none;\">\n<div id=\"highlighter--hover-tools--container\">\n<div class=\"highlighter--icon highlighter--icon-copy\" title=\"Copy\"><\/div>\n<div class=\"highlighter--icon highlighter--icon-change-color\" title=\"Change Color\"><\/div>\n<div class=\"highlighter--icon highlighter--icon-delete\" title=\"Delete\"><\/div>\n<\/div>\n<\/div>\n<p>[\/vc_column_text][\/vc_column][\/vc_row][\/vc_section][vc_section css_animation=&#8220;fadeIn&#8220; el_class=&#8220;uk-padding-bottom uk-padding-large-top border-bottom&#8220;][vc_row][vc_column][vc_custom_heading text=&#8220;Opravy a poz\u00e1ru\u010dn\u00ed servis&#8220; font_container=&#8220;tag:h2|text_align:center&#8220; use_theme_fonts=&#8220;yes&#8220; el_class=&#8220;ttl-h2-center&#8220;][\/vc_column][\/vc_row][vc_row el_class=&#8220;uk-container uk-margin-medium&#8220;][vc_column][vc_column_text]V p\u0159\u00edpad\u011b <strong>pot\u00ed\u017e\u00ed s na\u0161imi stroji<\/strong> vyu\u017e\u00edv\u00e1me na\u0161i <strong>celosv\u011btovou prodejn\u00ed s\u00ed\u0165<\/strong>, abychom poskytli <strong>rychlou podporu<\/strong> a zajistili, \u017ee va\u0161e <strong>procesy \u010di\u0161t\u011bn\u00ed odpadn\u00edch vod nebudou naru\u0161eny<\/strong>. Nab\u00edz\u00edme tak\u00e9 <strong>online podporu<\/strong> z na\u0161\u00ed <strong>centr\u00e1ly v \u010cesk\u00e9 republice<\/strong>.<\/p>\n<p>Servisn\u00ed technici AMCON Europe a na\u0161i <strong>m\u00edstn\u00ed partne\u0159i<\/strong> nejen <strong>m\u011bn\u00ed vadn\u00e9 d\u00edly<\/strong>, ale tak\u00e9 <strong>kontroluj\u00ed kal, flokulaci a odvodn\u011bn\u00fd kalov\u00fd kol\u00e1\u010d<\/strong>. Provedou nezbytn\u00e9 <strong>provozn\u00ed \u00fapravy p\u0159\u00edmo na m\u00edst\u011b<\/strong>, co\u017e naz\u00fdv\u00e1me <strong>op\u011btovn\u00e9 uveden\u00ed do provozu<\/strong>. Proto nen\u00ed nutn\u00e9 zaji\u0161\u0165ovat n\u00e1hradn\u00ed za\u0159\u00edzen\u00ed b\u011bhem \u00fadr\u017eby.<\/p>\n<p>Nab\u00edz\u00edme tak\u00e9 <strong>pravideln\u00e9 servisn\u00ed kontroly<\/strong>, kter\u00e9 pom\u00e1haj\u00ed <strong>zabr\u00e1nit zhor\u0161en\u00ed odvodn\u011bn\u00ed<\/strong> a <strong>udr\u017euj\u00ed za\u0159\u00edzen\u00ed v optim\u00e1ln\u00edm stavu<\/strong>.<\/p>\n<div id=\"highlighter--hover-tools\" style=\"display: none;\">\n<div id=\"highlighter--hover-tools--container\">\n<div class=\"highlighter--icon highlighter--icon-copy\" title=\"Copy\"><\/div>\n<div class=\"highlighter--icon highlighter--icon-change-color\" title=\"Change Color\"><\/div>\n<div class=\"highlighter--icon highlighter--icon-delete\" title=\"Delete\"><\/div>\n<\/div>\n<\/div>\n<p>[\/vc_column_text][vc_row_inner el_class=&#8220;uk-margin-large&#8220;][vc_column_inner width=&#8220;1\/6&#8243; offset=&#8220;vc_hidden-sm vc_hidden-xs&#8220;][\/vc_column_inner][vc_column_inner width=&#8220;2\/6&#8243;][vc_single_image image=&#8220;19817&#8243; img_size=&#8220;full&#8220; alignment=&#8220;center&#8220; css=&#8220;.vc_custom_1738594066596{margin-bottom: 0px !important;padding-top: 0px !important;}&#8220;][\/vc_column_inner][vc_column_inner width=&#8220;2\/6&#8243;][vc_single_image image=&#8220;14653&#8243; img_size=&#8220;full&#8220; alignment=&#8220;center&#8220; css=&#8220;.vc_custom_1702643821485{margin-bottom: 0px !important;padding-top: 0px !important;}&#8220;][\/vc_column_inner][vc_column_inner width=&#8220;1\/6&#8243; offset=&#8220;vc_hidden-sm vc_hidden-xs&#8220;][\/vc_column_inner][\/vc_row_inner][\/vc_column][\/vc_row][\/vc_section][vc_section css_animation=&#8220;fadeIn&#8220; el_class=&#8220;border-bottom&#8220;][vc_row el_class=&#8220;uk-container uk-padding-large-top uk-padding-large-bottom&#8220;][vc_column][vc_custom_heading text=&#8220;Na\u0161i z\u00e1kazn\u00edci \u0159\u00edkaj\u00ed&#8220; font_container=&#8220;tag:h2|text_align:center&#8220; use_theme_fonts=&#8220;yes&#8220; el_class=&#8220;ttl-h2-center&#8220;][vc_row_inner el_class=&#8220;uk-container uk-padding-top&#8220;][vc_column_inner width=&#8220;1\/2&#8243;][vc_icon icon_fontawesome=&#8220;fas fa-user-circle&#8220; color=&#8220;grey&#8220; size=&#8220;xl&#8220; align=&#8220;center&#8220;][vc_custom_heading text=&#8220;Provozovatel \u010dist\u00edrny odpadn\u00edch vod pro tov\u00e1rnu na v\u00fdrobu n\u00e1poj\u016f&#8220; font_container=&#8220;tag:h3|text_align:left&#8220; use_theme_fonts=&#8220;yes&#8220; el_class=&#8220;ttl-h3&#8243;][vc_column_text]\u201eOcitl jsem se v situaci, kdy z odvod\u0148ovac\u00edho lisu nebyl vypou\u0161t\u011bn kal. Zavolal jsem AMCON a po\u017e\u00e1dal o pomoc. Ihned se mi v\u011bnovali a po telefonu m\u011b navedli, jak probl\u00e9m vy\u0159e\u0161it, a to tak jednodu\u0161e, \u017ee jsme spole\u010dn\u00fdmi silami probl\u00e9m vy\u0159e\u0161ili v r\u00e1mci n\u011bkolika minut.\u201c Jestli\u017ee se odvod\u0148ovac\u00ed lis zastav\u00ed, m\u00e1 to v\u017edy vliv na v\u00fdrobu, proto je pohotov\u00e1 spolupr\u00e1ce spole\u010dnosti AMCON v\u017edy vysoce cen\u011bna.[\/vc_column_text][\/vc_column_inner][vc_column_inner width=&#8220;1\/2&#8243;][vc_icon icon_fontawesome=&#8220;fas fa-user-circle&#8220; color=&#8220;grey&#8220; size=&#8220;xl&#8220; align=&#8220;center&#8220;][vc_custom_heading text=&#8220;Oper\u00e1tor \u010dist\u00edrny odpadn\u00edch vod pro tov\u00e1rnu na v\u00fdrobu kosmetiky&#8220; font_container=&#8220;tag:h3|text_align:left&#8220; use_theme_fonts=&#8220;yes&#8220; el_class=&#8220;ttl-h3&#8243;][vc_column_text]\u201eKv\u016fli person\u00e1ln\u00ed reorganizaci jsem byl p\u0159i\u0159azen do \u010dist\u00edrny odpadn\u00edch vod. M\u011bl jsem zna\u010dn\u00e9 obavy, proto\u017ee jsem nem\u011bl \u017e\u00e1dn\u00e9 zku\u0161enosti s obsluhou kalov\u00e9ho odvod\u0148ovac\u00edho lisu. Zakr\u00e1tko se na \u010dist\u00edrnu dostavil servisn\u00ed technik spole\u010dnosti AMCON, kter\u00fd mi obsluhu vysv\u011btlil a n\u00e1zorn\u011b uk\u00e1zal. Po jeho odchodu jsem m\u011bl pocit, \u017ee obsluhu stroje hrav\u011b zvl\u00e1dnu. Krom\u011b toho na m\u011b ud\u011blalo dojem jeho nad\u0161en\u00ed pro pr\u00e1ci. \u0158ekl mi: \u201eBudete-li pot\u0159ebovat pomoc, dejte n\u00e1m okam\u017eit\u011b v\u011bd\u011bt\u201c, a to mi dodalo odvahu.\u201c[\/vc_column_text][\/vc_column_inner][\/vc_row_inner][\/vc_column][\/vc_row][\/vc_section][vc_section css_animation=&#8220;fadeIn&#8220; el_class=&#8220;uk-padding-large-bottom uk-padding-large-top border-bottom&#8220; el_id=&#8220;freeSampleTest&#8220;][vc_row el_class=&#8220;uk-container&#8220;][vc_column][vc_custom_heading text=&#8220;Dotazy na opravy, \u00fadr\u017ebu a servis:&#8220; font_container=&#8220;tag:h3|text_align:center&#8220; use_theme_fonts=&#8220;yes&#8220; el_class=&#8220;ttl-h2 uk-text-center&#8220;][vc_custom_heading text=&#8220;AMCON Europe s.r.o. \u2013 Obchodn\u00ed odd\u011blen\u00ed&#8220; font_container=&#8220;tag:h4|text_align:center&#8220; use_theme_fonts=&#8220;yes&#8220; el_class=&#8220;uk-text-center&#8220;][\/vc_column][\/vc_row][vc_row el_class=&#8220;uk-container uk-container-medium uk-margin-medium step-box&#8220;][vc_column width=&#8220;3\/5&#8243;][vc_column_text el_class=&#8220;uk-text-bold uk-grid-margin uk-first-column&#8220;]<span class=\"c-green\">Pro konzultaci a cenovou nab\u00eddku n\u00e1s kontaktujte prost\u0159ednictv\u00edm na\u0161eho online formul\u00e1\u0159e nebo telefonicky.<\/span><\/p>\n<div>\n<p><span class=\"uk-text-large uk-text-bold\"><a href=\"tel:+420211150122\"><i class=\"fas fa-phone fa-flip-horizontal\"><\/i> +420 211 150 122<\/a><\/span><br \/>\n<span class=\"uk-text-small\">Pracovn\u00ed dny od 9:00 do 16:00 hodin.<\/span><\/p>\n<\/div>\n<div id=\"highlighter--hover-tools\" style=\"display: none;\">\n<div id=\"highlighter--hover-tools--container\">\n<div class=\"highlighter--icon highlighter--icon-copy\" title=\"Copy\"><\/div>\n<div class=\"highlighter--icon highlighter--icon-change-color\" title=\"Change Color\"><\/div>\n<div class=\"highlighter--icon highlighter--icon-delete\" title=\"Delete\"><\/div>\n<\/div>\n<\/div>\n<p>[\/vc_column_text][\/vc_column][vc_column width=&#8220;2\/5&#8243;][vc_column_text]<a class=\"uk-button uk-button-large uk-text-left uk-button-primary\" href=\"\/cs\/kontaktujte-nas\/\">Kontaktn\u00ed formul\u00e1\u0159<i class=\"fa-solid fa-angle-right\"><\/i><\/a>[\/vc_column_text][\/vc_column][\/vc_row][\/vc_section][vc_section][vc_row el_class=&#8220;uk-container uk-padding-large-top uk-padding-large-bottom&#8220;][vc_column width=&#8220;1\/3&#8243;][vc_single_image image=&#8220;18106&#8243; img_size=&#8220;full&#8220; onclick=&#8220;custom_link&#8220; link=&#8220;\/cs\/bezplatna-analyza-vzorku-kalu\/&#8220;][\/vc_column][vc_column width=&#8220;1\/3&#8243;][vc_single_image image=&#8220;18116&#8243; img_size=&#8220;full&#8220; onclick=&#8220;custom_link&#8220; link=&#8220;\/cs\/pilotni-test\/&#8220;][\/vc_column][vc_column width=&#8220;1\/3&#8243;][vc_single_image image=&#8220;20511&#8243; img_size=&#8220;full&#8220; onclick=&#8220;custom_link&#8220; link=&#8220;\/cs\/pronajem-lisu-na-odvodnovani-kalu\/&#8220;][\/vc_column][\/vc_row][\/vc_section]<\/p>\n<\/section>","protected":false},"excerpt":{"rendered":"<p>[vc_section el_class=&#8220;border-bottom&#8220;][vc_row el_class=&#8220;uk-container uk-padding-top uk-padding-bottom&#8220;][vc_column][vc_custom_heading text=&#8220;Z\u00e1ru\u010dn\u00ed a poz\u00e1ru\u010dn\u00ed servis&#8220; font_container=&#8220;tag:h1|text_align:left&#8220; use_theme_fonts=&#8220;yes&#8220; el_class=&#8220;ttl-h1&#8243;][vc_column_text]Na\u0161e stroje jsou konstruov\u00e1ny tak, aby vydr\u017eely po desetilet\u00ed. V\u011b\u0159\u00edme, \u017ee spolehliv\u00fd dodavatel se nepozn\u00e1 jen podle hladk\u00e9ho prodeje, ale podle toho, jak se o v\u00e1s postar\u00e1, kdy\u017e dojde k ne\u010dekan\u00fdm situac\u00edm. A\u0165 u\u017e se jedn\u00e1 o m\u011bn\u00edc\u00ed se kalov\u00e9 podm\u00ednky, nep\u0159edv\u00eddan\u00e9 okolnosti nebo po\u0161kozen\u00e9 d\u00edly, budeme va\u0161\u00edm partnerem p\u0159i co nejrychlej\u0161\u00edm a nejpohodln\u011bj\u0161\u00edm \u0159e\u0161en\u00ed. A samoz\u0159ejm\u011b v\u00e1s podpo\u0159\u00edme v pravideln\u00e9 \u00fadr\u017eb\u011b, abychom zajistili spolehliv\u00fd a stabiln\u00ed v\u00fdkon odvod\u0148ov\u00e1n\u00ed po celou dobu \u017eivotnosti na\u0161ich stroj\u016f. Na\u0161\u00edm c\u00edlem je dlouhodob\u00e1 spolupr\u00e1ce se z\u00e1kazn\u00edky. Nejv\u011bt\u0161\u00ed odm\u011bnou pro n\u00e1s je, kdy\u017e z\u00e1kazn\u00edci z\u016fst\u00e1vaj\u00ed spokojeni s na\u0161\u00ed technologi\u00ed a rozhodnou se pro dal\u0161\u00ed <a href=\"https:\/\/www.amcon-eu.com\/cs\/zarucni-a-pozarucni-servis\/\" class=\"more-link\">&#8230;<span class=\"screen-reader-text\">  Z\u00e1ru\u010dn\u00ed a poz\u00e1ru\u010dn\u00ed servis<\/span><\/a><\/p>\n","protected":false},"author":1,"featured_media":0,"parent":0,"menu_order":0,"comment_status":"closed","ping_status":"closed","template":"","meta":{"_acf_changed":false,"inline_featured_image":false,"footnotes":""},"class_list":["post-11704","page","type-page","status-publish","hentry"],"acf":[],"yoast_head":"<!-- This site is optimized with the Yoast SEO plugin v26.5 - https:\/\/yoast.com\/wordpress\/plugins\/seo\/ -->\n<title>Z\u00e1ru\u010dn\u00ed a poz\u00e1ru\u010dn\u00ed servis | AMCON Europe<\/title>\n<meta name=\"description\" content=\"Na\u0161\u00edm c\u00edlem je, aby na\u0161i z\u00e1kazn\u00edci mohli dlouhodob\u011b vyu\u017e\u00edvat na\u0161e v\u00fdrobky v optim\u00e1ln\u00edm stavu. Proto nab\u00edz\u00edme\u00a0dvouletou z\u00e1ruku\u00a0a\u00a0z\u00e1ru\u010dn\u00ed i poz\u00e1ru\u010dn\u00ed servis, abychom zajistili spokojenost a bezprobl\u00e9mov\u00fd provoz na\u0161ich technologi\u00ed.\" \/>\n<meta name=\"robots\" content=\"index, follow, max-snippet:-1, max-image-preview:large, max-video-preview:-1\" \/>\n<link rel=\"canonical\" href=\"https:\/\/www.amcon-eu.com\/cs\/zarucni-a-pozarucni-servis\/\" \/>\n<meta property=\"og:locale\" content=\"cs_CZ\" \/>\n<meta property=\"og:type\" content=\"article\" \/>\n<meta property=\"og:title\" content=\"Z\u00e1ru\u010dn\u00ed a poz\u00e1ru\u010dn\u00ed servis | AMCON Europe\" \/>\n<meta property=\"og:description\" content=\"Na\u0161\u00edm c\u00edlem je, aby na\u0161i z\u00e1kazn\u00edci mohli dlouhodob\u011b vyu\u017e\u00edvat na\u0161e v\u00fdrobky v optim\u00e1ln\u00edm stavu. Proto nab\u00edz\u00edme\u00a0dvouletou z\u00e1ruku\u00a0a\u00a0z\u00e1ru\u010dn\u00ed i poz\u00e1ru\u010dn\u00ed servis, abychom zajistili spokojenost a bezprobl\u00e9mov\u00fd provoz na\u0161ich technologi\u00ed.\" \/>\n<meta property=\"og:url\" content=\"https:\/\/www.amcon-eu.com\/cs\/zarucni-a-pozarucni-servis\/\" \/>\n<meta property=\"og:site_name\" content=\"AMCON Europe\" \/>\n<meta property=\"article:publisher\" content=\"https:\/\/www.facebook.com\/AMCON.Europe.sro\" \/>\n<meta property=\"article:modified_time\" content=\"2026-03-06T10:23:48+00:00\" \/>\n<meta property=\"og:image\" content=\"https:\/\/www.amcon-eu.com\/wp-content\/uploads\/2025\/06\/AMCON-Europe_site-image.png\" \/>\n\t<meta property=\"og:image:width\" content=\"1200\" \/>\n\t<meta property=\"og:image:height\" content=\"675\" \/>\n\t<meta property=\"og:image:type\" content=\"image\/png\" \/>\n<meta name=\"twitter:card\" content=\"summary_large_image\" \/>\n<meta name=\"twitter:label1\" content=\"Odhadovan\u00e1 doba \u010dten\u00ed\" \/>\n\t<meta name=\"twitter:data1\" content=\"4 minuty\" \/>\n<script type=\"application\/ld+json\" class=\"yoast-schema-graph\">{\"@context\":\"https:\/\/schema.org\",\"@graph\":[{\"@type\":\"WebPage\",\"@id\":\"https:\/\/www.amcon-eu.com\/cs\/zarucni-a-pozarucni-servis\/\",\"url\":\"https:\/\/www.amcon-eu.com\/cs\/zarucni-a-pozarucni-servis\/\",\"name\":\"Z\u00e1ru\u010dn\u00ed a poz\u00e1ru\u010dn\u00ed servis | AMCON Europe\",\"isPartOf\":{\"@id\":\"https:\/\/www.amcon-eu.com\/cs\/#website\"},\"datePublished\":\"2022-08-30T04:27:27+00:00\",\"dateModified\":\"2026-03-06T10:23:48+00:00\",\"description\":\"Na\u0161\u00edm c\u00edlem je, aby na\u0161i z\u00e1kazn\u00edci mohli dlouhodob\u011b vyu\u017e\u00edvat na\u0161e v\u00fdrobky v optim\u00e1ln\u00edm stavu. Proto nab\u00edz\u00edme\u00a0dvouletou z\u00e1ruku\u00a0a\u00a0z\u00e1ru\u010dn\u00ed i poz\u00e1ru\u010dn\u00ed servis, abychom zajistili spokojenost a bezprobl\u00e9mov\u00fd provoz na\u0161ich technologi\u00ed.\",\"breadcrumb\":{\"@id\":\"https:\/\/www.amcon-eu.com\/cs\/zarucni-a-pozarucni-servis\/#breadcrumb\"},\"inLanguage\":\"cs\",\"potentialAction\":[{\"@type\":\"ReadAction\",\"target\":[\"https:\/\/www.amcon-eu.com\/cs\/zarucni-a-pozarucni-servis\/\"]}]},{\"@type\":\"BreadcrumbList\",\"@id\":\"https:\/\/www.amcon-eu.com\/cs\/zarucni-a-pozarucni-servis\/#breadcrumb\",\"itemListElement\":[{\"@type\":\"ListItem\",\"position\":1,\"name\":\"\u30db\u30fc\u30e0\",\"item\":\"https:\/\/www.amcon-eu.com\/cs\/\"},{\"@type\":\"ListItem\",\"position\":2,\"name\":\"Z\u00e1ru\u010dn\u00ed a poz\u00e1ru\u010dn\u00ed servis\"}]},{\"@type\":\"WebSite\",\"@id\":\"https:\/\/www.amcon-eu.com\/cs\/#website\",\"url\":\"https:\/\/www.amcon-eu.com\/cs\/\",\"name\":\"AMCON Europe\",\"description\":\"Pohodln\u00e9 odvod\u0148ov\u00e1n\u00ed kal\u016f\",\"potentialAction\":[{\"@type\":\"SearchAction\",\"target\":{\"@type\":\"EntryPoint\",\"urlTemplate\":\"https:\/\/www.amcon-eu.com\/cs\/?s={search_term_string}\"},\"query-input\":{\"@type\":\"PropertyValueSpecification\",\"valueRequired\":true,\"valueName\":\"search_term_string\"}}],\"inLanguage\":\"cs\"}]}<\/script>\n<!-- \/ Yoast SEO plugin. -->","yoast_head_json":{"title":"Z\u00e1ru\u010dn\u00ed a poz\u00e1ru\u010dn\u00ed servis | AMCON Europe","description":"Na\u0161\u00edm c\u00edlem je, aby na\u0161i z\u00e1kazn\u00edci mohli dlouhodob\u011b vyu\u017e\u00edvat na\u0161e v\u00fdrobky v optim\u00e1ln\u00edm stavu. Proto nab\u00edz\u00edme\u00a0dvouletou z\u00e1ruku\u00a0a\u00a0z\u00e1ru\u010dn\u00ed i poz\u00e1ru\u010dn\u00ed servis, abychom zajistili spokojenost a bezprobl\u00e9mov\u00fd provoz na\u0161ich technologi\u00ed.","robots":{"index":"index","follow":"follow","max-snippet":"max-snippet:-1","max-image-preview":"max-image-preview:large","max-video-preview":"max-video-preview:-1"},"canonical":"https:\/\/www.amcon-eu.com\/cs\/zarucni-a-pozarucni-servis\/","og_locale":"cs_CZ","og_type":"article","og_title":"Z\u00e1ru\u010dn\u00ed a poz\u00e1ru\u010dn\u00ed servis | AMCON Europe","og_description":"Na\u0161\u00edm c\u00edlem je, aby na\u0161i z\u00e1kazn\u00edci mohli dlouhodob\u011b vyu\u017e\u00edvat na\u0161e v\u00fdrobky v optim\u00e1ln\u00edm stavu. Proto nab\u00edz\u00edme\u00a0dvouletou z\u00e1ruku\u00a0a\u00a0z\u00e1ru\u010dn\u00ed i poz\u00e1ru\u010dn\u00ed servis, abychom zajistili spokojenost a bezprobl\u00e9mov\u00fd provoz na\u0161ich technologi\u00ed.","og_url":"https:\/\/www.amcon-eu.com\/cs\/zarucni-a-pozarucni-servis\/","og_site_name":"AMCON Europe","article_publisher":"https:\/\/www.facebook.com\/AMCON.Europe.sro","article_modified_time":"2026-03-06T10:23:48+00:00","og_image":[{"width":1200,"height":675,"url":"https:\/\/www.amcon-eu.com\/wp-content\/uploads\/2025\/06\/AMCON-Europe_site-image.png","type":"image\/png"}],"twitter_card":"summary_large_image","twitter_misc":{"Odhadovan\u00e1 doba \u010dten\u00ed":"4 minuty"},"schema":{"@context":"https:\/\/schema.org","@graph":[{"@type":"WebPage","@id":"https:\/\/www.amcon-eu.com\/cs\/zarucni-a-pozarucni-servis\/","url":"https:\/\/www.amcon-eu.com\/cs\/zarucni-a-pozarucni-servis\/","name":"Z\u00e1ru\u010dn\u00ed a poz\u00e1ru\u010dn\u00ed servis | AMCON Europe","isPartOf":{"@id":"https:\/\/www.amcon-eu.com\/cs\/#website"},"datePublished":"2022-08-30T04:27:27+00:00","dateModified":"2026-03-06T10:23:48+00:00","description":"Na\u0161\u00edm c\u00edlem je, aby na\u0161i z\u00e1kazn\u00edci mohli dlouhodob\u011b vyu\u017e\u00edvat na\u0161e v\u00fdrobky v optim\u00e1ln\u00edm stavu. Proto nab\u00edz\u00edme\u00a0dvouletou z\u00e1ruku\u00a0a\u00a0z\u00e1ru\u010dn\u00ed i poz\u00e1ru\u010dn\u00ed servis, abychom zajistili spokojenost a bezprobl\u00e9mov\u00fd provoz na\u0161ich technologi\u00ed.","breadcrumb":{"@id":"https:\/\/www.amcon-eu.com\/cs\/zarucni-a-pozarucni-servis\/#breadcrumb"},"inLanguage":"cs","potentialAction":[{"@type":"ReadAction","target":["https:\/\/www.amcon-eu.com\/cs\/zarucni-a-pozarucni-servis\/"]}]},{"@type":"BreadcrumbList","@id":"https:\/\/www.amcon-eu.com\/cs\/zarucni-a-pozarucni-servis\/#breadcrumb","itemListElement":[{"@type":"ListItem","position":1,"name":"\u30db\u30fc\u30e0","item":"https:\/\/www.amcon-eu.com\/cs\/"},{"@type":"ListItem","position":2,"name":"Z\u00e1ru\u010dn\u00ed a poz\u00e1ru\u010dn\u00ed servis"}]},{"@type":"WebSite","@id":"https:\/\/www.amcon-eu.com\/cs\/#website","url":"https:\/\/www.amcon-eu.com\/cs\/","name":"AMCON Europe","description":"Pohodln\u00e9 odvod\u0148ov\u00e1n\u00ed kal\u016f","potentialAction":[{"@type":"SearchAction","target":{"@type":"EntryPoint","urlTemplate":"https:\/\/www.amcon-eu.com\/cs\/?s={search_term_string}"},"query-input":{"@type":"PropertyValueSpecification","valueRequired":true,"valueName":"search_term_string"}}],"inLanguage":"cs"}]}},"_links":{"self":[{"href":"https:\/\/www.amcon-eu.com\/cs\/wp-json\/wp\/v2\/pages\/11704","targetHints":{"allow":["GET"]}}],"collection":[{"href":"https:\/\/www.amcon-eu.com\/cs\/wp-json\/wp\/v2\/pages"}],"about":[{"href":"https:\/\/www.amcon-eu.com\/cs\/wp-json\/wp\/v2\/types\/page"}],"author":[{"embeddable":true,"href":"https:\/\/www.amcon-eu.com\/cs\/wp-json\/wp\/v2\/users\/1"}],"replies":[{"embeddable":true,"href":"https:\/\/www.amcon-eu.com\/cs\/wp-json\/wp\/v2\/comments?post=11704"}],"version-history":[{"count":48,"href":"https:\/\/www.amcon-eu.com\/cs\/wp-json\/wp\/v2\/pages\/11704\/revisions"}],"predecessor-version":[{"id":28491,"href":"https:\/\/www.amcon-eu.com\/cs\/wp-json\/wp\/v2\/pages\/11704\/revisions\/28491"}],"wp:attachment":[{"href":"https:\/\/www.amcon-eu.com\/cs\/wp-json\/wp\/v2\/media?parent=11704"}],"curies":[{"name":"wp","href":"https:\/\/api.w.org\/{rel}","templated":true}]}}