{"id":11520,"date":"2022-08-26T05:44:05","date_gmt":"2022-08-26T03:44:05","guid":{"rendered":"http:\/\/amcon-eu.com\/podminky-pouziti\/"},"modified":"2023-08-09T14:05:11","modified_gmt":"2023-08-09T12:05:11","slug":"podminky-pouziti","status":"publish","type":"page","link":"https:\/\/www.amcon-eu.com\/cs\/podminky-pouziti\/","title":{"rendered":"Podm\u00ednky pou\u017eit\u00ed"},"content":{"rendered":"&#13;\n<p>Tyto webov\u00e9 str\u00e1nky (d\u00e1le jen &#8222;webov\u00e9 str\u00e1nky&#8220;) provozuje spole\u010dnost AMCON Europe s.r.o., I\u010c: 24831115, se s\u00eddlem Za Trat\u00ed 207, 252 19 Chr\u00e1\u0161\u0165any, \u010cesk\u00e1 republika, zapsan\u00e1 v obchodn\u00edm rejst\u0159\u00edku veden\u00e9m M\u011bstsk\u00fdm soudem v Praze, odd\u00edl C, vlo\u017eka 178375 (d\u00e1le jen &#8222;Spole\u010dnost&#8220;) a jej\u00ed p\u0159idru\u017een\u00e9 spole\u010dnosti. Vezm\u011bte pros\u00edm na v\u011bdom\u00ed, \u017ee p\u0159i pou\u017e\u00edv\u00e1n\u00ed webov\u00fdch str\u00e1nek ur\u010dujeme, \u017ee souhlas\u00edte s n\u00e1sleduj\u00edc\u00edmi podm\u00ednkami pou\u017e\u00edv\u00e1n\u00ed.<\/p>&#13;\n&#13;\n<p>Podm\u00ednky mohou b\u00fdt zm\u011bn\u011bny. Po jejich zm\u011bn\u011b se zobraz\u00ed upraven\u00e1 verze. Po\u017e\u00e1d\u00e1me v\u00e1s o potvrzen\u00ed nov\u00fdch podm\u00ednek, kdykoli se zm\u011bn\u00ed.<\/p>&#13;\n&#13;\n<h3 class=\"wp-block-heading\">Od\u0161kodn\u011bn\u00ed<\/h3>&#13;\n&#13;\n<p>Spole\u010dnost a jej\u00ed p\u0159idru\u017een\u00e9 spole\u010dnosti se sna\u017e\u00ed prezentovat informace na webov\u00fdch str\u00e1nk\u00e1ch po pe\u010dliv\u00e9m potvrzen\u00ed a ov\u011b\u0159en\u00ed jejich pravosti. Spole\u010dnost a jej\u00ed p\u0159idru\u017een\u00e9 spole\u010dnosti v\u0161ak neru\u010d\u00ed za p\u0159esnost, u\u017eite\u010dnost, v\u010dasnost, bezpe\u010dnost a dal\u0161\u00ed podm\u00ednky, ani za n\u011b nenesou \u017e\u00e1dnou odpov\u011bdnost.<\/p>&#13;\n&#13;\n<p>Spole\u010dnost a jej\u00ed p\u0159idru\u017een\u00e9 spole\u010dnosti mohou informace na webov\u00fdch str\u00e1nk\u00e1ch m\u011bnit bez p\u0159edchoz\u00edho upozorn\u011bn\u00ed. Krom\u011b toho mohou pozastavit nebo zru\u0161it provoz webov\u00fdch str\u00e1nek bez p\u0159edchoz\u00edho upozorn\u011bn\u00ed. Spole\u010dnost a jej\u00ed p\u0159idru\u017een\u00e9 spole\u010dnosti v \u017e\u00e1dn\u00e9m p\u0159\u00edpad\u011b neodpov\u00eddaj\u00ed za \u0161kody zp\u016fsoben\u00e9 chybami v informac\u00edch, zm\u011bnou\/vymaz\u00e1n\u00edm informac\u00ed a pozastaven\u00edm nebo zru\u0161en\u00edm webov\u00fdch str\u00e1nek z jak\u00e9hokoli d\u016fvodu.<\/p>&#13;\n&#13;\n<h3 class=\"wp-block-heading\">Odkazov\u00e1n\u00ed na webov\u00e9 str\u00e1nky<\/h3>&#13;\n&#13;\n<p>Odkazov\u00e1n\u00ed na webov\u00e9 str\u00e1nky je v podstat\u011b zdarma. Ozna\u010dte pros\u00edm na\u0161i horn\u00ed str\u00e1nku<a href=\"http:\/\/amcon-eu.com\/cs\/\">\uff08http:\/\/amcon-eu.com\/\uff09<\/a>jako str\u00e1nku s odkazem. Adresy URL ostatn\u00edch str\u00e1nek mohou b\u00fdt zm\u011bn\u011bny nebo odstran\u011bny bez p\u0159edchoz\u00edho upozorn\u011bn\u00ed.<br\/>Spole\u010dnost \u017e\u00e1dn\u00fdm zp\u016fsobem neodpov\u00edd\u00e1 za jin\u00e9 webov\u00e9 str\u00e1nky, kter\u00e9 maj\u00ed odkaz na tyto webov\u00e9 str\u00e1nky.<br\/>Krom\u011b toho nebudou akceptov\u00e1ny odkazy z webov\u00fdch str\u00e1nek, kter\u00e9 spadaj\u00ed do n\u00e1sleduj\u00edc\u00edch kategori\u00ed.<\/p>&#13;\n\r\n<ul class=\"wp-block-list\">&#13;\n<li>Webov\u00e9 str\u00e1nky, kter\u00e9 poru\u0161uj\u00ed z\u00e1kony nebo ur\u00e1\u017eej\u00ed ve\u0159ejn\u00fd po\u0159\u00e1dek a mravy.<\/li>&#13;\n\r\n\r\n&#13;\n<li>Webov\u00e9 str\u00e1nky, kter\u00e9 obsahuj\u00ed obsah, kter\u00fd pomlouv\u00e1 spole\u010dnost, jej\u00ed p\u0159idru\u017een\u00e9 spole\u010dnosti, jej\u00ed produkty a slu\u017eby nebo po\u0161kozuje jejich pov\u011bst.<\/li>&#13;\n<\/ul>\r\n&#13;\n<h3 class=\"wp-block-heading\">Autorsk\u00e1 pr\u00e1va\/pr\u00e1va k ochrann\u00fdm zn\u00e1mk\u00e1m<\/h3>&#13;\n&#13;\n<p>Ve\u0161ker\u00e9 informace uveden\u00e9 na webov\u00fdch str\u00e1nk\u00e1ch jsou vlastnictv\u00edm spole\u010dnosti nebo jej\u00ed p\u0159idru\u017een\u00e9 spole\u010dnosti a jsou chr\u00e1n\u011bny autorsk\u00fdmi pr\u00e1vy jednotliv\u00fdch zem\u00ed a dal\u0161\u00edmi r\u016fzn\u00fdmi \u00famluvami a z\u00e1kony. Pou\u017eit\u00ed informac\u00ed bez povolen\u00ed pro jin\u00e9 ne\u017e osobn\u00ed pou\u017eit\u00ed nebo nad r\u00e1mec povolen\u00fd z\u00e1konem (v\u010detn\u011b reprodukce, \u00faprav, \u0161\u00ed\u0159en\u00ed a vkl\u00e1d\u00e1n\u00ed na jin\u00e9 webov\u00e9 str\u00e1nky atd.) je zak\u00e1z\u00e1no.<br\/>Ochrann\u00e9 zn\u00e1mky, n\u00e1zvy produkt\u016f a r\u016fzn\u00e1 loga pou\u017e\u00edvan\u00e1 na webov\u00fdch str\u00e1nk\u00e1ch jsou ochrann\u00e9 zn\u00e1mky nebo registrovan\u00e9 ochrann\u00e9 zn\u00e1mky, kter\u00e9 pat\u0159\u00ed spole\u010dnosti, jej\u00edm p\u0159idru\u017een\u00fdm spole\u010dnostem nebo vlastn\u00edkovi t\u011bchto pr\u00e1v. Pou\u017eit\u00ed t\u011bchto pr\u00e1v bez povolen\u00ed je zak\u00e1z\u00e1no z\u00e1kony o ochrann\u00fdch zn\u00e1mk\u00e1ch.<\/p>&#13;\n","protected":false},"excerpt":{"rendered":"<p>&#13; Tyto webov\u00e9 str\u00e1nky (d\u00e1le jen &#8222;webov\u00e9 str\u00e1nky&#8220;) provozuje spole\u010dnost AMCON Europe s.r.o., I\u010c: 24831115, se s\u00eddlem Za Trat\u00ed 207, 252 19 Chr\u00e1\u0161\u0165any, \u010cesk\u00e1 republika, zapsan\u00e1 v obchodn\u00edm rejst\u0159\u00edku veden\u00e9m M\u011bstsk\u00fdm soudem v Praze, odd\u00edl C, vlo\u017eka 178375 (d\u00e1le jen &#8222;Spole\u010dnost&#8220;) a jej\u00ed p\u0159idru\u017een\u00e9 spole\u010dnosti. Vezm\u011bte pros\u00edm na v\u011bdom\u00ed, \u017ee p\u0159i pou\u017e\u00edv\u00e1n\u00ed webov\u00fdch str\u00e1nek ur\u010dujeme, \u017ee souhlas\u00edte s n\u00e1sleduj\u00edc\u00edmi podm\u00ednkami pou\u017e\u00edv\u00e1n\u00ed. &#13; &#13; Podm\u00ednky mohou b\u00fdt zm\u011bn\u011bny. Po jejich zm\u011bn\u011b se zobraz\u00ed upraven\u00e1 verze. Po\u017e\u00e1d\u00e1me v\u00e1s o potvrzen\u00ed nov\u00fdch podm\u00ednek, kdykoli se zm\u011bn\u00ed. &#13; &#13; Od\u0161kodn\u011bn\u00ed &#13; &#13; Spole\u010dnost a jej\u00ed p\u0159idru\u017een\u00e9 spole\u010dnosti se sna\u017e\u00ed prezentovat informace na webov\u00fdch str\u00e1nk\u00e1ch po pe\u010dliv\u00e9m potvrzen\u00ed a ov\u011b\u0159en\u00ed jejich pravosti. Spole\u010dnost a jej\u00ed <a href=\"https:\/\/www.amcon-eu.com\/cs\/podminky-pouziti\/\" class=\"more-link\">&#8230;<span class=\"screen-reader-text\">  Podm\u00ednky pou\u017eit\u00ed<\/span><\/a><\/p>\n","protected":false},"author":1,"featured_media":0,"parent":0,"menu_order":2,"comment_status":"closed","ping_status":"closed","template":"page-tmp.php","meta":{"_acf_changed":false,"inline_featured_image":false,"footnotes":""},"class_list":["post-11520","page","type-page","status-publish","hentry"],"acf":[],"yoast_head":"<!-- This site is optimized with the Yoast SEO plugin v26.5 - https:\/\/yoast.com\/wordpress\/plugins\/seo\/ -->\n<title>Podm\u00ednky pou\u017eit\u00ed | AMCON Europe<\/title>\n<meta name=\"description\" content=\"Vezm\u011bte pros\u00edm na v\u011bdom\u00ed, \u017ee p\u0159i pou\u017e\u00edv\u00e1n\u00ed webov\u00fdch str\u00e1nek budeme pova\u017eovat, \u017ee jste souhlasili s t\u011bmito podm\u00ednkami pou\u017e\u00edv\u00e1n\u00ed.\" \/>\n<meta name=\"robots\" content=\"index, follow, max-snippet:-1, max-image-preview:large, max-video-preview:-1\" \/>\n<link rel=\"canonical\" href=\"https:\/\/www.amcon-eu.com\/cs\/podminky-pouziti\/\" \/>\n<meta property=\"og:locale\" content=\"cs_CZ\" \/>\n<meta property=\"og:type\" content=\"article\" \/>\n<meta property=\"og:title\" content=\"Podm\u00ednky pou\u017eit\u00ed | AMCON Europe\" \/>\n<meta property=\"og:description\" content=\"Vezm\u011bte pros\u00edm na v\u011bdom\u00ed, \u017ee p\u0159i pou\u017e\u00edv\u00e1n\u00ed webov\u00fdch str\u00e1nek budeme pova\u017eovat, \u017ee jste souhlasili s t\u011bmito podm\u00ednkami pou\u017e\u00edv\u00e1n\u00ed.\" \/>\n<meta property=\"og:url\" content=\"https:\/\/www.amcon-eu.com\/cs\/podminky-pouziti\/\" \/>\n<meta property=\"og:site_name\" content=\"AMCON Europe\" \/>\n<meta property=\"article:publisher\" content=\"https:\/\/www.facebook.com\/AMCON.Europe.sro\" \/>\n<meta property=\"article:modified_time\" content=\"2023-08-09T12:05:11+00:00\" \/>\n<meta property=\"og:image\" content=\"https:\/\/www.amcon-eu.com\/wp-content\/uploads\/2025\/06\/AMCON-Europe_site-image.png\" \/>\n\t<meta property=\"og:image:width\" content=\"1200\" \/>\n\t<meta property=\"og:image:height\" content=\"675\" \/>\n\t<meta property=\"og:image:type\" content=\"image\/png\" \/>\n<meta name=\"twitter:card\" content=\"summary_large_image\" \/>\n<meta name=\"twitter:label1\" content=\"Odhadovan\u00e1 doba \u010dten\u00ed\" \/>\n\t<meta name=\"twitter:data1\" content=\"2 minuty\" \/>\n<script type=\"application\/ld+json\" class=\"yoast-schema-graph\">{\"@context\":\"https:\/\/schema.org\",\"@graph\":[{\"@type\":\"WebPage\",\"@id\":\"https:\/\/www.amcon-eu.com\/cs\/podminky-pouziti\/\",\"url\":\"https:\/\/www.amcon-eu.com\/cs\/podminky-pouziti\/\",\"name\":\"Podm\u00ednky pou\u017eit\u00ed | AMCON Europe\",\"isPartOf\":{\"@id\":\"https:\/\/www.amcon-eu.com\/cs\/#website\"},\"datePublished\":\"2022-08-26T03:44:05+00:00\",\"dateModified\":\"2023-08-09T12:05:11+00:00\",\"description\":\"Vezm\u011bte pros\u00edm na v\u011bdom\u00ed, \u017ee p\u0159i pou\u017e\u00edv\u00e1n\u00ed webov\u00fdch str\u00e1nek budeme pova\u017eovat, \u017ee jste souhlasili s t\u011bmito podm\u00ednkami pou\u017e\u00edv\u00e1n\u00ed.\",\"breadcrumb\":{\"@id\":\"https:\/\/www.amcon-eu.com\/cs\/podminky-pouziti\/#breadcrumb\"},\"inLanguage\":\"cs\",\"potentialAction\":[{\"@type\":\"ReadAction\",\"target\":[\"https:\/\/www.amcon-eu.com\/cs\/podminky-pouziti\/\"]}]},{\"@type\":\"BreadcrumbList\",\"@id\":\"https:\/\/www.amcon-eu.com\/cs\/podminky-pouziti\/#breadcrumb\",\"itemListElement\":[{\"@type\":\"ListItem\",\"position\":1,\"name\":\"\u30db\u30fc\u30e0\",\"item\":\"https:\/\/www.amcon-eu.com\/cs\/\"},{\"@type\":\"ListItem\",\"position\":2,\"name\":\"Podm\u00ednky pou\u017eit\u00ed\"}]},{\"@type\":\"WebSite\",\"@id\":\"https:\/\/www.amcon-eu.com\/cs\/#website\",\"url\":\"https:\/\/www.amcon-eu.com\/cs\/\",\"name\":\"AMCON Europe\",\"description\":\"Pohodln\u00e9 odvod\u0148ov\u00e1n\u00ed kal\u016f\",\"potentialAction\":[{\"@type\":\"SearchAction\",\"target\":{\"@type\":\"EntryPoint\",\"urlTemplate\":\"https:\/\/www.amcon-eu.com\/cs\/?s={search_term_string}\"},\"query-input\":{\"@type\":\"PropertyValueSpecification\",\"valueRequired\":true,\"valueName\":\"search_term_string\"}}],\"inLanguage\":\"cs\"}]}<\/script>\n<!-- \/ Yoast SEO plugin. -->","yoast_head_json":{"title":"Podm\u00ednky pou\u017eit\u00ed | AMCON Europe","description":"Vezm\u011bte pros\u00edm na v\u011bdom\u00ed, \u017ee p\u0159i pou\u017e\u00edv\u00e1n\u00ed webov\u00fdch str\u00e1nek budeme pova\u017eovat, \u017ee jste souhlasili s t\u011bmito podm\u00ednkami pou\u017e\u00edv\u00e1n\u00ed.","robots":{"index":"index","follow":"follow","max-snippet":"max-snippet:-1","max-image-preview":"max-image-preview:large","max-video-preview":"max-video-preview:-1"},"canonical":"https:\/\/www.amcon-eu.com\/cs\/podminky-pouziti\/","og_locale":"cs_CZ","og_type":"article","og_title":"Podm\u00ednky pou\u017eit\u00ed | AMCON Europe","og_description":"Vezm\u011bte pros\u00edm na v\u011bdom\u00ed, \u017ee p\u0159i pou\u017e\u00edv\u00e1n\u00ed webov\u00fdch str\u00e1nek budeme pova\u017eovat, \u017ee jste souhlasili s t\u011bmito podm\u00ednkami pou\u017e\u00edv\u00e1n\u00ed.","og_url":"https:\/\/www.amcon-eu.com\/cs\/podminky-pouziti\/","og_site_name":"AMCON Europe","article_publisher":"https:\/\/www.facebook.com\/AMCON.Europe.sro","article_modified_time":"2023-08-09T12:05:11+00:00","og_image":[{"width":1200,"height":675,"url":"https:\/\/www.amcon-eu.com\/wp-content\/uploads\/2025\/06\/AMCON-Europe_site-image.png","type":"image\/png"}],"twitter_card":"summary_large_image","twitter_misc":{"Odhadovan\u00e1 doba \u010dten\u00ed":"2 minuty"},"schema":{"@context":"https:\/\/schema.org","@graph":[{"@type":"WebPage","@id":"https:\/\/www.amcon-eu.com\/cs\/podminky-pouziti\/","url":"https:\/\/www.amcon-eu.com\/cs\/podminky-pouziti\/","name":"Podm\u00ednky pou\u017eit\u00ed | AMCON Europe","isPartOf":{"@id":"https:\/\/www.amcon-eu.com\/cs\/#website"},"datePublished":"2022-08-26T03:44:05+00:00","dateModified":"2023-08-09T12:05:11+00:00","description":"Vezm\u011bte pros\u00edm na v\u011bdom\u00ed, \u017ee p\u0159i pou\u017e\u00edv\u00e1n\u00ed webov\u00fdch str\u00e1nek budeme pova\u017eovat, \u017ee jste souhlasili s t\u011bmito podm\u00ednkami pou\u017e\u00edv\u00e1n\u00ed.","breadcrumb":{"@id":"https:\/\/www.amcon-eu.com\/cs\/podminky-pouziti\/#breadcrumb"},"inLanguage":"cs","potentialAction":[{"@type":"ReadAction","target":["https:\/\/www.amcon-eu.com\/cs\/podminky-pouziti\/"]}]},{"@type":"BreadcrumbList","@id":"https:\/\/www.amcon-eu.com\/cs\/podminky-pouziti\/#breadcrumb","itemListElement":[{"@type":"ListItem","position":1,"name":"\u30db\u30fc\u30e0","item":"https:\/\/www.amcon-eu.com\/cs\/"},{"@type":"ListItem","position":2,"name":"Podm\u00ednky pou\u017eit\u00ed"}]},{"@type":"WebSite","@id":"https:\/\/www.amcon-eu.com\/cs\/#website","url":"https:\/\/www.amcon-eu.com\/cs\/","name":"AMCON Europe","description":"Pohodln\u00e9 odvod\u0148ov\u00e1n\u00ed kal\u016f","potentialAction":[{"@type":"SearchAction","target":{"@type":"EntryPoint","urlTemplate":"https:\/\/www.amcon-eu.com\/cs\/?s={search_term_string}"},"query-input":{"@type":"PropertyValueSpecification","valueRequired":true,"valueName":"search_term_string"}}],"inLanguage":"cs"}]}},"_links":{"self":[{"href":"https:\/\/www.amcon-eu.com\/cs\/wp-json\/wp\/v2\/pages\/11520","targetHints":{"allow":["GET"]}}],"collection":[{"href":"https:\/\/www.amcon-eu.com\/cs\/wp-json\/wp\/v2\/pages"}],"about":[{"href":"https:\/\/www.amcon-eu.com\/cs\/wp-json\/wp\/v2\/types\/page"}],"author":[{"embeddable":true,"href":"https:\/\/www.amcon-eu.com\/cs\/wp-json\/wp\/v2\/users\/1"}],"replies":[{"embeddable":true,"href":"https:\/\/www.amcon-eu.com\/cs\/wp-json\/wp\/v2\/comments?post=11520"}],"version-history":[{"count":9,"href":"https:\/\/www.amcon-eu.com\/cs\/wp-json\/wp\/v2\/pages\/11520\/revisions"}],"predecessor-version":[{"id":11533,"href":"https:\/\/www.amcon-eu.com\/cs\/wp-json\/wp\/v2\/pages\/11520\/revisions\/11533"}],"wp:attachment":[{"href":"https:\/\/www.amcon-eu.com\/cs\/wp-json\/wp\/v2\/media?parent=11520"}],"curies":[{"name":"wp","href":"https:\/\/api.w.org\/{rel}","templated":true}]}}