{"id":11469,"date":"2022-06-27T19:18:52","date_gmt":"2022-06-27T17:18:52","guid":{"rendered":"http:\/\/amcon-eu.com\/o-spolecnosti-amcon\/%e4%bc%9a%e7%a4%be%e6%83%85%e5%a0%b1\/"},"modified":"2025-12-02T09:00:11","modified_gmt":"2025-12-02T08:00:11","slug":"profil-spolecnosti","status":"publish","type":"page","link":"https:\/\/www.amcon-eu.com\/cs\/amcon-group\/profil-spolecnosti\/","title":{"rendered":"Profil spole\u010dnosti"},"content":{"rendered":"<section class=\"wpb-content-wrapper\"><p>[vc_section el_class=&#8220;border-bottom&#8220;][vc_row el_class=&#8220;uk-container uk-padding-top&#8220;][vc_column][vc_custom_heading text=&#8220;AMCON Europe \u2014 Profil spole\u010dnosti&#8220; font_container=&#8220;tag:h1|text_align:left&#8220; use_theme_fonts=&#8220;yes&#8220; el_class=&#8220;ttl-h1&#8243;][vc_column_text el_class=&#8220;border-bottom uk-padding-bottom uk-margin-medium-bottom&#8220;]<\/p>\n<p class=\"\">AMCON Europe s.r.o. je dce\u0159inou spole\u010dnost\u00ed japonsk\u00e9 mate\u0159sk\u00e9 firmy <strong>AMCON INC.<\/strong>, kter\u00e1 v devades\u00e1t\u00fdch letech minul\u00e9ho stolet\u00ed vyvinula zcela nov\u00fd odvod\u0148ovac\u00ed list <strong>VOLUTE\u2122<\/strong>, kter\u00fd vytvo\u0159il zcela novou kategorii tzv. <strong>\u0161roubov\u00fdch (\u0161nekov\u00fdch) multidisk odvod\u0148ovac\u00edch lis\u016f<\/strong>. Na\u0161im z\u00e1kazn\u00edk\u016fm nedod\u00e1v\u00e1me &#8222;pouze&#8220; <strong>technologie na zahu\u0161\u0165ov\u00e1n\u00ed a odvod\u0148ov\u00e1n\u00ed kal\u016f<\/strong>, ale tak\u00e9 poskytujeme <strong>souvisej\u00edc\u00ed slu\u017eby<\/strong> abychom na\u0161im z\u00e1kazn\u00edk\u016fm pomohli dosahovat jejich <strong>ekonomick\u00fdch a ekologick\u00fdch c\u00edl\u016f<\/strong>.<\/p>\n<p>[\/vc_column_text][vc_column_text]<\/p>\n<ul class=\"uk-flex uk-margin-large-bottom uk-grid\">\n<li class=\"uk-first-column\"><a class=\"textlink-hover\" href=\"#about01\">P\u0159ehled o spole\u010dnosti<i class=\"fa-solid fa-chevron-down uk-margin-small-left\"><\/i><\/a><\/li>\n<li><a class=\"textlink-hover\" href=\"#about02\">Kde n\u00e1s najdete<i class=\"fa-solid fa-chevron-down uk-margin-small-left\"><\/i><\/a><\/li>\n<li><a class=\"textlink-hover\" href=\"#about03\">Firemn\u00ed politiky<i class=\"fa-solid fa-chevron-down uk-margin-small-left\"><\/i><\/a><\/li>\n<\/ul>\n<p>[\/vc_column_text][\/vc_column][\/vc_row][\/vc_section][vc_section el_id=&#8220;about01&#8243; el_class=&#8220;border-bottom uk-padding-large-top&#8220;][vc_row el_class=&#8220;uk-container uk-container-medium uk-margin-large&#8220;][vc_column][vc_custom_heading text=&#8220;P\u0159ehled o spole\u010dnosti&#8220; font_container=&#8220;tag:h2|text_align:center&#8220; el_class=&#8220;ttl-h2-center uk-margin-large&#8220;][vc_single_image image=&#8220;16925&#8243; img_size=&#8220;full&#8220; el_class=&#8220;uk-margin uk-text-center&#8220;][vc_column_text el_class=&#8220;uk-margin-medium&#8220;]<\/p>\n<table class=\"uk-table uk-table-striped\">\n<colgroup>\n<col width=\"16%\" \/>\n<col width=\"84%\" \/> <\/colgroup>\n<tbody>\n<tr>\n<th>N\u00e1zev spole\u010dnosti:<\/th>\n<td>AMCON Europe s.r.o.<\/td>\n<\/tr>\n<tr>\n<th>Datum zalo\u017een\u00ed:<\/th>\n<td>duben 2011<\/td>\n<\/tr>\n<tr>\n<th>Adresa:<\/th>\n<td>Za Trat\u00ed 207, 252 19 Chr\u00e1\u0161\u0165any, Praha-z\u00e1pad, \u010cesk\u00e1 republika<\/td>\n<\/tr>\n<tr>\n<th>P\u016fsobnost:<\/th>\n<td>EMEA<\/td>\n<\/tr>\n<tr>\n<th>Specializace:<\/th>\n<td>V\u00fdvoj, v\u00fdroba a prodej odvod\u0148ovac\u00edch lis\u016f VOLUTE\u2122, dod\u00e1vky souvisej\u00edc\u00ed chemie a poskytov\u00e1n\u00ed slu\u017eeb t\u00fdkaj\u00edc\u00edch se spolehliv\u00e9ho odvod\u0148ov\u00e1n\u00ed kal\u016f.<\/td>\n<\/tr>\n<tr>\n<th>Registrovan\u00e9 licence:<\/th>\n<td>\n<div class=\"uk-flex uk-flex-bottom uk-flex-wrap\">\n<div class=\"uk-margin-right uk-margin-bottom\">Certifikace ISO 14001<br \/>\nCertifikace ISO 9001<\/div>\n<\/div>\n<\/td>\n<\/tr>\n<\/tbody>\n<\/table>\n<p>[\/vc_column_text][\/vc_column][\/vc_row][\/vc_section][vc_section el_id=&#8220;about02&#8243; el_class=&#8220;border-bottom uk-padding-large-top&#8220;][vc_row el_class=&#8220;uk-container uk-container-medium uk-margin-large&#8220;][vc_column][vc_custom_heading text=&#8220;Kde n\u00e1s najdete&#8220; font_container=&#8220;tag:h2|text_align:center&#8220; el_class=&#8220;ttl-h2-center uk-margin-large&#8220;][vc_column_text el_class=&#8220;uk-margin-large&#8220;]<\/p>\n<h3 class=\"ttl-h3\">AMCON Europe s.r.o.<\/h3>\n<div><iframe loading=\"lazy\" style=\"border: 0;\" src=\"https:\/\/www.google.com\/maps\/embed?pb=!1m18!1m12!1m3!1d68991.56235678913!2d14.296828873858383!3d50.01296193483736!2m3!1f0!2f0!3f0!3m2!1i1024!2i768!4f13.1!3m3!1m2!1s0x470bbc3196e62219%3A0x6cba3659a3b73d24!2sAMCON+Europe+s.r.o.!5e0!3m2!1scs!2scz!4v1535540015806\" width=\"100%\" height=\"450\" allowfullscreen=\"allowfullscreen\"><\/iframe><\/div>\n<table class=\"uk-table uk-table-striped\" style=\"border-top: 1px solid #333;\">\n<tbody>\n<tr>\n<th>Jak se k n\u00e1m dostanete<\/th>\n<td><i class=\"fas fa-bus\"><\/i> <strong>Autobus:<\/strong> zast\u00e1vka Rudn\u00e1 u n\u00e1dra\u017e\u00ed (linky 307, 308, 311, 380), 10 minut p\u011b\u0161ky.<br \/>\n<i class=\"fas fa-train\"><\/i> <strong>Vlakem:<\/strong> vlakov\u00e9 n\u00e1dra\u017e\u00ed Rudn\u00e1 u Prahy, 12 minut ch\u016fze.<br \/>\n<i class=\"fas fa-car\"><\/i> <strong>Autem:<\/strong> Chr\u00e1\u0161\u0165any, v\u00fdjezd Rudn\u00e1 z D5, mo\u017enost parkov\u00e1n\u00ed.<\/td>\n<\/tr>\n<\/tbody>\n<\/table>\n<p>[\/vc_column_text][\/vc_column][\/vc_row][\/vc_section][vc_section el_id=&#8220;about03&#8243; el_class=&#8220;border-bottom uk-padding-large-top&#8220;][vc_row el_class=&#8220;uk-container uk-container-medium uk-margin-large&#8220;][vc_column][vc_row_inner][vc_column_inner][vc_custom_heading text=&#8220;Firemn\u00ed politiky&#8220; font_container=&#8220;tag:h2|text_align:center&#8220; use_theme_fonts=&#8220;yes&#8220; el_class=&#8220;ttl-h2-center uk-margin-large&#8220;][\/vc_column_inner][\/vc_row_inner][vc_single_image image=&#8220;14754&#8243; img_size=&#8220;full&#8220; el_class=&#8220;uk-margin uk-text-center&#8220;][vc_row_inner el_class=&#8220;uk-margin-medium uk-flex uk-flex-wrap uk-grid&#8220;][vc_column_inner width=&#8220;5\/12&#8243;][vc_custom_heading text=&#8220;Firemn\u00ed filozofie&#8220; font_container=&#8220;tag:h3|text_align:left&#8220; use_theme_fonts=&#8220;yes&#8220; el_class=&#8220;c-green uk-text-bold&#8220;][vc_column_text el_class=&#8220;uk-heading-small&#8220;]\u201ePoskytovat technologie a souvisej\u00edc\u00ed slu\u017eby za hranicemi o\u010dek\u00e1v\u00e1n\u00ed na\u0161ich z\u00e1kazn\u00edk\u016f\u201c[\/vc_column_text][\/vc_column_inner][vc_column_inner width=&#8220;7\/12&#8243;][vc_custom_heading text=&#8220;Na\u0161e posl\u00e1n\u00ed&#8220; font_container=&#8220;tag:h4|text_align:left&#8220; use_theme_fonts=&#8220;yes&#8220; el_class=&#8220;ttl-h4&#8243;][vc_column_text el_class=&#8220;uk-margin uk-text-large&#8220;]P\u0159ekon\u00e1v\u00e1n\u00ed v\u00fdzev a hled\u00e1n\u00ed nov\u00fdch cest.[\/vc_column_text][vc_custom_heading text=&#8220;Politika managementu&#8220; font_container=&#8220;tag:h4|text_align:left&#8220; use_theme_fonts=&#8220;yes&#8220; el_class=&#8220;ttl-h4&#8243;][vc_column_text el_class=&#8220;uk-margin&#8220;]AMCON je t\u00fdm profesion\u00e1l\u016f, kter\u00fd si klade za c\u00edl poskytovat kvalitn\u00ed slu\u017eby s vyu\u017eit\u00edm modern\u00edch technologi\u00ed a odborn\u00e9ho p\u0159\u00edstupu. Usilujeme o p\u0159\u00ednos pro spole\u010dnost prost\u0159ednictv\u00edm produkt\u016f a slu\u017eeb, kter\u00e9 skute\u010dn\u011b vych\u00e1zej\u00ed z pot\u0159eb z\u00e1kazn\u00edk\u016f.<\/p>\n<ul class=\"uk-list uk-list-disc disc-green c-green\">\n<li><span class=\"c-black\">P\u0159ekon\u00e1v\u00e1me p\u0159ek\u00e1\u017eky a hled\u00e1me \u0159e\u0161en\u00ed pro z\u00e1kazn\u00edky pomoc\u00ed spolehliv\u00fdch a kvalitn\u00edch produkt\u016f.<\/span><\/li>\n<li><span class=\"c-black\">Chceme b\u00fdt firmou, kde ka\u017ed\u00fd m\u016f\u017ee profesn\u011b r\u016fst, rozv\u00edjet se a nach\u00e1zet v pr\u00e1ci radost s ostatn\u00edmi.<\/span><\/li>\n<li><span class=\"c-black\">Na\u0161\u00edm c\u00edlem je vz\u00e1jemn\u00fd prosp\u011bch a dlouhodob\u00e9, d\u016fv\u011bryhodn\u00e9 vztahy s partnery, postaven\u00e9 na udr\u017eiteln\u00e9m r\u016fstu.<\/span><\/li>\n<\/ul>\n<p>[\/vc_column_text][\/vc_column_inner][\/vc_row_inner][\/vc_column][\/vc_row][\/vc_section]<\/p>\n<\/section>","protected":false},"excerpt":{"rendered":"<p>[vc_section el_class=&#8220;border-bottom&#8220;][vc_row el_class=&#8220;uk-container uk-padding-top&#8220;][vc_column][vc_custom_heading text=&#8220;AMCON Europe \u2014 Profil spole\u010dnosti&#8220; font_container=&#8220;tag:h1|text_align:left&#8220; use_theme_fonts=&#8220;yes&#8220; el_class=&#8220;ttl-h1&#8243;][vc_column_text el_class=&#8220;border-bottom uk-padding-bottom uk-margin-medium-bottom&#8220;] AMCON Europe s.r.o. je dce\u0159inou spole\u010dnost\u00ed japonsk\u00e9 mate\u0159sk\u00e9 firmy AMCON INC., kter\u00e1 v devades\u00e1t\u00fdch letech minul\u00e9ho stolet\u00ed vyvinula zcela nov\u00fd odvod\u0148ovac\u00ed list VOLUTE\u2122, kter\u00fd vytvo\u0159il zcela novou kategorii tzv. \u0161roubov\u00fdch (\u0161nekov\u00fdch) multidisk odvod\u0148ovac\u00edch lis\u016f. Na\u0161im z\u00e1kazn\u00edk\u016fm nedod\u00e1v\u00e1me &#8222;pouze&#8220; technologie na zahu\u0161\u0165ov\u00e1n\u00ed a odvod\u0148ov\u00e1n\u00ed kal\u016f, ale tak\u00e9 poskytujeme souvisej\u00edc\u00ed slu\u017eby abychom na\u0161im z\u00e1kazn\u00edk\u016fm pomohli dosahovat jejich ekonomick\u00fdch a ekologick\u00fdch c\u00edl\u016f. [\/vc_column_text][vc_column_text] P\u0159ehled o spole\u010dnosti Kde n\u00e1s najdete Firemn\u00ed politiky [\/vc_column_text][\/vc_column][\/vc_row][\/vc_section][vc_section el_id=&#8220;about01&#8243; el_class=&#8220;border-bottom uk-padding-large-top&#8220;][vc_row el_class=&#8220;uk-container uk-container-medium uk-margin-large&#8220;][vc_column][vc_custom_heading text=&#8220;P\u0159ehled o spole\u010dnosti&#8220; font_container=&#8220;tag:h2|text_align:center&#8220; el_class=&#8220;ttl-h2-center uk-margin-large&#8220;][vc_single_image image=&#8220;16925&#8243; img_size=&#8220;full&#8220; el_class=&#8220;uk-margin uk-text-center&#8220;][vc_column_text el_class=&#8220;uk-margin-medium&#8220;] N\u00e1zev spole\u010dnosti: AMCON Europe s.r.o. Datum zalo\u017een\u00ed: duben 2011 <a href=\"https:\/\/www.amcon-eu.com\/cs\/amcon-group\/profil-spolecnosti\/\" class=\"more-link\">&#8230;<span class=\"screen-reader-text\">  Profil spole\u010dnosti<\/span><\/a><\/p>\n","protected":false},"author":1,"featured_media":0,"parent":11454,"menu_order":24,"comment_status":"closed","ping_status":"closed","template":"page-c.php","meta":{"_acf_changed":false,"inline_featured_image":false,"footnotes":""},"class_list":["post-11469","page","type-page","status-publish","hentry"],"acf":[],"yoast_head":"<!-- This site is optimized with the Yoast SEO plugin v26.5 - https:\/\/yoast.com\/wordpress\/plugins\/seo\/ -->\n<title>Profil spole\u010dnosti | AMCON Europe<\/title>\n<meta name=\"description\" content=\"Jsme specialist\u00e9 na odvod\u0148ov\u00e1n\u00ed kal\u016f. Na\u0161im z\u00e1kazn\u00edk\u016fm navrhujeme a dod\u00e1v\u00e1me \u0159e\u0161en\u00ed, kter\u00e9 mus\u00ed spl\u0148ovat n\u011bkolik z\u00e1kladn\u00edch podm\u00ednek: dosahovat dobr\u00fdch v\u00fdsledk\u016f, b\u00fdt jednodu\u0161e ovladateln\u00e9, m\u00edt n\u00edzkou spot\u0159ebu energie, m\u00edt celkov\u011b n\u00edzk\u00e9 provozn\u00ed n\u00e1klady, m\u00edt dlouhoudobou \u017eivotnost.\" \/>\n<meta name=\"robots\" content=\"index, follow, max-snippet:-1, max-image-preview:large, max-video-preview:-1\" \/>\n<link rel=\"canonical\" href=\"https:\/\/www.amcon-eu.com\/cs\/amcon-group\/profil-spolecnosti\/\" \/>\n<meta property=\"og:locale\" content=\"cs_CZ\" \/>\n<meta property=\"og:type\" content=\"article\" \/>\n<meta property=\"og:title\" content=\"Profil spole\u010dnosti | AMCON Europe\" \/>\n<meta property=\"og:description\" content=\"Jsme specialist\u00e9 na odvod\u0148ov\u00e1n\u00ed kal\u016f. Na\u0161im z\u00e1kazn\u00edk\u016fm navrhujeme a dod\u00e1v\u00e1me \u0159e\u0161en\u00ed, kter\u00e9 mus\u00ed spl\u0148ovat n\u011bkolik z\u00e1kladn\u00edch podm\u00ednek: dosahovat dobr\u00fdch v\u00fdsledk\u016f, b\u00fdt jednodu\u0161e ovladateln\u00e9, m\u00edt n\u00edzkou spot\u0159ebu energie, m\u00edt celkov\u011b n\u00edzk\u00e9 provozn\u00ed n\u00e1klady, m\u00edt dlouhoudobou \u017eivotnost.\" \/>\n<meta property=\"og:url\" content=\"https:\/\/www.amcon-eu.com\/cs\/amcon-group\/profil-spolecnosti\/\" \/>\n<meta property=\"og:site_name\" content=\"AMCON Europe\" \/>\n<meta property=\"article:publisher\" content=\"https:\/\/www.facebook.com\/AMCON.Europe.sro\" \/>\n<meta property=\"article:modified_time\" content=\"2025-12-02T08:00:11+00:00\" \/>\n<meta property=\"og:image\" content=\"https:\/\/www.amcon-eu.com\/wp-content\/uploads\/2025\/06\/AMCON-Europe_site-image.png\" \/>\n\t<meta property=\"og:image:width\" content=\"1200\" \/>\n\t<meta property=\"og:image:height\" content=\"675\" \/>\n\t<meta property=\"og:image:type\" content=\"image\/png\" \/>\n<meta name=\"twitter:card\" content=\"summary_large_image\" \/>\n<meta name=\"twitter:label1\" content=\"Odhadovan\u00e1 doba \u010dten\u00ed\" \/>\n\t<meta name=\"twitter:data1\" content=\"2 minuty\" \/>\n<script type=\"application\/ld+json\" class=\"yoast-schema-graph\">{\"@context\":\"https:\/\/schema.org\",\"@graph\":[{\"@type\":\"WebPage\",\"@id\":\"https:\/\/www.amcon-eu.com\/cs\/amcon-group\/profil-spolecnosti\/\",\"url\":\"https:\/\/www.amcon-eu.com\/cs\/amcon-group\/profil-spolecnosti\/\",\"name\":\"Profil spole\u010dnosti | AMCON Europe\",\"isPartOf\":{\"@id\":\"https:\/\/www.amcon-eu.com\/cs\/#website\"},\"datePublished\":\"2022-06-27T17:18:52+00:00\",\"dateModified\":\"2025-12-02T08:00:11+00:00\",\"description\":\"Jsme specialist\u00e9 na odvod\u0148ov\u00e1n\u00ed kal\u016f. Na\u0161im z\u00e1kazn\u00edk\u016fm navrhujeme a dod\u00e1v\u00e1me \u0159e\u0161en\u00ed, kter\u00e9 mus\u00ed spl\u0148ovat n\u011bkolik z\u00e1kladn\u00edch podm\u00ednek: dosahovat dobr\u00fdch v\u00fdsledk\u016f, b\u00fdt jednodu\u0161e ovladateln\u00e9, m\u00edt n\u00edzkou spot\u0159ebu energie, m\u00edt celkov\u011b n\u00edzk\u00e9 provozn\u00ed n\u00e1klady, m\u00edt dlouhoudobou \u017eivotnost.\",\"breadcrumb\":{\"@id\":\"https:\/\/www.amcon-eu.com\/cs\/amcon-group\/profil-spolecnosti\/#breadcrumb\"},\"inLanguage\":\"cs\",\"potentialAction\":[{\"@type\":\"ReadAction\",\"target\":[\"https:\/\/www.amcon-eu.com\/cs\/amcon-group\/profil-spolecnosti\/\"]}]},{\"@type\":\"BreadcrumbList\",\"@id\":\"https:\/\/www.amcon-eu.com\/cs\/amcon-group\/profil-spolecnosti\/#breadcrumb\",\"itemListElement\":[{\"@type\":\"ListItem\",\"position\":1,\"name\":\"\u30db\u30fc\u30e0\",\"item\":\"https:\/\/www.amcon-eu.com\/cs\/\"},{\"@type\":\"ListItem\",\"position\":2,\"name\":\"AMCON Group\",\"item\":\"https:\/\/www.amcon-eu.com\/cs\/amcon-group\/\"},{\"@type\":\"ListItem\",\"position\":3,\"name\":\"Profil spole\u010dnosti\"}]},{\"@type\":\"WebSite\",\"@id\":\"https:\/\/www.amcon-eu.com\/cs\/#website\",\"url\":\"https:\/\/www.amcon-eu.com\/cs\/\",\"name\":\"AMCON Europe\",\"description\":\"Pohodln\u00e9 odvod\u0148ov\u00e1n\u00ed kal\u016f\",\"potentialAction\":[{\"@type\":\"SearchAction\",\"target\":{\"@type\":\"EntryPoint\",\"urlTemplate\":\"https:\/\/www.amcon-eu.com\/cs\/?s={search_term_string}\"},\"query-input\":{\"@type\":\"PropertyValueSpecification\",\"valueRequired\":true,\"valueName\":\"search_term_string\"}}],\"inLanguage\":\"cs\"}]}<\/script>\n<!-- \/ Yoast SEO plugin. -->","yoast_head_json":{"title":"Profil spole\u010dnosti | AMCON Europe","description":"Jsme specialist\u00e9 na odvod\u0148ov\u00e1n\u00ed kal\u016f. Na\u0161im z\u00e1kazn\u00edk\u016fm navrhujeme a dod\u00e1v\u00e1me \u0159e\u0161en\u00ed, kter\u00e9 mus\u00ed spl\u0148ovat n\u011bkolik z\u00e1kladn\u00edch podm\u00ednek: dosahovat dobr\u00fdch v\u00fdsledk\u016f, b\u00fdt jednodu\u0161e ovladateln\u00e9, m\u00edt n\u00edzkou spot\u0159ebu energie, m\u00edt celkov\u011b n\u00edzk\u00e9 provozn\u00ed n\u00e1klady, m\u00edt dlouhoudobou \u017eivotnost.","robots":{"index":"index","follow":"follow","max-snippet":"max-snippet:-1","max-image-preview":"max-image-preview:large","max-video-preview":"max-video-preview:-1"},"canonical":"https:\/\/www.amcon-eu.com\/cs\/amcon-group\/profil-spolecnosti\/","og_locale":"cs_CZ","og_type":"article","og_title":"Profil spole\u010dnosti | AMCON Europe","og_description":"Jsme specialist\u00e9 na odvod\u0148ov\u00e1n\u00ed kal\u016f. Na\u0161im z\u00e1kazn\u00edk\u016fm navrhujeme a dod\u00e1v\u00e1me \u0159e\u0161en\u00ed, kter\u00e9 mus\u00ed spl\u0148ovat n\u011bkolik z\u00e1kladn\u00edch podm\u00ednek: dosahovat dobr\u00fdch v\u00fdsledk\u016f, b\u00fdt jednodu\u0161e ovladateln\u00e9, m\u00edt n\u00edzkou spot\u0159ebu energie, m\u00edt celkov\u011b n\u00edzk\u00e9 provozn\u00ed n\u00e1klady, m\u00edt dlouhoudobou \u017eivotnost.","og_url":"https:\/\/www.amcon-eu.com\/cs\/amcon-group\/profil-spolecnosti\/","og_site_name":"AMCON Europe","article_publisher":"https:\/\/www.facebook.com\/AMCON.Europe.sro","article_modified_time":"2025-12-02T08:00:11+00:00","og_image":[{"width":1200,"height":675,"url":"https:\/\/www.amcon-eu.com\/wp-content\/uploads\/2025\/06\/AMCON-Europe_site-image.png","type":"image\/png"}],"twitter_card":"summary_large_image","twitter_misc":{"Odhadovan\u00e1 doba \u010dten\u00ed":"2 minuty"},"schema":{"@context":"https:\/\/schema.org","@graph":[{"@type":"WebPage","@id":"https:\/\/www.amcon-eu.com\/cs\/amcon-group\/profil-spolecnosti\/","url":"https:\/\/www.amcon-eu.com\/cs\/amcon-group\/profil-spolecnosti\/","name":"Profil spole\u010dnosti | AMCON Europe","isPartOf":{"@id":"https:\/\/www.amcon-eu.com\/cs\/#website"},"datePublished":"2022-06-27T17:18:52+00:00","dateModified":"2025-12-02T08:00:11+00:00","description":"Jsme specialist\u00e9 na odvod\u0148ov\u00e1n\u00ed kal\u016f. Na\u0161im z\u00e1kazn\u00edk\u016fm navrhujeme a dod\u00e1v\u00e1me \u0159e\u0161en\u00ed, kter\u00e9 mus\u00ed spl\u0148ovat n\u011bkolik z\u00e1kladn\u00edch podm\u00ednek: dosahovat dobr\u00fdch v\u00fdsledk\u016f, b\u00fdt jednodu\u0161e ovladateln\u00e9, m\u00edt n\u00edzkou spot\u0159ebu energie, m\u00edt celkov\u011b n\u00edzk\u00e9 provozn\u00ed n\u00e1klady, m\u00edt dlouhoudobou \u017eivotnost.","breadcrumb":{"@id":"https:\/\/www.amcon-eu.com\/cs\/amcon-group\/profil-spolecnosti\/#breadcrumb"},"inLanguage":"cs","potentialAction":[{"@type":"ReadAction","target":["https:\/\/www.amcon-eu.com\/cs\/amcon-group\/profil-spolecnosti\/"]}]},{"@type":"BreadcrumbList","@id":"https:\/\/www.amcon-eu.com\/cs\/amcon-group\/profil-spolecnosti\/#breadcrumb","itemListElement":[{"@type":"ListItem","position":1,"name":"\u30db\u30fc\u30e0","item":"https:\/\/www.amcon-eu.com\/cs\/"},{"@type":"ListItem","position":2,"name":"AMCON Group","item":"https:\/\/www.amcon-eu.com\/cs\/amcon-group\/"},{"@type":"ListItem","position":3,"name":"Profil spole\u010dnosti"}]},{"@type":"WebSite","@id":"https:\/\/www.amcon-eu.com\/cs\/#website","url":"https:\/\/www.amcon-eu.com\/cs\/","name":"AMCON Europe","description":"Pohodln\u00e9 odvod\u0148ov\u00e1n\u00ed kal\u016f","potentialAction":[{"@type":"SearchAction","target":{"@type":"EntryPoint","urlTemplate":"https:\/\/www.amcon-eu.com\/cs\/?s={search_term_string}"},"query-input":{"@type":"PropertyValueSpecification","valueRequired":true,"valueName":"search_term_string"}}],"inLanguage":"cs"}]}},"_links":{"self":[{"href":"https:\/\/www.amcon-eu.com\/cs\/wp-json\/wp\/v2\/pages\/11469","targetHints":{"allow":["GET"]}}],"collection":[{"href":"https:\/\/www.amcon-eu.com\/cs\/wp-json\/wp\/v2\/pages"}],"about":[{"href":"https:\/\/www.amcon-eu.com\/cs\/wp-json\/wp\/v2\/types\/page"}],"author":[{"embeddable":true,"href":"https:\/\/www.amcon-eu.com\/cs\/wp-json\/wp\/v2\/users\/1"}],"replies":[{"embeddable":true,"href":"https:\/\/www.amcon-eu.com\/cs\/wp-json\/wp\/v2\/comments?post=11469"}],"version-history":[{"count":20,"href":"https:\/\/www.amcon-eu.com\/cs\/wp-json\/wp\/v2\/pages\/11469\/revisions"}],"predecessor-version":[{"id":26554,"href":"https:\/\/www.amcon-eu.com\/cs\/wp-json\/wp\/v2\/pages\/11469\/revisions\/26554"}],"up":[{"embeddable":true,"href":"https:\/\/www.amcon-eu.com\/cs\/wp-json\/wp\/v2\/pages\/11454"}],"wp:attachment":[{"href":"https:\/\/www.amcon-eu.com\/cs\/wp-json\/wp\/v2\/media?parent=11469"}],"curies":[{"name":"wp","href":"https:\/\/api.w.org\/{rel}","templated":true}]}}